{"id":10,"date":"2022-02-09T14:04:51","date_gmt":"2022-02-09T14:04:51","guid":{"rendered":"https:\/\/ridextravel.com\/ridemybike\/?page_id=10"},"modified":"2025-07-11T16:18:06","modified_gmt":"2025-07-11T16:18:06","slug":"quem-somos","status":"publish","type":"page","link":"https:\/\/ridextravel.com\/ridemybike\/quem-somos\/","title":{"rendered":"QUEM SOMOS"},"content":{"rendered":"<div class=\"wpb-content-wrapper\">[vc_row full_width=&#8221;stretch_row&#8221;][vc_column][vc_column_text css=&#8221;&#8221;]<strong>Ridemybike<\/strong> \u00e9 sua loja de confian\u00e7a na hora de comprar a sua bicicleta online ou fisicamente. Aqui, reunimos todos os produtos e componentes de ciclismo dos quais precisa, com as melhores marcas al\u00e9m dos modelos de bicicletas mais modernos.<\/p>\n<blockquote><p>Se quer ter um ride com sucesso, n\u00e3o perca o seu tempo, o nosso tempo \u00e9 seu.<\/p><\/blockquote>\n[\/vc_column_text][\/vc_column][\/vc_row][vc_row full_width=&#8221;stretch_row&#8221; column_spacing=&#8221;5&#8243; gap=&#8221;10&#8243; equal_height=&#8221;yes&#8221; parallax=&#8221;content-moving&#8221; parallax_image=&#8221;2074&#8243; parallax_speed_bg=&#8221;1&#8243; typography_style=&#8221;light&#8221; wpex_bg_overlay=&#8221;dark&#8221; wpex_bg_overlay_color=&#8221;accent&#8221; css=&#8221;.vc_custom_1676461828512{padding-top: 1% !important;padding-bottom: 1% !important;}&#8221;][vc_column wpex_shadow=&#8221;shadow-lg&#8221; width=&#8221;1\/3&#8243; css=&#8221;.vc_custom_1676461762228{border-top-width: 1px !important;border-right-width: 1px !important;border-bottom-width: 1px !important;border-left-width: 1px !important;padding-top: 20px !important;padding-right: 20px !important;padding-bottom: 20px !important;padding-left: 20px !important;background-color: rgba(0,0,0,0.8) !important;*background-color: rgb(0,0,0) !important;border-left-color: rgba(255,255,255,0.8) !important;border-left-style: solid !important;border-right-color: rgba(255,255,255,0.8) !important;border-right-style: solid !important;border-top-color: rgba(255,255,255,0.8) !important;border-top-style: solid !important;border-bottom-color: rgba(255,255,255,0.8) !important;border-bottom-style: solid !important;border-radius: 15px !important;}&#8221;][vc_custom_heading text=&#8221;Nossa Miss\u00e3o&#8221; google_fonts=&#8221;font_family:Lato%3A100%2C100italic%2C300%2C300italic%2Cregular%2Citalic%2C700%2C700italic%2C900%2C900italic|font_style:300%20light%20regular%3A300%3Anormal&#8221;][vc_empty_space][vc_column_text css=&#8221;&#8221;]Oferecer um servi\u00e7o inovador e de alta qualidade atrav\u00e9s da nossa experi\u00eancia e conhecimento naquilo que mais nos apaixona, o ride de ciclismo, compreendendo as necessidades dos nossos clientes como parte de n\u00f3s, a fim de alcan\u00e7ar o ride com sucesso.[\/vc_column_text][vc_empty_space][\/vc_column][vc_column width=&#8221;1\/3&#8243;][vc_single_image image=&#8221;473&#8243; img_size=&#8221;300&#215;300&#8243; css_animation=&#8221;bounceIn&#8221; alignment=&#8221;center&#8221; style=&#8221;vc_box_outline_circle_2&#8243; border_color=&#8221;white&#8221; img_hover=&#8221;opacity&#8221;][\/vc_column][vc_column wpex_shadow=&#8221;shadow-lg&#8221; width=&#8221;1\/3&#8243; css=&#8221;.vc_custom_1676461754933{border-top-width: 1px !important;border-right-width: 1px !important;border-bottom-width: 1px !important;border-left-width: 1px !important;padding-top: 20px !important;padding-right: 20px !important;padding-bottom: 20px !important;padding-left: 20px !important;background-color: rgba(0,0,0,0.8) !important;*background-color: rgb(0,0,0) !important;border-left-color: rgba(255,255,255,0.8) !important;border-left-style: solid !important;border-right-color: rgba(255,255,255,0.8) !important;border-right-style: solid !important;border-top-color: rgba(255,255,255,0.8) !important;border-top-style: solid !important;border-bottom-color: rgba(255,255,255,0.8) !important;border-bottom-style: solid !important;border-radius: 15px !important;}&#8221;][vc_custom_heading text=&#8221;Nossa Vis\u00e3o&#8221; google_fonts=&#8221;font_family:Lato%3A100%2C100italic%2C300%2C300italic%2Cregular%2Citalic%2C700%2C700italic%2C900%2C900italic|font_style:300%20light%20regular%3A300%3Anormal&#8221; css=&#8221;&#8221;][vc_empty_space][vc_column_text css=&#8221;&#8221;]Ser a refer\u00eancia e l\u00edder em vendas online e fisicamente de equipamento de ciclismo e ser reconhecido por fornecer aos nossos clientes mais do que apenas produtos e sim, partilhar um hobby, que connosco t\u00eam uma experi\u00eancia de vida de excel\u00eancia e que em cada pedalada sentem a liberdade do sucesso que conseguem no ridemybike.[\/vc_column_text][vc_empty_space][\/vc_column][\/vc_row][vc_row full_width=&#8221;stretch_row_content&#8221; content_placement=&#8221;middle&#8221; equal_height=&#8221;yes&#8221; css=&#8221;.vc_custom_1676462316954{padding-top: 1% !important;padding-right: 5% !important;padding-bottom: 1% !important;padding-left: 5% !important;}&#8221;][vc_column width=&#8221;1\/2&#8243;]<style>.vcex-image-banner.vcex_69f72b831ed3f .vcex-ib-overlay-bg{background-color:#666666;}.vcex-image-banner.vcex_69f72b831ed3f .vcex-ib-title{font-family:'Lato',sans-serif;font-weight:300;}<\/style><a class=\"vcex-module vcex-image-banner vcex-image-banner-has-link wpex-no-underline wpex-flex wpex-flex-col wpex-w-100 wpex-justify-center wpex-relative wpex-overflow-hidden wpex-bg-gray-900 wpex-text-white wpex-hover-text-white wpex-text-center wpex-rounded-lg wpex-shadow-lg vcex-has-button vcex_69f72b831ed3f\" href=\"https:\/\/ridextravel.com\/ridemybike\/produtos\/\" title=\"Produtos\"><span class=\"vcex-ib-img wpex-block wpex-transition-all wpex-duration-500 wpex-bg-cover wpex-absolute wpex-inset-0\" style=\"background-image:url(https:\/\/ridextravel.com\/ridemybike\/wp-content\/uploads\/2022\/05\/loja_mario-1.jpg);background-position:center center;\"><\/span><div class=\"vcex-ib-overlay wpex-absolute wpex-inset-0 wpex-transition-all wpex-duration-500\"><div class=\"vcex-ib-overlay-bg wpex-absolute wpex-inset-0 wpex-bg-black wpex-opacity-30\"><\/div><\/div><div class=\"vcex-ib-content-wrap wpex-w-100 wpex-transition-all wpex-duration-500 wpex-py-100 wpex-px-40 wpex-relative\"><div class=\"vcex-ib-content wpex-mx-auto\"><h2 class=\"vcex-ib-title wpex-heading wpex-inherit-color-important\">Produtos<\/h2><div class=\"vcex-ib-caption wpex-text-lg wpex-last-mb-0 wpex-pb-10\">Acess\u00f3rios - Componentes - Equipamentos<\/div><div class=\"vcex-ib-button\"><span class=\"vcex-ib-button-inner theme-button\">Visite-nos<\/span><\/div><\/div><\/div><\/a>[\/vc_column][vc_column width=&#8221;1\/2&#8243;]<style>.vcex-image-banner.vcex_69f72b8320bde .vcex-ib-overlay-bg{background-color:#666666;}.vcex-image-banner.vcex_69f72b8320bde .vcex-ib-title{font-family:'Lato',sans-serif;font-weight:300;}.vcex-image-banner.vcex_69f72b8320bde .vcex-ib-button-inner{font-family:'Lato',sans-serif;font-weight:300;}<\/style><a class=\"vcex-module vcex-image-banner vcex-image-banner-has-link wpex-no-underline wpex-flex wpex-flex-col wpex-w-100 wpex-justify-center wpex-relative wpex-overflow-hidden wpex-bg-gray-900 wpex-text-white wpex-hover-text-white wpex-text-center wpex-rounded-lg wpex-shadow-lg vcex-has-button vcex_69f72b8320bde\" href=\"https:\/\/ridextravel.com\/ridemybike\/servicos\/\" title=\"SERVI\u00c7OS\"><span class=\"vcex-ib-img wpex-block wpex-transition-all wpex-duration-500 wpex-bg-cover wpex-absolute wpex-inset-0\" style=\"background-image:url(https:\/\/ridextravel.com\/ridemybike\/wp-content\/uploads\/2023\/02\/bg_services.jpg);background-position:center center;\"><\/span><div class=\"vcex-ib-overlay wpex-absolute wpex-inset-0 wpex-transition-all wpex-duration-500\"><div class=\"vcex-ib-overlay-bg wpex-absolute wpex-inset-0 wpex-bg-black wpex-opacity-30\"><\/div><\/div><div class=\"vcex-ib-content-wrap wpex-w-100 wpex-transition-all wpex-duration-500 wpex-py-100 wpex-px-40 wpex-relative\"><div class=\"vcex-ib-content wpex-mx-auto\"><h2 class=\"vcex-ib-title wpex-heading wpex-inherit-color-important\">Servi\u00e7os<\/h2><div class=\"vcex-ib-caption wpex-text-lg wpex-last-mb-0 wpex-pb-10\">Shimano Service Center<\/div><div class=\"vcex-ib-button\"><span class=\"vcex-ib-button-inner theme-button\">Conhe\u00e7a<\/span><\/div><\/div><\/div><\/a>[\/vc_column][\/vc_row][vc_row full_width=&#8221;stretch_row&#8221; wpex_bg_overlay=&#8221;dark&#8221; wpex_bg_overlay_color=&#8221;#349b8b&#8221; css=&#8221;.vc_custom_1676550709626{padding-top: 30px !important;}&#8221;][vc_column]<style>.vcex-image-banner.vcex_69f72b8321cfd .vcex-ib-overlay-bg{background-color:#349b8b;}.vcex-image-banner.vcex_69f72b8321cfd .vcex-ib-title{font-family:'Lato',sans-serif;font-weight:300;}.vcex-image-banner.vcex_69f72b8321cfd .vcex-ib-button-inner{background:#349b8b;color:#f1dec3;}.vcex-image-banner.vcex_69f72b8321cfd .vcex-ib-button-inner:hover{background:#245e54;}<\/style><a class=\"vcex-module vcex-image-banner vcex-image-banner-has-link wpex-no-underline wpex-flex wpex-flex-col wpex-w-100 wpex-justify-center wpex-relative wpex-overflow-hidden wpex-bg-gray-900 wpex-text-white wpex-hover-text-white wpex-text-center wpex-rounded-lg wpex-shadow-lg vcex-has-button vcex_69f72b8321cfd\" href=\"https:\/\/ridextravel.com\/\" title=\"Ride x Travel | The Other Side of Cycling\" rel=\"noopener noreferrer\" target=\"_blank\"><span class=\"vcex-ib-img wpex-block wpex-transition-all wpex-duration-500 wpex-bg-cover wpex-absolute wpex-inset-0\" style=\"background-image:url(https:\/\/ridextravel.com\/ridemybike\/wp-content\/uploads\/2022\/05\/ridextravel.jpg);background-position:center center;\"><\/span><div class=\"vcex-ib-overlay wpex-absolute wpex-inset-0 wpex-transition-all wpex-duration-500\"><div class=\"vcex-ib-overlay-bg wpex-absolute wpex-inset-0 wpex-bg-black wpex-opacity-30\"><\/div><\/div><div class=\"vcex-ib-content-wrap wpex-w-100 wpex-transition-all wpex-duration-500 wpex-py-100 wpex-px-40 wpex-relative\"><div class=\"vcex-ib-content wpex-mx-auto\"><h2 class=\"vcex-ib-title wpex-heading wpex-inherit-color-important\">Ride x Travel<\/h2><div class=\"vcex-ib-caption wpex-text-lg wpex-last-mb-0 wpex-pb-10\">Bike Tours de Portugal para o Mundo<\/div><div class=\"vcex-ib-button\"><span class=\"vcex-ib-button-inner theme-button\">Visite-nos<\/span><\/div><\/div><\/div><\/a>[\/vc_column][\/vc_row]\n<\/div>","protected":false},"excerpt":{"rendered":"<p>[vc_row full_width=&#8221;stretch_row&#8221;][vc_column][vc_column_text css=&#8221;&#8221;]Ridemybike \u00e9 sua loja de confian\u00e7a na hora de comprar a sua bicicleta online ou fisicamente. Aqui, reunimos todos os produtos e componentes de ciclismo dos quais precisa, com as melhores marcas al\u00e9m dos modelos de bicicletas mais modernos. Se quer ter um ride com sucesso, n\u00e3o perca o seu tempo, o nosso&hellip;<\/p>\n","protected":false},"author":2,"featured_media":0,"parent":0,"menu_order":0,"comment_status":"closed","ping_status":"closed","template":"","meta":{"footnotes":""},"class_list":["post-10","page","type-page","status-publish","hentry","entry","no-media"],"_links":{"self":[{"href":"https:\/\/ridextravel.com\/ridemybike\/wp-json\/wp\/v2\/pages\/10","targetHints":{"allow":["GET"]}}],"collection":[{"href":"https:\/\/ridextravel.com\/ridemybike\/wp-json\/wp\/v2\/pages"}],"about":[{"href":"https:\/\/ridextravel.com\/ridemybike\/wp-json\/wp\/v2\/types\/page"}],"author":[{"embeddable":true,"href":"https:\/\/ridextravel.com\/ridemybike\/wp-json\/wp\/v2\/users\/2"}],"replies":[{"embeddable":true,"href":"https:\/\/ridextravel.com\/ridemybike\/wp-json\/wp\/v2\/comments?post=10"}],"version-history":[{"count":158,"href":"https:\/\/ridextravel.com\/ridemybike\/wp-json\/wp\/v2\/pages\/10\/revisions"}],"predecessor-version":[{"id":6451,"href":"https:\/\/ridextravel.com\/ridemybike\/wp-json\/wp\/v2\/pages\/10\/revisions\/6451"}],"wp:attachment":[{"href":"https:\/\/ridextravel.com\/ridemybike\/wp-json\/wp\/v2\/media?parent=10"}],"curies":[{"name":"wp","href":"https:\/\/api.w.org\/{rel}","templated":true}]}}