{"id":13,"date":"2022-02-09T14:05:48","date_gmt":"2022-02-09T14:05:48","guid":{"rendered":"https:\/\/ridextravel.com\/ridemybike\/?page_id=13"},"modified":"2023-02-15T13:23:56","modified_gmt":"2023-02-15T13:23:56","slug":"contacto","status":"publish","type":"page","link":"https:\/\/ridextravel.com\/ridemybike\/contacto\/","title":{"rendered":"CONTACTO"},"content":{"rendered":"<div class=\"wpb-content-wrapper\">[vc_row css_animation=&#8221;bounceIn&#8221; full_width=&#8221;stretch_row&#8221; css=&#8221;.vc_custom_1676467194203{background-color: #f5f5f5 !important;}&#8221;][vc_column][\/vc_column][vc_column width=&#8221;1\/3&#8243;]\n<div class=\"wpcf7 no-js\" id=\"wpcf7-f251-o1\" lang=\"pt-PT\" dir=\"ltr\" data-wpcf7-id=\"251\">\n<div class=\"screen-reader-response\"><p role=\"status\" aria-live=\"polite\" aria-atomic=\"true\"><\/p> <ul><\/ul><\/div>\n<form action=\"\/ridemybike\/wp-json\/wp\/v2\/pages\/13#wpcf7-f251-o1\" method=\"post\" class=\"wpcf7-form init\" aria-label=\"Formul\u00e1rio de contacto\" novalidate=\"novalidate\" data-status=\"init\">\n<fieldset class=\"hidden-fields-container\"><input type=\"hidden\" name=\"_wpcf7\" value=\"251\" \/><input type=\"hidden\" name=\"_wpcf7_version\" value=\"6.1.5\" \/><input type=\"hidden\" name=\"_wpcf7_locale\" value=\"pt_PT\" \/><input type=\"hidden\" name=\"_wpcf7_unit_tag\" value=\"wpcf7-f251-o1\" \/><input type=\"hidden\" name=\"_wpcf7_container_post\" value=\"0\" \/><input type=\"hidden\" name=\"_wpcf7_posted_data_hash\" value=\"\" \/>\n<\/fieldset>\n<p><span class=\"wpcf7-form-control-wrap\" data-name=\"your-name\"><input size=\"40\" maxlength=\"400\" class=\"wpcf7-form-control wpcf7-text wpcf7-validates-as-required\" aria-required=\"true\" aria-invalid=\"false\" placeholder=\"Nome\" value=\"\" type=\"text\" name=\"your-name\" \/><\/span>\n<\/p>\n<p><span class=\"wpcf7-form-control-wrap\" data-name=\"your-email\"><input size=\"40\" maxlength=\"400\" class=\"wpcf7-form-control wpcf7-email wpcf7-validates-as-required wpcf7-text wpcf7-validates-as-email\" aria-required=\"true\" aria-invalid=\"false\" placeholder=\"Email\" value=\"\" type=\"email\" name=\"your-email\" \/><\/span>\n<\/p>\n<p><span class=\"wpcf7-form-control-wrap\" data-name=\"your-subject\"><input size=\"40\" maxlength=\"400\" class=\"wpcf7-form-control wpcf7-text wpcf7-validates-as-required\" aria-required=\"true\" aria-invalid=\"false\" placeholder=\"Assunto\" value=\"\" type=\"text\" name=\"your-subject\" \/><\/span>\n<\/p>\n<p><span class=\"wpcf7-form-control-wrap\" data-name=\"your-message\"><textarea cols=\"40\" rows=\"10\" maxlength=\"2000\" class=\"wpcf7-form-control wpcf7-textarea\" aria-invalid=\"false\" placeholder=\"Mensagem\" name=\"your-message\"><\/textarea><\/span>\n<\/p>\n<p><span class=\"wpcf7-form-control-wrap\" data-name=\"Telemovel\"><input size=\"40\" maxlength=\"400\" class=\"wpcf7-form-control wpcf7-tel wpcf7-text wpcf7-validates-as-tel\" aria-invalid=\"false\" placeholder=\"Telemovel\" value=\"\" type=\"tel\" name=\"Telemovel\" \/><\/span>\n<\/p>\n<p><input class=\"wpcf7-form-control wpcf7-submit has-spinner\" type=\"submit\" value=\"Submit\" \/>\n<\/p><div class=\"wpcf7-response-output\" aria-hidden=\"true\"><\/div>\n<\/form>\n<\/div>\n[\/vc_column][vc_column width=&#8221;2\/3&#8243;][vc_gmaps link=&#8221;#E-8_JTNDaWZyYW1lJTIwc3JjJTNEJTIyaHR0cHMlM0ElMkYlMkZ3d3cuZ29vZ2xlLmNvbSUyRm1hcHMlMkZlbWJlZCUzRnBiJTNEJTIxMW0xOCUyMTFtMTIlMjExbTMlMjExZDMwMzAuMDQxNDM3MTQ0MTk4JTIxMmQtOC40NTA3MzM4ODQzNDczMzglMjEzZDQwLjU4NDg0MDc1MzMyMTM1JTIxMm0zJTIxMWYwJTIxMmYwJTIxM2YwJTIxM20yJTIxMWkxMDI0JTIxMmk3NjglMjE0ZjEzLjElMjEzbTMlMjExbTIlMjExczB4ZDIzMGIxMmQ4Y2ViYWU3JTI1M0EweGZjYzhjNDZlOTE3NTQ5MTMlMjEyc1JpZGUlMjUyME15JTI1MjBCaWtlJTI1MjAlMjVDMyUyNTgxZ3VlZGElMjE1ZTAlMjEzbTIlMjExc3B0LVBUJTIxMnNwdCUyMTR2MTY1MDM2Mjc1ODAxMCUyMTVtMiUyMTFzcHQtUFQlMjEyc3B0JTIyJTIwd2lkdGglM0QlMjI0MDAlMjIlMjBoZWlnaHQlM0QlMjIzMDAlMjIlMjBzdHlsZSUzRCUyMmJvcmRlciUzQTAlM0IlMjIlMjBhbGxvd2Z1bGxzY3JlZW4lM0QlMjIlMjIlMjBsb2FkaW5nJTNEJTIybGF6eSUyMiUyMHJlZmVycmVycG9saWN5JTNEJTIybm8tcmVmZXJyZXItd2hlbi1kb3duZ3JhZGUlMjIlM0UlM0MlMkZpZnJhbWUlM0U=&#8221; css_animation=&#8221;none&#8221; css=&#8221;.vc_custom_1676467284190{margin-bottom: 20px !important;border-top-width: 1px !important;border-right-width: 1px !important;border-bottom-width: 1px !important;border-left-width: 1px !important;padding-top: 10px !important;padding-right: 10px !important;padding-bottom: 10px !important;padding-left: 10px !important;background-color: #262626 !important;border-left-color: rgba(255,255,255,0.8) !important;border-left-style: solid !important;border-right-color: rgba(255,255,255,0.8) !important;border-right-style: solid !important;border-top-color: rgba(255,255,255,0.8) !important;border-top-style: solid !important;border-bottom-color: rgba(255,255,255,0.8) !important;border-bottom-style: solid !important;border-radius: 10px !important;}&#8221;]<div class=\"vcex-module vcex-icon-box vcex-icon-box-one wpex-flex wpex-items-center wpex-shadow-lg wpex-mb-10 wpex-p-10 wpex-text-left\" style=\"background-color:var(--wpex-on-accent);border-radius:50px;\"><div class=\"vcex-icon-box-symbol wpex-flex-shrink-0 wpex-mr-10\"><div class=\"vcex-icon-box-icon wpex-inline-flex wpex-items-center wpex-justify-center wpex-child-inherit-color wpex-text-center wpex-leading-none wpex-text-1 wpex-border-solid wpex-border-2 wpex-p-15 wpex-shadow-lg\" style=\"color:var(--wpex-on-accent);font-size:32px;border-radius:50%;background:#262626;\"><span aria-hidden=\"true\" class=\"typcn typcn-home-outline\"><\/span><\/div><\/div><div class=\"vcex-icon-box-text wpex-flex-grow\"><h3 class=\"vcex-icon-box-heading wpex-heading wpex-text-md wpex-mb-10\" style=\"font-family:Oswald;font-weight:400;color:#262626;--wpex-hover-heading-link-color:#262626;text-transform:uppercase;\">Morada<\/h3><div class=\"vcex-icon-box-content wpex-last-mb-0 wpex-clr\" style=\"font-family:Oswald;color:#666666;\"><p>Rua Joaquim Valente de Almeida n\u00ba406 3750-154 \u00c1gueda-Portugal<\/p>\n<\/div><\/div><\/div><div class=\"vcex-module vcex-icon-box vcex-icon-box-one wpex-flex wpex-items-center wpex-shadow-lg wpex-mb-10 wpex-p-10 wpex-text-left\" style=\"background-color:var(--wpex-on-accent);border-radius:50px;\"><div class=\"vcex-icon-box-symbol wpex-flex-shrink-0 wpex-mr-20\"><div class=\"vcex-icon-box-icon wpex-inline-flex wpex-items-center wpex-justify-center wpex-child-inherit-color wpex-text-center wpex-leading-none wpex-text-1 wpex-border-solid wpex-border-2 wpex-p-15 wpex-shadow-lg\" style=\"color:var(--wpex-on-accent);font-size:32px;border-radius:50%;background:#262626;\"><span aria-hidden=\"true\" class=\"typcn typcn-phone\"><\/span><\/div><\/div><div class=\"vcex-icon-box-text wpex-flex-grow\"><h3 class=\"vcex-icon-box-heading wpex-heading wpex-text-md wpex-mb-10\" style=\"font-family:Oswald;font-weight:400;color:#262626;--wpex-hover-heading-link-color:#262626;text-transform:uppercase;\">Telefone<\/h3><div class=\"vcex-icon-box-content wpex-last-mb-0 wpex-clr\" style=\"color:#666666;\"><p>+351 234 092 712<\/p>\n<\/div><\/div><\/div><div class=\"vcex-module vcex-icon-box vcex-icon-box-one wpex-flex wpex-items-center wpex-shadow-lg wpex-mb-10 wpex-p-10 wpex-text-left\" style=\"background-color:var(--wpex-on-accent);border-radius:50px;\"><div class=\"vcex-icon-box-symbol wpex-flex-shrink-0 wpex-mr-20\"><div class=\"vcex-icon-box-icon wpex-inline-flex wpex-items-center wpex-justify-center wpex-child-inherit-color wpex-text-center wpex-leading-none wpex-text-1 wpex-border-solid wpex-border-2 wpex-p-15 wpex-shadow-lg\" style=\"color:var(--wpex-on-accent);font-size:32px;border-radius:50%;background:#262626;\"><span aria-hidden=\"true\" class=\"typcn typcn-mail\"><\/span><\/div><\/div><div class=\"vcex-icon-box-text wpex-flex-grow\"><h3 class=\"vcex-icon-box-heading wpex-heading wpex-text-md wpex-mb-10\" style=\"font-family:Oswald;font-weight:400;color:#262626;--wpex-hover-heading-link-color:#262626;text-transform:uppercase;\">E-mail<\/h3><div class=\"vcex-icon-box-content wpex-last-mb-0 wpex-clr\" style=\"font-family:Oswald;color:#666666;\"><p>geral@ridemybike.pt<\/p>\n<\/div><\/div><\/div><div class=\"vcex-module vcex-icon-box vcex-icon-box-one wpex-flex wpex-items-center wpex-shadow-lg wpex-mb-10 wpex-p-10 wpex-text-left\" style=\"background-color:var(--wpex-on-accent);border-radius:50px;\"><div class=\"vcex-icon-box-symbol wpex-flex-shrink-0 wpex-mr-20\"><div class=\"vcex-icon-box-icon wpex-inline-flex wpex-items-center wpex-justify-center wpex-child-inherit-color wpex-text-center wpex-leading-none wpex-text-1 wpex-border-solid wpex-border-2 wpex-p-15 wpex-shadow-lg\" style=\"color:#ffffff;font-size:32px;border-radius:50%;background:#262626;\"><span aria-hidden=\"true\" class=\"typcn typcn-calendar-outline\"><\/span><\/div><\/div><div class=\"vcex-icon-box-text wpex-flex-grow\"><h3 class=\"vcex-icon-box-heading wpex-heading wpex-text-md wpex-mb-10\" style=\"font-family:Oswald;font-weight:400;color:#262626;--wpex-hover-heading-link-color:#262626;text-transform:uppercase;\">Hor\u00e1rio<\/h3><div class=\"vcex-icon-box-content wpex-last-mb-0 wpex-clr\" style=\"color:#666666;\"><p>Hor\u00e1rio: De segunda \u00e0 sexta das 10h \u00e0s 13h e das 14:30h \u00e0s 19h e s\u00e1bado das 10h \u00e0s 12:30h e das 14:30h \u00e0s 17h<\/p>\n<\/div><\/div><\/div>[\/vc_column][\/vc_row]\n<\/div>","protected":false},"excerpt":{"rendered":"<p>[vc_row css_animation=&#8221;bounceIn&#8221; full_width=&#8221;stretch_row&#8221; css=&#8221;.vc_custom_1676467194203{background-color: #f5f5f5 !important;}&#8221;][vc_column][\/vc_column][vc_column width=&#8221;1\/3&#8243;][\/vc_column][vc_column width=&#8221;2\/3&#8243;][vc_gmaps link=&#8221;#E-8_JTNDaWZyYW1lJTIwc3JjJTNEJTIyaHR0cHMlM0ElMkYlMkZ3d3cuZ29vZ2xlLmNvbSUyRm1hcHMlMkZlbWJlZCUzRnBiJTNEJTIxMW0xOCUyMTFtMTIlMjExbTMlMjExZDMwMzAuMDQxNDM3MTQ0MTk4JTIxMmQtOC40NTA3MzM4ODQzNDczMzglMjEzZDQwLjU4NDg0MDc1MzMyMTM1JTIxMm0zJTIxMWYwJTIxMmYwJTIxM2YwJTIxM20yJTIxMWkxMDI0JTIxMmk3NjglMjE0ZjEzLjElMjEzbTMlMjExbTIlMjExczB4ZDIzMGIxMmQ4Y2ViYWU3JTI1M0EweGZjYzhjNDZlOTE3NTQ5MTMlMjEyc1JpZGUlMjUyME15JTI1MjBCaWtlJTI1MjAlMjVDMyUyNTgxZ3VlZGElMjE1ZTAlMjEzbTIlMjExc3B0LVBUJTIxMnNwdCUyMTR2MTY1MDM2Mjc1ODAxMCUyMTVtMiUyMTFzcHQtUFQlMjEyc3B0JTIyJTIwd2lkdGglM0QlMjI0MDAlMjIlMjBoZWlnaHQlM0QlMjIzMDAlMjIlMjBzdHlsZSUzRCUyMmJvcmRlciUzQTAlM0IlMjIlMjBhbGxvd2Z1bGxzY3JlZW4lM0QlMjIlMjIlMjBsb2FkaW5nJTNEJTIybGF6eSUyMiUyMHJlZmVycmVycG9saWN5JTNEJTIybm8tcmVmZXJyZXItd2hlbi1kb3duZ3JhZGUlMjIlM0UlM0MlMkZpZnJhbWUlM0U=&#8221; css_animation=&#8221;none&#8221; css=&#8221;.vc_custom_1676467284190{margin-bottom: 20px !important;border-top-width: 1px !important;border-right-width: 1px !important;border-bottom-width: 1px !important;border-left-width: 1px !important;padding-top: 10px !important;padding-right: 10px !important;padding-bottom: 10px !important;padding-left: 10px !important;background-color: #262626 !important;border-left-color: rgba(255,255,255,0.8) !important;border-left-style: solid !important;border-right-color: rgba(255,255,255,0.8) !important;border-right-style: solid !important;border-top-color: rgba(255,255,255,0.8) !important;border-top-style: solid !important;border-bottom-color: rgba(255,255,255,0.8) !important;border-bottom-style: solid !important;border-radius: 10px !important;}&#8221;][\/vc_column][\/vc_row]<\/p>\n","protected":false},"author":2,"featured_media":0,"parent":0,"menu_order":0,"comment_status":"closed","ping_status":"closed","template":"","meta":{"footnotes":""},"class_list":["post-13","page","type-page","status-publish","hentry","entry","no-media"],"_links":{"self":[{"href":"https:\/\/ridextravel.com\/ridemybike\/wp-json\/wp\/v2\/pages\/13","targetHints":{"allow":["GET"]}}],"collection":[{"href":"https:\/\/ridextravel.com\/ridemybike\/wp-json\/wp\/v2\/pages"}],"about":[{"href":"https:\/\/ridextravel.com\/ridemybike\/wp-json\/wp\/v2\/types\/page"}],"author":[{"embeddable":true,"href":"https:\/\/ridextravel.com\/ridemybike\/wp-json\/wp\/v2\/users\/2"}],"replies":[{"embeddable":true,"href":"https:\/\/ridextravel.com\/ridemybike\/wp-json\/wp\/v2\/comments?post=13"}],"version-history":[{"count":96,"href":"https:\/\/ridextravel.com\/ridemybike\/wp-json\/wp\/v2\/pages\/13\/revisions"}],"predecessor-version":[{"id":598,"href":"https:\/\/ridextravel.com\/ridemybike\/wp-json\/wp\/v2\/pages\/13\/revisions\/598"}],"wp:attachment":[{"href":"https:\/\/ridextravel.com\/ridemybike\/wp-json\/wp\/v2\/media?parent=13"}],"curies":[{"name":"wp","href":"https:\/\/api.w.org\/{rel}","templated":true}]}}