{"id":1011,"date":"2022-05-11T16:48:14","date_gmt":"2022-05-11T16:48:14","guid":{"rendered":"https:\/\/ridextravel.com\/ridemybike\/?post_type=product&#038;p=1011"},"modified":"2022-05-11T17:16:06","modified_gmt":"2022-05-11T17:16:06","slug":"castelli-guantes-enteros-cw-6-1-unlimited-verde","status":"publish","type":"product","link":"https:\/\/ridextravel.com\/ridemybike\/produto\/castelli-guantes-enteros-cw-6-1-unlimited-verde\/","title":{"rendered":"Castelli guantes enteros cw 6.1 unlimited verde"},"content":{"rendered":"<p><span class=\"Y2IQFc\" lang=\"pt\">Luvas de comprimento total, respir\u00e1veis \u200b\u200be firmes para ciclismo ou cascalho ilimitados. Palma altamente silicone para maior controle do guid\u00e3o. Um amortecedor CDS amortece efetivamente o choque e a vibra\u00e7\u00e3o. costas feitas de material el\u00e1stico e respir\u00e1vel Palma com acolchoamento CDS e impress\u00e3o de silicone para ader\u00eancia e sensa\u00e7\u00e3o punhos de neoprene com fecho de velcro Material: Costas: 95% Poli\u00e9ster, 5% Elastano; palma: 85% poli\u00e9ster, 15% poliuretano<\/span><\/p>\n","protected":false},"excerpt":{"rendered":"<p>Luvas de comprimento total, respir\u00e1veis \u200b\u200be firmes para ciclismo ou cascalho ilimitados. Palma altamente silicone para maior controle do guid\u00e3o. Um amortecedor CDS amortece efetivamente o choque e a vibra\u00e7\u00e3o. costas feitas de material el\u00e1stico e respir\u00e1vel Palma com acolchoamento CDS e impress\u00e3o de silicone para ader\u00eancia e sensa\u00e7\u00e3o punhos de neoprene com fecho de&hellip;<\/p>\n","protected":false},"featured_media":1015,"comment_status":"open","ping_status":"closed","template":"","meta":[],"product_brand":[],"product_cat":[31,28],"product_tag":[],"class_list":{"0":"post-1011","1":"product","2":"type-product","3":"status-publish","4":"has-post-thumbnail","6":"product_cat-equipamento","7":"product_cat-luvas","8":"entry","9":"has-media","11":"first","12":"instock","13":"taxable","14":"shipping-taxable","15":"purchasable","16":"product-type-simple"},"_links":{"self":[{"href":"https:\/\/ridextravel.com\/ridemybike\/wp-json\/wp\/v2\/product\/1011","targetHints":{"allow":["GET"]}}],"collection":[{"href":"https:\/\/ridextravel.com\/ridemybike\/wp-json\/wp\/v2\/product"}],"about":[{"href":"https:\/\/ridextravel.com\/ridemybike\/wp-json\/wp\/v2\/types\/product"}],"replies":[{"embeddable":true,"href":"https:\/\/ridextravel.com\/ridemybike\/wp-json\/wp\/v2\/comments?post=1011"}],"wp:featuredmedia":[{"embeddable":true,"href":"https:\/\/ridextravel.com\/ridemybike\/wp-json\/wp\/v2\/media\/1015"}],"wp:attachment":[{"href":"https:\/\/ridextravel.com\/ridemybike\/wp-json\/wp\/v2\/media?parent=1011"}],"wp:term":[{"taxonomy":"product_brand","embeddable":true,"href":"https:\/\/ridextravel.com\/ridemybike\/wp-json\/wp\/v2\/product_brand?post=1011"},{"taxonomy":"product_cat","embeddable":true,"href":"https:\/\/ridextravel.com\/ridemybike\/wp-json\/wp\/v2\/product_cat?post=1011"},{"taxonomy":"product_tag","embeddable":true,"href":"https:\/\/ridextravel.com\/ridemybike\/wp-json\/wp\/v2\/product_tag?post=1011"}],"curies":[{"name":"wp","href":"https:\/\/api.w.org\/{rel}","templated":true}]}}