{"id":1027,"date":"2022-05-12T11:22:27","date_gmt":"2022-05-12T11:22:27","guid":{"rendered":"https:\/\/ridextravel.com\/ridemybike\/?post_type=product&#038;p=1027"},"modified":"2022-05-12T15:26:50","modified_gmt":"2022-05-12T15:26:50","slug":"specialized-luvas-longas-body-geometry-grail","status":"publish","type":"product","link":"https:\/\/ridextravel.com\/ridemybike\/produto\/specialized-luvas-longas-body-geometry-grail\/","title":{"rendered":"Specialized Luvas Longas Body Geometry Grail"},"content":{"rendered":"<p>Apresentando um sistema patenteado de almofada projetado pelo Dr. Kyle Bickel MD, nossas luvas Grail Long Finger s\u00e3o projetadas ergonomicamente para o melhor ajuste e prote\u00e7\u00e3o poss\u00edveis. Eles s\u00e3o cientificamente testados para ajudar a reduzir a dorm\u00eancia das m\u00e3os, melhorando a circula\u00e7\u00e3o e equalizando a press\u00e3o nos tecidos moles da m\u00e3o. Al\u00e9m disso, voc\u00ea encontrar\u00e1 uma palma dur\u00e1vel de couro sint\u00e9tico, malha respir\u00e1vel na parte superior da m\u00e3o, tecnologia Wiretap \u2122 compat\u00edvel com tela sens\u00edvel ao toque e nosso acolchoado gel de gel Equalizer \u2122 na palma da m\u00e3o.<\/p>\n<p>A palma de couro sint\u00e9tico Clarino oferece durabilidade sem sacrificar a sensa\u00e7\u00e3o da barra.<br \/>\nA almofada Body Geometry Equalizer \u2122 foi desenvolvida pelo Dr. Kyle Bickel MD para preencher os recessos da palma da m\u00e3o, a fim de criar uma superf\u00edcie uniforme sobre a m\u00e3o. Isso vem com o resultado positivo do fluxo sangu\u00edneo irrestrito, o que reduzir\u00e1 bastante a dorm\u00eancia e aumentar\u00e1 tremendamente o conforto geral.<br \/>\nO punho deslizante c\u00f4nico e afunilado oferece uma constru\u00e7\u00e3o limpa, n\u00edtida e minimalista para conforto irrestrito.<br \/>\nA parte superior em malha respir\u00e1vel \u00e9 macia, confort\u00e1vel e fabricada com materiais de alta elasticidade.<br \/>\nO polegar Microwipe \u2122 macio e absorvente limpa o suor com facilidade.<br \/>\nCompat\u00edvel com telas sens\u00edveis ao toque condutoras.<\/p>\n","protected":false},"excerpt":{"rendered":"<p>Apresentando um sistema patenteado de almofada projetado pelo Dr. Kyle Bickel MD, nossas luvas Grail Long Finger s\u00e3o projetadas ergonomicamente para o melhor ajuste e prote\u00e7\u00e3o poss\u00edveis. Eles s\u00e3o cientificamente testados para ajudar a reduzir a dorm\u00eancia das m\u00e3os, melhorando a circula\u00e7\u00e3o e equalizando a press\u00e3o nos tecidos moles da m\u00e3o. Al\u00e9m disso, voc\u00ea encontrar\u00e1&hellip;<\/p>\n","protected":false},"featured_media":1029,"comment_status":"open","ping_status":"closed","template":"","meta":[],"product_brand":[],"product_cat":[31,28],"product_tag":[],"class_list":{"0":"post-1027","1":"product","2":"type-product","3":"status-publish","4":"has-post-thumbnail","6":"product_cat-equipamento","7":"product_cat-luvas","8":"entry","9":"has-media","11":"first","12":"instock","13":"taxable","14":"shipping-taxable","15":"purchasable","16":"product-type-variable","17":"has-default-attributes"},"_links":{"self":[{"href":"https:\/\/ridextravel.com\/ridemybike\/wp-json\/wp\/v2\/product\/1027","targetHints":{"allow":["GET"]}}],"collection":[{"href":"https:\/\/ridextravel.com\/ridemybike\/wp-json\/wp\/v2\/product"}],"about":[{"href":"https:\/\/ridextravel.com\/ridemybike\/wp-json\/wp\/v2\/types\/product"}],"replies":[{"embeddable":true,"href":"https:\/\/ridextravel.com\/ridemybike\/wp-json\/wp\/v2\/comments?post=1027"}],"wp:featuredmedia":[{"embeddable":true,"href":"https:\/\/ridextravel.com\/ridemybike\/wp-json\/wp\/v2\/media\/1029"}],"wp:attachment":[{"href":"https:\/\/ridextravel.com\/ridemybike\/wp-json\/wp\/v2\/media?parent=1027"}],"wp:term":[{"taxonomy":"product_brand","embeddable":true,"href":"https:\/\/ridextravel.com\/ridemybike\/wp-json\/wp\/v2\/product_brand?post=1027"},{"taxonomy":"product_cat","embeddable":true,"href":"https:\/\/ridextravel.com\/ridemybike\/wp-json\/wp\/v2\/product_cat?post=1027"},{"taxonomy":"product_tag","embeddable":true,"href":"https:\/\/ridextravel.com\/ridemybike\/wp-json\/wp\/v2\/product_tag?post=1027"}],"curies":[{"name":"wp","href":"https:\/\/api.w.org\/{rel}","templated":true}]}}