{"id":1035,"date":"2022-05-12T14:33:40","date_gmt":"2022-05-12T14:33:40","guid":{"rendered":"https:\/\/ridextravel.com\/ridemybike\/?post_type=product&#038;p=1035"},"modified":"2022-05-12T14:34:00","modified_gmt":"2022-05-12T14:34:00","slug":"luvas-de-inverno-spz-deflect-rosa","status":"publish","type":"product","link":"https:\/\/ridextravel.com\/ridemybike\/produto\/luvas-de-inverno-spz-deflect-rosa\/","title":{"rendered":"Luvas de inverno SPZ Deflect &#8211; rosa"},"content":{"rendered":"<p>Descri\u00e7\u00e3o das luvas de inverno femininas Specialized Deflect &#8211; rosa neon<br \/>\nFigura simb\u00f3lica: Para fins ilustrativos o produto \u00e9 mostrado em outra cor ou varia\u00e7\u00e3o.<\/p>\n<p>Quando est\u00e1 frio e venta, \u00e9 dif\u00edcil fazer muito melhor do que as luvas Deflect da Specialized.<\/p>\n<p>luzes<br \/>\nA parte superior do softshell resistente ao vento evita o vento e o clima frio.<br \/>\nHidrof\u00f3bico Machado Suede ajuste palma da palma garante uma pegada confiante com as barras.<br \/>\nWiretap \u2122 touchscreen compat\u00edvel para facilitar o uso de smartphones.<br \/>\nA palma acolchoada reduz a dorm\u00eancia das m\u00e3os<br \/>\nPunho deslizante reduz o volume e fornece um ajuste confort\u00e1vel.<br \/>\nDetalhes refletivos aumentam sua visibilidade em condi\u00e7\u00f5es de pouca luz.<\/p>\n","protected":false},"excerpt":{"rendered":"<p>Descri\u00e7\u00e3o das luvas de inverno femininas Specialized Deflect &#8211; rosa neon Figura simb\u00f3lica: Para fins ilustrativos o produto \u00e9 mostrado em outra cor ou varia\u00e7\u00e3o. Quando est\u00e1 frio e venta, \u00e9 dif\u00edcil fazer muito melhor do que as luvas Deflect da Specialized. luzes A parte superior do softshell resistente ao vento evita o vento e&hellip;<\/p>\n","protected":false},"featured_media":1036,"comment_status":"open","ping_status":"closed","template":"","meta":[],"product_brand":[],"product_cat":[31,28],"product_tag":[],"class_list":{"0":"post-1035","1":"product","2":"type-product","3":"status-publish","4":"has-post-thumbnail","6":"product_cat-equipamento","7":"product_cat-luvas","8":"entry","9":"has-media","11":"first","12":"instock","13":"taxable","14":"shipping-taxable","15":"purchasable","16":"product-type-simple"},"_links":{"self":[{"href":"https:\/\/ridextravel.com\/ridemybike\/wp-json\/wp\/v2\/product\/1035","targetHints":{"allow":["GET"]}}],"collection":[{"href":"https:\/\/ridextravel.com\/ridemybike\/wp-json\/wp\/v2\/product"}],"about":[{"href":"https:\/\/ridextravel.com\/ridemybike\/wp-json\/wp\/v2\/types\/product"}],"replies":[{"embeddable":true,"href":"https:\/\/ridextravel.com\/ridemybike\/wp-json\/wp\/v2\/comments?post=1035"}],"wp:featuredmedia":[{"embeddable":true,"href":"https:\/\/ridextravel.com\/ridemybike\/wp-json\/wp\/v2\/media\/1036"}],"wp:attachment":[{"href":"https:\/\/ridextravel.com\/ridemybike\/wp-json\/wp\/v2\/media?parent=1035"}],"wp:term":[{"taxonomy":"product_brand","embeddable":true,"href":"https:\/\/ridextravel.com\/ridemybike\/wp-json\/wp\/v2\/product_brand?post=1035"},{"taxonomy":"product_cat","embeddable":true,"href":"https:\/\/ridextravel.com\/ridemybike\/wp-json\/wp\/v2\/product_cat?post=1035"},{"taxonomy":"product_tag","embeddable":true,"href":"https:\/\/ridextravel.com\/ridemybike\/wp-json\/wp\/v2\/product_tag?post=1035"}],"curies":[{"name":"wp","href":"https:\/\/api.w.org\/{rel}","templated":true}]}}