{"id":1048,"date":"2022-05-13T10:18:37","date_gmt":"2022-05-13T10:18:37","guid":{"rendered":"https:\/\/ridextravel.com\/ridemybike\/?post_type=product&#038;p=1048"},"modified":"2022-05-13T10:27:01","modified_gmt":"2022-05-13T10:27:01","slug":"luvas-black-mamba","status":"publish","type":"product","link":"https:\/\/ridextravel.com\/ridemybike\/produto\/luvas-black-mamba\/","title":{"rendered":"Luvas black mamba"},"content":{"rendered":"<p><span class=\"Y2IQFc\" lang=\"pt\">Propriedades: Encaixe perfeito Faixa de uso: 15\u00baC a 30\u00baC Conceito Luva curta, justa e aerodin\u00e2mica. Ideal para treinos e competi\u00e7\u00f5es exigentes. Detalhes (Tecidos e Estrutura) Com uma constru\u00e7\u00e3o minimalista e leve, oferece excelente ader\u00eancia e prote\u00e7\u00e3o. A palma \u00e9 leve e macia ao toque, com inser\u00e7\u00f5es de silicone para maior ader\u00eancia. A parte superior \u00e9 feita de um tecido texturizado para melhorar o desempenho aerodin\u00e2mico. Composi\u00e7\u00e3o Costas (80% poli\u00e9ster, 20% elastano); Palma (100% poliamida)<\/span><\/p>\n","protected":false},"excerpt":{"rendered":"<p>Propriedades: Encaixe perfeito Faixa de uso: 15\u00baC a 30\u00baC Conceito Luva curta, justa e aerodin\u00e2mica. Ideal para treinos e competi\u00e7\u00f5es exigentes. Detalhes (Tecidos e Estrutura) Com uma constru\u00e7\u00e3o minimalista e leve, oferece excelente ader\u00eancia e prote\u00e7\u00e3o. A palma \u00e9 leve e macia ao toque, com inser\u00e7\u00f5es de silicone para maior ader\u00eancia. A parte superior \u00e9&hellip;<\/p>\n","protected":false},"featured_media":1049,"comment_status":"open","ping_status":"closed","template":"","meta":[],"product_brand":[],"product_cat":[31,28],"product_tag":[],"class_list":{"0":"post-1048","1":"product","2":"type-product","3":"status-publish","4":"has-post-thumbnail","6":"product_cat-equipamento","7":"product_cat-luvas","8":"entry","9":"has-media","11":"first","12":"instock","13":"taxable","14":"shipping-taxable","15":"purchasable","16":"product-type-simple"},"_links":{"self":[{"href":"https:\/\/ridextravel.com\/ridemybike\/wp-json\/wp\/v2\/product\/1048","targetHints":{"allow":["GET"]}}],"collection":[{"href":"https:\/\/ridextravel.com\/ridemybike\/wp-json\/wp\/v2\/product"}],"about":[{"href":"https:\/\/ridextravel.com\/ridemybike\/wp-json\/wp\/v2\/types\/product"}],"replies":[{"embeddable":true,"href":"https:\/\/ridextravel.com\/ridemybike\/wp-json\/wp\/v2\/comments?post=1048"}],"wp:featuredmedia":[{"embeddable":true,"href":"https:\/\/ridextravel.com\/ridemybike\/wp-json\/wp\/v2\/media\/1049"}],"wp:attachment":[{"href":"https:\/\/ridextravel.com\/ridemybike\/wp-json\/wp\/v2\/media?parent=1048"}],"wp:term":[{"taxonomy":"product_brand","embeddable":true,"href":"https:\/\/ridextravel.com\/ridemybike\/wp-json\/wp\/v2\/product_brand?post=1048"},{"taxonomy":"product_cat","embeddable":true,"href":"https:\/\/ridextravel.com\/ridemybike\/wp-json\/wp\/v2\/product_cat?post=1048"},{"taxonomy":"product_tag","embeddable":true,"href":"https:\/\/ridextravel.com\/ridemybike\/wp-json\/wp\/v2\/product_tag?post=1048"}],"curies":[{"name":"wp","href":"https:\/\/api.w.org\/{rel}","templated":true}]}}