{"id":1057,"date":"2022-05-13T17:01:50","date_gmt":"2022-05-13T17:01:50","guid":{"rendered":"https:\/\/ridextravel.com\/ridemybike\/?post_type=product&#038;p=1057"},"modified":"2022-05-13T17:42:15","modified_gmt":"2022-05-13T17:42:15","slug":"luvas-para-mulher-northwave-air-rosa","status":"publish","type":"product","link":"https:\/\/ridextravel.com\/ridemybike\/produto\/luvas-para-mulher-northwave-air-rosa\/","title":{"rendered":"Luvas para Mulher northwave air rosa"},"content":{"rendered":"<p class=\"font-light text\">Luvas Northwave Luvas Longas Air. Recursos: Palma no material dur\u00e1vel de camur\u00e7a AxeCostas com malha sublimada Limpador de suor em microfibraPAD impress\u00e3o de aperto de silicone superTela sens\u00edvel ao toque no polegar<\/p>\n<p>Caracter\u00edsticas:<br \/>\nUtiliza\u00e7\u00e3o: MTB<br \/>\nTecido da palma da m\u00e3o em material duradouro AX Suede<br \/>\nTecido em rede na parte superior<br \/>\nParte aderente em silicone na palma<br \/>\nPolegar adaptado a ecr\u00e3 t\u00e1til<\/p>\n","protected":false},"excerpt":{"rendered":"<p>Luvas Northwave Luvas Longas Air. Recursos: Palma no material dur\u00e1vel de camur\u00e7a AxeCostas com malha sublimada Limpador de suor em microfibraPAD impress\u00e3o de aperto de silicone superTela sens\u00edvel ao toque no polegar Caracter\u00edsticas: Utiliza\u00e7\u00e3o: MTB Tecido da palma da m\u00e3o em material duradouro AX Suede Tecido em rede na parte superior Parte aderente em silicone&hellip;<\/p>\n","protected":false},"featured_media":1058,"comment_status":"open","ping_status":"closed","template":"","meta":[],"product_brand":[],"product_cat":[31,28],"product_tag":[],"class_list":{"0":"post-1057","1":"product","2":"type-product","3":"status-publish","4":"has-post-thumbnail","6":"product_cat-equipamento","7":"product_cat-luvas","8":"entry","9":"has-media","11":"first","12":"instock","13":"taxable","14":"shipping-taxable","15":"purchasable","16":"product-type-variable"},"_links":{"self":[{"href":"https:\/\/ridextravel.com\/ridemybike\/wp-json\/wp\/v2\/product\/1057","targetHints":{"allow":["GET"]}}],"collection":[{"href":"https:\/\/ridextravel.com\/ridemybike\/wp-json\/wp\/v2\/product"}],"about":[{"href":"https:\/\/ridextravel.com\/ridemybike\/wp-json\/wp\/v2\/types\/product"}],"replies":[{"embeddable":true,"href":"https:\/\/ridextravel.com\/ridemybike\/wp-json\/wp\/v2\/comments?post=1057"}],"wp:featuredmedia":[{"embeddable":true,"href":"https:\/\/ridextravel.com\/ridemybike\/wp-json\/wp\/v2\/media\/1058"}],"wp:attachment":[{"href":"https:\/\/ridextravel.com\/ridemybike\/wp-json\/wp\/v2\/media?parent=1057"}],"wp:term":[{"taxonomy":"product_brand","embeddable":true,"href":"https:\/\/ridextravel.com\/ridemybike\/wp-json\/wp\/v2\/product_brand?post=1057"},{"taxonomy":"product_cat","embeddable":true,"href":"https:\/\/ridextravel.com\/ridemybike\/wp-json\/wp\/v2\/product_cat?post=1057"},{"taxonomy":"product_tag","embeddable":true,"href":"https:\/\/ridextravel.com\/ridemybike\/wp-json\/wp\/v2\/product_tag?post=1057"}],"curies":[{"name":"wp","href":"https:\/\/api.w.org\/{rel}","templated":true}]}}