{"id":1070,"date":"2022-05-14T09:45:33","date_gmt":"2022-05-14T09:45:33","guid":{"rendered":"https:\/\/ridextravel.com\/ridemybike\/?post_type=product&#038;p=1070"},"modified":"2022-05-14T09:48:10","modified_gmt":"2022-05-14T09:48:10","slug":"rosso-corsa-pro-v-glove","status":"publish","type":"product","link":"https:\/\/ridextravel.com\/ridemybike\/produto\/rosso-corsa-pro-v-glove\/","title":{"rendered":"ROSSO CORSA PRO V GLOVE"},"content":{"rendered":"<div class=\"oSioSc\">\n<div id=\"tw-target\">\n<div id=\"kAz1tf\" class=\"g9WsWb\">\n<div id=\"tw-target-text-container\" class=\"tw-ta-container F0azHf tw-nfl\" tabindex=\"0\">\n<pre id=\"tw-target-text\" class=\"tw-data-text tw-text-large tw-ta\" dir=\"ltr\" data-placeholder=\"Tradu\u00e7\u00e3o\"><span style=\"background-color: #ffffff; color: #616161; font-family: Oswald; font-size: 13px;\">Esteja voc\u00ea correndo ou guiando sua bicicleta de cascalho em uma se\u00e7\u00e3o t\u00e9cnica, voc\u00ea precisa de uma ader\u00eancia segura no guid\u00e3o. Esta luva oferece excelente ader\u00eancia na palma da m\u00e3o com um fecho de velcro seguro, al\u00e9m de acolchoamento significativo para passeios longos (ou para ciclistas que preferem acolchoamento extra). O gel no acolchoamento da palma absorve os choques, enquanto a parte de tr\u00e1s da malha mant\u00e9m sua m\u00e3o fresca.<\/span><\/pre>\n<\/div>\n<\/div>\n<\/div>\n<\/div>\n<p>Sistema de Amortecimento Castelli (CDS)<br \/>\nLuva com fecho de velcro para ajuste seguro e f\u00e1cil de ligar\/desligar<br \/>\nAcolchoamento em gel e al\u00e7a de silicone para conforto e controle<br \/>\nMalha texturizada com elasticidade e recupera\u00e7\u00e3o<\/p>\n","protected":false},"excerpt":{"rendered":"<p>Esteja voc\u00ea correndo ou guiando sua bicicleta de cascalho em uma se\u00e7\u00e3o t\u00e9cnica, voc\u00ea precisa de uma ader\u00eancia segura no guid\u00e3o. Esta luva oferece excelente ader\u00eancia na palma da m\u00e3o com um fecho de velcro seguro, al\u00e9m de acolchoamento significativo para passeios longos (ou para ciclistas que preferem acolchoamento extra). O gel no acolchoamento da&hellip;<\/p>\n","protected":false},"featured_media":1072,"comment_status":"open","ping_status":"closed","template":"","meta":[],"product_brand":[],"product_cat":[31,28],"product_tag":[],"class_list":{"0":"post-1070","1":"product","2":"type-product","3":"status-publish","4":"has-post-thumbnail","6":"product_cat-equipamento","7":"product_cat-luvas","8":"entry","9":"has-media","11":"first","12":"instock","13":"taxable","14":"shipping-taxable","15":"purchasable","16":"product-type-simple"},"_links":{"self":[{"href":"https:\/\/ridextravel.com\/ridemybike\/wp-json\/wp\/v2\/product\/1070","targetHints":{"allow":["GET"]}}],"collection":[{"href":"https:\/\/ridextravel.com\/ridemybike\/wp-json\/wp\/v2\/product"}],"about":[{"href":"https:\/\/ridextravel.com\/ridemybike\/wp-json\/wp\/v2\/types\/product"}],"replies":[{"embeddable":true,"href":"https:\/\/ridextravel.com\/ridemybike\/wp-json\/wp\/v2\/comments?post=1070"}],"wp:featuredmedia":[{"embeddable":true,"href":"https:\/\/ridextravel.com\/ridemybike\/wp-json\/wp\/v2\/media\/1072"}],"wp:attachment":[{"href":"https:\/\/ridextravel.com\/ridemybike\/wp-json\/wp\/v2\/media?parent=1070"}],"wp:term":[{"taxonomy":"product_brand","embeddable":true,"href":"https:\/\/ridextravel.com\/ridemybike\/wp-json\/wp\/v2\/product_brand?post=1070"},{"taxonomy":"product_cat","embeddable":true,"href":"https:\/\/ridextravel.com\/ridemybike\/wp-json\/wp\/v2\/product_cat?post=1070"},{"taxonomy":"product_tag","embeddable":true,"href":"https:\/\/ridextravel.com\/ridemybike\/wp-json\/wp\/v2\/product_tag?post=1070"}],"curies":[{"name":"wp","href":"https:\/\/api.w.org\/{rel}","templated":true}]}}