{"id":1075,"date":"2022-05-16T10:03:43","date_gmt":"2022-05-16T10:03:43","guid":{"rendered":"https:\/\/ridextravel.com\/ridemybike\/?post_type=product&#038;p=1075"},"modified":"2022-05-16T10:04:35","modified_gmt":"2022-05-16T10:04:35","slug":"off-camber-mtb-glove","status":"publish","type":"product","link":"https:\/\/ridextravel.com\/ridemybike\/produto\/off-camber-mtb-glove\/","title":{"rendered":"Off Camber Mtb Glove"},"content":{"rendered":"<p>Navegue em seu terreno mais dif\u00edcil em estilo funcional com esta luva Off Camber MTB que possui tecido repelente \u00e0 \u00e1gua, ripstop e dedos compat\u00edveis com tela sens\u00edvel ao toque. Um painel de limpeza de suor no polegar ajuda a tratar a transpira\u00e7\u00e3o e a constru\u00e7\u00e3o de ventila\u00e7\u00e3o nas palmas das m\u00e3os proporciona resfriamento em movimento. O tecido de malha estrat\u00e9gico entre os dedos oferece \u00f3tima destreza, e os punhos de fechamento de Velcro\u00ae com design gr\u00e1fico de impress\u00e3o proporcionam um ajuste seguro e ajust\u00e1vel nestas luvas que prometem dar a voc\u00ea uma vantagem todo-o-terreno.<\/p>\n<p>Leia menos<br \/>\nDetalhes do material<br \/>\n&#8211; Repelente de \u00e1gua repele a \u00e1gua em contato para respirabilidade e conforto<\/p>\n<p>detalhes adicionais<br \/>\n&#8211; Tecido Ripstop nas costas da m\u00e3o para maior durabilidade<br \/>\n&#8211; Dedos compat\u00edveis com tela sens\u00edvel ao toque para uso de dispositivos digitais<br \/>\n&#8211; Painel de limpeza de suor no polegar para limpeza de transpira\u00e7\u00e3o em movimento<br \/>\n&#8211; Tecido de malha estrat\u00e9gica entre os dedos oferece maior destreza<br \/>\n&#8211; Ader\u00eancia de silicone de impress\u00e3o gr\u00e1fica na palma da m\u00e3o para melhor tato<br \/>\n&#8211; Punhos de fecho de velcro com design gr\u00e1fico garantem um ajuste elegante e seguro<br \/>\n&#8211; A constru\u00e7\u00e3o de ventila\u00e7\u00e3o nas palmas das m\u00e3os fornece resfriamento aprimorado<\/p>\n<p>Composi\u00e7\u00e3o material<br \/>\n&#8211; 60% Nylon<br \/>\n&#8211; 40% Poliuretano<\/p>\n","protected":false},"excerpt":{"rendered":"<p>Navegue em seu terreno mais dif\u00edcil em estilo funcional com esta luva Off Camber MTB que possui tecido repelente \u00e0 \u00e1gua, ripstop e dedos compat\u00edveis com tela sens\u00edvel ao toque. Um painel de limpeza de suor no polegar ajuda a tratar a transpira\u00e7\u00e3o e a constru\u00e7\u00e3o de ventila\u00e7\u00e3o nas palmas das m\u00e3os proporciona resfriamento em&hellip;<\/p>\n","protected":false},"featured_media":1079,"comment_status":"open","ping_status":"closed","template":"","meta":[],"product_brand":[],"product_cat":[31,28],"product_tag":[],"class_list":{"0":"post-1075","1":"product","2":"type-product","3":"status-publish","4":"has-post-thumbnail","6":"product_cat-equipamento","7":"product_cat-luvas","8":"entry","9":"has-media","11":"first","12":"instock","13":"taxable","14":"shipping-taxable","15":"purchasable","16":"product-type-variable","17":"has-default-attributes"},"_links":{"self":[{"href":"https:\/\/ridextravel.com\/ridemybike\/wp-json\/wp\/v2\/product\/1075","targetHints":{"allow":["GET"]}}],"collection":[{"href":"https:\/\/ridextravel.com\/ridemybike\/wp-json\/wp\/v2\/product"}],"about":[{"href":"https:\/\/ridextravel.com\/ridemybike\/wp-json\/wp\/v2\/types\/product"}],"replies":[{"embeddable":true,"href":"https:\/\/ridextravel.com\/ridemybike\/wp-json\/wp\/v2\/comments?post=1075"}],"wp:featuredmedia":[{"embeddable":true,"href":"https:\/\/ridextravel.com\/ridemybike\/wp-json\/wp\/v2\/media\/1079"}],"wp:attachment":[{"href":"https:\/\/ridextravel.com\/ridemybike\/wp-json\/wp\/v2\/media?parent=1075"}],"wp:term":[{"taxonomy":"product_brand","embeddable":true,"href":"https:\/\/ridextravel.com\/ridemybike\/wp-json\/wp\/v2\/product_brand?post=1075"},{"taxonomy":"product_cat","embeddable":true,"href":"https:\/\/ridextravel.com\/ridemybike\/wp-json\/wp\/v2\/product_cat?post=1075"},{"taxonomy":"product_tag","embeddable":true,"href":"https:\/\/ridextravel.com\/ridemybike\/wp-json\/wp\/v2\/product_tag?post=1075"}],"curies":[{"name":"wp","href":"https:\/\/api.w.org\/{rel}","templated":true}]}}