{"id":1097,"date":"2022-05-16T15:19:44","date_gmt":"2022-05-16T15:19:44","guid":{"rendered":"https:\/\/ridextravel.com\/ridemybike\/?post_type=product&#038;p=1097"},"modified":"2022-05-16T15:20:36","modified_gmt":"2022-05-16T15:20:36","slug":"1097","status":"publish","type":"product","link":"https:\/\/ridextravel.com\/ridemybike\/produto\/1097\/","title":{"rendered":"Socks unisex pure stormy"},"content":{"rendered":"<p>Propriedades: Meryl Skinlife.<\/p>\n<p>Faixa de uso: 20\u00baC a 38\u00baC<\/p>\n<p>As novas SOCKS Pure, incorporando um novo tecido de nylon melhorado, que favorece a evacua\u00e7\u00e3o do suor de forma mais eficaz, s\u00e3o macias e confort\u00e1veis, garantindo o m\u00e1ximo conforto nas suas pedaladas. Estas SOCKS Estas s\u00e3o desenhadas para competi\u00e7\u00e3o ou percursos de alta intensidade, com cores que combinam perfeitamente com todas as nossas roupas. Meryl Skinlife previne odores indesejados na roupa e mant\u00e9m o equil\u00edbrio natural da pele. Meryl Skinlife \u00e9 um tecido livre de solventes qu\u00edmicos e garante zero contamina\u00e7\u00e3o micropl\u00e1stica.<\/p>\n","protected":false},"excerpt":{"rendered":"<p>Propriedades: Meryl Skinlife. Faixa de uso: 20\u00baC a 38\u00baC As novas SOCKS Pure, incorporando um novo tecido de nylon melhorado, que favorece a evacua\u00e7\u00e3o do suor de forma mais eficaz, s\u00e3o macias e confort\u00e1veis, garantindo o m\u00e1ximo conforto nas suas pedaladas. Estas SOCKS Estas s\u00e3o desenhadas para competi\u00e7\u00e3o ou percursos de alta intensidade, com cores&hellip;<\/p>\n","protected":false},"featured_media":1099,"comment_status":"open","ping_status":"closed","template":"","meta":[],"product_brand":[],"product_cat":[31,33],"product_tag":[],"class_list":{"0":"post-1097","1":"product","2":"type-product","3":"status-publish","4":"has-post-thumbnail","6":"product_cat-equipamento","7":"product_cat-meias","8":"entry","9":"has-media","11":"first","12":"instock","13":"taxable","14":"shipping-taxable","15":"purchasable","16":"product-type-simple"},"_links":{"self":[{"href":"https:\/\/ridextravel.com\/ridemybike\/wp-json\/wp\/v2\/product\/1097","targetHints":{"allow":["GET"]}}],"collection":[{"href":"https:\/\/ridextravel.com\/ridemybike\/wp-json\/wp\/v2\/product"}],"about":[{"href":"https:\/\/ridextravel.com\/ridemybike\/wp-json\/wp\/v2\/types\/product"}],"replies":[{"embeddable":true,"href":"https:\/\/ridextravel.com\/ridemybike\/wp-json\/wp\/v2\/comments?post=1097"}],"wp:featuredmedia":[{"embeddable":true,"href":"https:\/\/ridextravel.com\/ridemybike\/wp-json\/wp\/v2\/media\/1099"}],"wp:attachment":[{"href":"https:\/\/ridextravel.com\/ridemybike\/wp-json\/wp\/v2\/media?parent=1097"}],"wp:term":[{"taxonomy":"product_brand","embeddable":true,"href":"https:\/\/ridextravel.com\/ridemybike\/wp-json\/wp\/v2\/product_brand?post=1097"},{"taxonomy":"product_cat","embeddable":true,"href":"https:\/\/ridextravel.com\/ridemybike\/wp-json\/wp\/v2\/product_cat?post=1097"},{"taxonomy":"product_tag","embeddable":true,"href":"https:\/\/ridextravel.com\/ridemybike\/wp-json\/wp\/v2\/product_tag?post=1097"}],"curies":[{"name":"wp","href":"https:\/\/api.w.org\/{rel}","templated":true}]}}