{"id":1103,"date":"2022-05-16T16:06:32","date_gmt":"2022-05-16T16:06:32","guid":{"rendered":"https:\/\/ridextravel.com\/ridemybike\/?post_type=product&#038;p=1103"},"modified":"2022-05-16T16:06:52","modified_gmt":"2022-05-16T16:06:52","slug":"socks-unisex-pure-stone","status":"publish","type":"product","link":"https:\/\/ridextravel.com\/ridemybike\/produto\/socks-unisex-pure-stone\/","title":{"rendered":"Socks unisex pure stone"},"content":{"rendered":"<p>As novas meias Pure incorporam um novo tecido de nylon aprimorado, que favorece a evacua\u00e7\u00e3o do suor de forma mais eficaz, s\u00e3o macias e confort\u00e1veis, garantindo o m\u00e1ximo conforto nas suas pedaladas. Estas meias s\u00e3o pensadas para competi\u00e7\u00e3o ou percursos de alta intensidade, com cores que combinam na perfei\u00e7\u00e3o com todas as nossas roupas. Meryl\u00ae Skinlife previne odores indesej\u00e1veis na roupa e mant\u00e9m o equil\u00edbrio natural da pele. Meryl Skinlife \u00e9 um tecido livre de solventes qu\u00edmicos e garante contamina\u00e7\u00e3o micropl\u00e1stica zero. Caracter\u00edsticas: -Propriedades: Meryl Skinlife. -Faixa de uso: 20\u00baC a 38\u00baC.<\/p>\n","protected":false},"excerpt":{"rendered":"<p>As novas meias Pure incorporam um novo tecido de nylon aprimorado, que favorece a evacua\u00e7\u00e3o do suor de forma mais eficaz, s\u00e3o macias e confort\u00e1veis, garantindo o m\u00e1ximo conforto nas suas pedaladas. Estas meias s\u00e3o pensadas para competi\u00e7\u00e3o ou percursos de alta intensidade, com cores que combinam na perfei\u00e7\u00e3o com todas as nossas roupas. Meryl\u00ae&hellip;<\/p>\n","protected":false},"featured_media":1105,"comment_status":"open","ping_status":"closed","template":"","meta":[],"product_brand":[],"product_cat":[31,33],"product_tag":[],"class_list":{"0":"post-1103","1":"product","2":"type-product","3":"status-publish","4":"has-post-thumbnail","6":"product_cat-equipamento","7":"product_cat-meias","8":"entry","9":"has-media","11":"first","12":"instock","13":"taxable","14":"shipping-taxable","15":"purchasable","16":"product-type-simple"},"_links":{"self":[{"href":"https:\/\/ridextravel.com\/ridemybike\/wp-json\/wp\/v2\/product\/1103","targetHints":{"allow":["GET"]}}],"collection":[{"href":"https:\/\/ridextravel.com\/ridemybike\/wp-json\/wp\/v2\/product"}],"about":[{"href":"https:\/\/ridextravel.com\/ridemybike\/wp-json\/wp\/v2\/types\/product"}],"replies":[{"embeddable":true,"href":"https:\/\/ridextravel.com\/ridemybike\/wp-json\/wp\/v2\/comments?post=1103"}],"wp:featuredmedia":[{"embeddable":true,"href":"https:\/\/ridextravel.com\/ridemybike\/wp-json\/wp\/v2\/media\/1105"}],"wp:attachment":[{"href":"https:\/\/ridextravel.com\/ridemybike\/wp-json\/wp\/v2\/media?parent=1103"}],"wp:term":[{"taxonomy":"product_brand","embeddable":true,"href":"https:\/\/ridextravel.com\/ridemybike\/wp-json\/wp\/v2\/product_brand?post=1103"},{"taxonomy":"product_cat","embeddable":true,"href":"https:\/\/ridextravel.com\/ridemybike\/wp-json\/wp\/v2\/product_cat?post=1103"},{"taxonomy":"product_tag","embeddable":true,"href":"https:\/\/ridextravel.com\/ridemybike\/wp-json\/wp\/v2\/product_tag?post=1103"}],"curies":[{"name":"wp","href":"https:\/\/api.w.org\/{rel}","templated":true}]}}