{"id":1113,"date":"2022-05-16T16:52:50","date_gmt":"2022-05-16T16:52:50","guid":{"rendered":"https:\/\/ridextravel.com\/ridemybike\/?post_type=product&#038;p=1113"},"modified":"2022-05-16T16:53:09","modified_gmt":"2022-05-16T16:53:09","slug":"calcetin-iro-unisex-black-diamond","status":"publish","type":"product","link":"https:\/\/ridextravel.com\/ridemybike\/produto\/calcetin-iro-unisex-black-diamond\/","title":{"rendered":"Calcetin IRO unisex black diamond"},"content":{"rendered":"<p>Calcetinas desportivas. Esco te talla para un look.<\/p>\n<p>A combina\u00e7\u00e3o de hilo de poliamida-microfibra e Coolmax traz uma grande ligereza e transpirabilidade. Concebidos com uma m\u00eddia de compress\u00e3o para ajustar e otimizar a otimiza\u00e7\u00e3o.<\/p>\n<p>O complemento ideal para competi\u00e7\u00e3o e grandes empreendimentos em climas c\u00e1lidos.<\/p>\n","protected":false},"excerpt":{"rendered":"<p>Calcetinas desportivas. Esco te talla para un look. A combina\u00e7\u00e3o de hilo de poliamida-microfibra e Coolmax traz uma grande ligereza e transpirabilidade. Concebidos com uma m\u00eddia de compress\u00e3o para ajustar e otimizar a otimiza\u00e7\u00e3o. O complemento ideal para competi\u00e7\u00e3o e grandes empreendimentos em climas c\u00e1lidos.<\/p>\n","protected":false},"featured_media":1115,"comment_status":"open","ping_status":"closed","template":"","meta":[],"product_brand":[],"product_cat":[31,33],"product_tag":[],"class_list":{"0":"post-1113","1":"product","2":"type-product","3":"status-publish","4":"has-post-thumbnail","6":"product_cat-equipamento","7":"product_cat-meias","8":"entry","9":"has-media","11":"first","12":"instock","13":"taxable","14":"shipping-taxable","15":"purchasable","16":"product-type-simple"},"_links":{"self":[{"href":"https:\/\/ridextravel.com\/ridemybike\/wp-json\/wp\/v2\/product\/1113","targetHints":{"allow":["GET"]}}],"collection":[{"href":"https:\/\/ridextravel.com\/ridemybike\/wp-json\/wp\/v2\/product"}],"about":[{"href":"https:\/\/ridextravel.com\/ridemybike\/wp-json\/wp\/v2\/types\/product"}],"replies":[{"embeddable":true,"href":"https:\/\/ridextravel.com\/ridemybike\/wp-json\/wp\/v2\/comments?post=1113"}],"wp:featuredmedia":[{"embeddable":true,"href":"https:\/\/ridextravel.com\/ridemybike\/wp-json\/wp\/v2\/media\/1115"}],"wp:attachment":[{"href":"https:\/\/ridextravel.com\/ridemybike\/wp-json\/wp\/v2\/media?parent=1113"}],"wp:term":[{"taxonomy":"product_brand","embeddable":true,"href":"https:\/\/ridextravel.com\/ridemybike\/wp-json\/wp\/v2\/product_brand?post=1113"},{"taxonomy":"product_cat","embeddable":true,"href":"https:\/\/ridextravel.com\/ridemybike\/wp-json\/wp\/v2\/product_cat?post=1113"},{"taxonomy":"product_tag","embeddable":true,"href":"https:\/\/ridextravel.com\/ridemybike\/wp-json\/wp\/v2\/product_tag?post=1113"}],"curies":[{"name":"wp","href":"https:\/\/api.w.org\/{rel}","templated":true}]}}