{"id":1119,"date":"2022-05-16T17:10:05","date_gmt":"2022-05-16T17:10:05","guid":{"rendered":"https:\/\/ridextravel.com\/ridemybike\/?post_type=product&#038;p=1119"},"modified":"2022-05-16T17:10:05","modified_gmt":"2022-05-16T17:10:05","slug":"unisex-nisex-socks-iro-2-0-white-logo","status":"publish","type":"product","link":"https:\/\/ridextravel.com\/ridemybike\/produto\/unisex-nisex-socks-iro-2-0-white-logo\/","title":{"rendered":"Unisex nisex socks IRO 2.0 white logo"},"content":{"rendered":"<p>Caracter\u00edsticas: Fio multifilamento de poliamida QSkin<br \/>\nFaixa de uso: 20\u00baC a 38\u00baC<br \/>\nA tecnologia QSkin inibe a transmiss\u00e3o da superf\u00edcie t\u00eaxtil de v\u00edrus envelopados. O agente antibacteriano localizado na matriz polim\u00e9rica funciona bloqueando a contamina\u00e7\u00e3o cruzada de v\u00edrus e bact\u00e9rias.<\/p>\n<p>Al\u00e9m de evitar a migra\u00e7\u00e3o qu\u00edmica do tecido para a pele e para o meio ambiente, o QSkin garante o aumento da vida \u00fatil do tecido.<\/p>\n<p>Concebidos com uma compress\u00e3o m\u00e9dia para um ajuste e suporte ideais, s\u00e3o o acess\u00f3rio ideal para competi\u00e7\u00f5es e longas sess\u00f5es de treinamento em climas quentes.<\/p>\n","protected":false},"excerpt":{"rendered":"<p>Caracter\u00edsticas: Fio multifilamento de poliamida QSkin Faixa de uso: 20\u00baC a 38\u00baC A tecnologia QSkin inibe a transmiss\u00e3o da superf\u00edcie t\u00eaxtil de v\u00edrus envelopados. O agente antibacteriano localizado na matriz polim\u00e9rica funciona bloqueando a contamina\u00e7\u00e3o cruzada de v\u00edrus e bact\u00e9rias. Al\u00e9m de evitar a migra\u00e7\u00e3o qu\u00edmica do tecido para a pele e para o meio&hellip;<\/p>\n","protected":false},"featured_media":1120,"comment_status":"open","ping_status":"closed","template":"","meta":[],"product_brand":[],"product_cat":[31,33],"product_tag":[],"class_list":{"0":"post-1119","1":"product","2":"type-product","3":"status-publish","4":"has-post-thumbnail","6":"product_cat-equipamento","7":"product_cat-meias","8":"entry","9":"has-media","11":"first","12":"instock","13":"taxable","14":"shipping-taxable","15":"purchasable","16":"product-type-simple"},"_links":{"self":[{"href":"https:\/\/ridextravel.com\/ridemybike\/wp-json\/wp\/v2\/product\/1119","targetHints":{"allow":["GET"]}}],"collection":[{"href":"https:\/\/ridextravel.com\/ridemybike\/wp-json\/wp\/v2\/product"}],"about":[{"href":"https:\/\/ridextravel.com\/ridemybike\/wp-json\/wp\/v2\/types\/product"}],"replies":[{"embeddable":true,"href":"https:\/\/ridextravel.com\/ridemybike\/wp-json\/wp\/v2\/comments?post=1119"}],"wp:featuredmedia":[{"embeddable":true,"href":"https:\/\/ridextravel.com\/ridemybike\/wp-json\/wp\/v2\/media\/1120"}],"wp:attachment":[{"href":"https:\/\/ridextravel.com\/ridemybike\/wp-json\/wp\/v2\/media?parent=1119"}],"wp:term":[{"taxonomy":"product_brand","embeddable":true,"href":"https:\/\/ridextravel.com\/ridemybike\/wp-json\/wp\/v2\/product_brand?post=1119"},{"taxonomy":"product_cat","embeddable":true,"href":"https:\/\/ridextravel.com\/ridemybike\/wp-json\/wp\/v2\/product_cat?post=1119"},{"taxonomy":"product_tag","embeddable":true,"href":"https:\/\/ridextravel.com\/ridemybike\/wp-json\/wp\/v2\/product_tag?post=1119"}],"curies":[{"name":"wp","href":"https:\/\/api.w.org\/{rel}","templated":true}]}}