{"id":1129,"date":"2022-05-17T10:12:59","date_gmt":"2022-05-17T10:12:59","guid":{"rendered":"https:\/\/ridextravel.com\/ridemybike\/?post_type=product&#038;p=1129"},"modified":"2022-05-17T10:12:59","modified_gmt":"2022-05-17T10:12:59","slug":"socks-unisex-lightweight-antartica","status":"publish","type":"product","link":"https:\/\/ridextravel.com\/ridemybike\/produto\/socks-unisex-lightweight-antartica\/","title":{"rendered":"Socks unisex lightweight antartica"},"content":{"rendered":"<p>Propriedades: 100% fibras Meryl Skinlife &#8211; Antibacteriano<br \/>\nFaixa de uso: 25\u00baC a 40\u00baC<br \/>\nMalha leve e macia em fibras Meryl Skinlife, que n\u00e3o s\u00f3 oferecem propriedades antibacterianas, mas tamb\u00e9m ajudam a eliminar a umidade nos dias mais quentes.<\/p>\n<p>Eles s\u00e3o projetados para oferecer altos n\u00edveis de respirabilidade e alongamento, tornando-os extremamente confort\u00e1veis \u200b\u200bdurante o uso intensivo.<\/p>\n","protected":false},"excerpt":{"rendered":"<p>Propriedades: 100% fibras Meryl Skinlife &#8211; Antibacteriano Faixa de uso: 25\u00baC a 40\u00baC Malha leve e macia em fibras Meryl Skinlife, que n\u00e3o s\u00f3 oferecem propriedades antibacterianas, mas tamb\u00e9m ajudam a eliminar a umidade nos dias mais quentes. Eles s\u00e3o projetados para oferecer altos n\u00edveis de respirabilidade e alongamento, tornando-os extremamente confort\u00e1veis \u200b\u200bdurante o uso&hellip;<\/p>\n","protected":false},"featured_media":1130,"comment_status":"open","ping_status":"closed","template":"","meta":[],"product_brand":[],"product_cat":[31,33],"product_tag":[],"class_list":{"0":"post-1129","1":"product","2":"type-product","3":"status-publish","4":"has-post-thumbnail","6":"product_cat-equipamento","7":"product_cat-meias","8":"entry","9":"has-media","11":"first","12":"instock","13":"taxable","14":"shipping-taxable","15":"purchasable","16":"product-type-simple"},"_links":{"self":[{"href":"https:\/\/ridextravel.com\/ridemybike\/wp-json\/wp\/v2\/product\/1129","targetHints":{"allow":["GET"]}}],"collection":[{"href":"https:\/\/ridextravel.com\/ridemybike\/wp-json\/wp\/v2\/product"}],"about":[{"href":"https:\/\/ridextravel.com\/ridemybike\/wp-json\/wp\/v2\/types\/product"}],"replies":[{"embeddable":true,"href":"https:\/\/ridextravel.com\/ridemybike\/wp-json\/wp\/v2\/comments?post=1129"}],"wp:featuredmedia":[{"embeddable":true,"href":"https:\/\/ridextravel.com\/ridemybike\/wp-json\/wp\/v2\/media\/1130"}],"wp:attachment":[{"href":"https:\/\/ridextravel.com\/ridemybike\/wp-json\/wp\/v2\/media?parent=1129"}],"wp:term":[{"taxonomy":"product_brand","embeddable":true,"href":"https:\/\/ridextravel.com\/ridemybike\/wp-json\/wp\/v2\/product_brand?post=1129"},{"taxonomy":"product_cat","embeddable":true,"href":"https:\/\/ridextravel.com\/ridemybike\/wp-json\/wp\/v2\/product_cat?post=1129"},{"taxonomy":"product_tag","embeddable":true,"href":"https:\/\/ridextravel.com\/ridemybike\/wp-json\/wp\/v2\/product_tag?post=1129"}],"curies":[{"name":"wp","href":"https:\/\/api.w.org\/{rel}","templated":true}]}}