{"id":1154,"date":"2022-05-17T11:55:04","date_gmt":"2022-05-17T11:55:04","guid":{"rendered":"https:\/\/ridextravel.com\/ridemybike\/?post_type=product&#038;p=1154"},"modified":"2022-05-17T11:55:04","modified_gmt":"2022-05-17T11:55:04","slug":"pinarello-t-wrinting-socks-green","status":"publish","type":"product","link":"https:\/\/ridextravel.com\/ridemybike\/produto\/pinarello-t-wrinting-socks-green\/","title":{"rendered":"Pinarello T-wrinting socks &#8211; Green"},"content":{"rendered":"<p><span>Pinarello Think Asymmetric Socks, \u00e9 uma meia t\u00e9cnica respir\u00e1vel com uma constru\u00e7\u00e3o diferenciada na rede no peito do p\u00e9 para favorecer a ventila\u00e7\u00e3o.<\/span><\/p>\n<ul>\n<li><span>Constru\u00e7\u00e3o anat\u00f4mica diferente.<\/span><\/li>\n<li><span>Processamento diferenciado de malha respir\u00e1vel.<\/span><\/li>\n<li><span>Faixa de suporte el\u00e1stica multicamada no meio do p\u00e9.<\/span><\/li>\n<li><span>Punho com elasticidade diferenciada.<\/span><\/li>\n<li><span>Altura 15cm.<\/span><\/li>\n<li><span>Cor: Preto\/Verde.<\/span><\/li>\n<\/ul>\n","protected":false},"excerpt":{"rendered":"<p>Pinarello Think Asymmetric Socks, \u00e9 uma meia t\u00e9cnica respir\u00e1vel com uma constru\u00e7\u00e3o diferenciada na rede no peito do p\u00e9 para favorecer a ventila\u00e7\u00e3o. Constru\u00e7\u00e3o anat\u00f4mica diferente. Processamento diferenciado de malha respir\u00e1vel. Faixa de suporte el\u00e1stica multicamada no meio do p\u00e9. Punho com elasticidade diferenciada. Altura 15cm. Cor: Preto\/Verde.<\/p>\n","protected":false},"featured_media":1155,"comment_status":"open","ping_status":"closed","template":"","meta":[],"product_brand":[],"product_cat":[31,33],"product_tag":[],"class_list":{"0":"post-1154","1":"product","2":"type-product","3":"status-publish","4":"has-post-thumbnail","6":"product_cat-equipamento","7":"product_cat-meias","8":"entry","9":"has-media","11":"first","12":"instock","13":"taxable","14":"shipping-taxable","15":"purchasable","16":"product-type-simple"},"_links":{"self":[{"href":"https:\/\/ridextravel.com\/ridemybike\/wp-json\/wp\/v2\/product\/1154","targetHints":{"allow":["GET"]}}],"collection":[{"href":"https:\/\/ridextravel.com\/ridemybike\/wp-json\/wp\/v2\/product"}],"about":[{"href":"https:\/\/ridextravel.com\/ridemybike\/wp-json\/wp\/v2\/types\/product"}],"replies":[{"embeddable":true,"href":"https:\/\/ridextravel.com\/ridemybike\/wp-json\/wp\/v2\/comments?post=1154"}],"wp:featuredmedia":[{"embeddable":true,"href":"https:\/\/ridextravel.com\/ridemybike\/wp-json\/wp\/v2\/media\/1155"}],"wp:attachment":[{"href":"https:\/\/ridextravel.com\/ridemybike\/wp-json\/wp\/v2\/media?parent=1154"}],"wp:term":[{"taxonomy":"product_brand","embeddable":true,"href":"https:\/\/ridextravel.com\/ridemybike\/wp-json\/wp\/v2\/product_brand?post=1154"},{"taxonomy":"product_cat","embeddable":true,"href":"https:\/\/ridextravel.com\/ridemybike\/wp-json\/wp\/v2\/product_cat?post=1154"},{"taxonomy":"product_tag","embeddable":true,"href":"https:\/\/ridextravel.com\/ridemybike\/wp-json\/wp\/v2\/product_tag?post=1154"}],"curies":[{"name":"wp","href":"https:\/\/api.w.org\/{rel}","templated":true}]}}