{"id":1159,"date":"2022-05-17T14:52:54","date_gmt":"2022-05-17T14:52:54","guid":{"rendered":"https:\/\/ridextravel.com\/ridemybike\/?post_type=product&#038;p=1159"},"modified":"2022-05-17T15:05:35","modified_gmt":"2022-05-17T15:05:35","slug":"soft-air-road-tall-colecao-sagan-disruption","status":"publish","type":"product","link":"https:\/\/ridextravel.com\/ridemybike\/produto\/soft-air-road-tall-colecao-sagan-disruption\/","title":{"rendered":"Soft Air Road Tall &#8211; Cole\u00e7\u00e3o Sagan: Disruption"},"content":{"rendered":"<ul>\n<li>Os fios Soft Air Vaporize combatem o odor com i\u00f5es de prata que eliminam a humidade para proporcionar um ambiente seco que agradar\u00e1 aos teus p\u00e9s.<\/li>\n<li>O cano de compress\u00e3o leve adiciona seguran\u00e7a e conforto ao longo da tua volta.<\/li>\n<li>O arco m\u00e9dio do p\u00e9 PowerBand d\u00e1 suporte ao p\u00e9 e protege a forma e o encaixe onde o p\u00e9 mais precisa.<\/li>\n<li>O canal do dedo do p\u00e9 em malha ventilada ajuda a manter as coisas leves e arejadas dentro do sapato.<\/li>\n<li>A zona texturizada sob o antep\u00e9 reduz o deslizamento.<\/li>\n<li>Cano alto.<\/li>\n<li>Altura do cano de 18 cm (tamanho m\u00e9dio)<\/li>\n<\/ul>\n","protected":false},"excerpt":{"rendered":"<p>Os fios Soft Air Vaporize combatem o odor com i\u00f5es de prata que eliminam a humidade para proporcionar um ambiente seco que agradar\u00e1 aos teus p\u00e9s. O cano de compress\u00e3o leve adiciona seguran\u00e7a e conforto ao longo da tua volta. O arco m\u00e9dio do p\u00e9 PowerBand d\u00e1 suporte ao p\u00e9 e protege a forma e&hellip;<\/p>\n","protected":false},"featured_media":1160,"comment_status":"open","ping_status":"closed","template":"","meta":[],"product_brand":[],"product_cat":[31,33],"product_tag":[],"class_list":{"0":"post-1159","1":"product","2":"type-product","3":"status-publish","4":"has-post-thumbnail","6":"product_cat-equipamento","7":"product_cat-meias","8":"entry","9":"has-media","11":"first","12":"instock","13":"taxable","14":"shipping-taxable","15":"purchasable","16":"product-type-simple"},"_links":{"self":[{"href":"https:\/\/ridextravel.com\/ridemybike\/wp-json\/wp\/v2\/product\/1159","targetHints":{"allow":["GET"]}}],"collection":[{"href":"https:\/\/ridextravel.com\/ridemybike\/wp-json\/wp\/v2\/product"}],"about":[{"href":"https:\/\/ridextravel.com\/ridemybike\/wp-json\/wp\/v2\/types\/product"}],"replies":[{"embeddable":true,"href":"https:\/\/ridextravel.com\/ridemybike\/wp-json\/wp\/v2\/comments?post=1159"}],"wp:featuredmedia":[{"embeddable":true,"href":"https:\/\/ridextravel.com\/ridemybike\/wp-json\/wp\/v2\/media\/1160"}],"wp:attachment":[{"href":"https:\/\/ridextravel.com\/ridemybike\/wp-json\/wp\/v2\/media?parent=1159"}],"wp:term":[{"taxonomy":"product_brand","embeddable":true,"href":"https:\/\/ridextravel.com\/ridemybike\/wp-json\/wp\/v2\/product_brand?post=1159"},{"taxonomy":"product_cat","embeddable":true,"href":"https:\/\/ridextravel.com\/ridemybike\/wp-json\/wp\/v2\/product_cat?post=1159"},{"taxonomy":"product_tag","embeddable":true,"href":"https:\/\/ridextravel.com\/ridemybike\/wp-json\/wp\/v2\/product_tag?post=1159"}],"curies":[{"name":"wp","href":"https:\/\/api.w.org\/{rel}","templated":true}]}}