{"id":1162,"date":"2022-05-17T15:09:33","date_gmt":"2022-05-17T15:09:33","guid":{"rendered":"https:\/\/ridextravel.com\/ridemybike\/?post_type=product&#038;p=1162"},"modified":"2022-05-17T15:09:53","modified_gmt":"2022-05-17T15:09:53","slug":"specialized-road-meia-alta-sagan-coll","status":"publish","type":"product","link":"https:\/\/ridextravel.com\/ridemybike\/produto\/specialized-road-meia-alta-sagan-coll\/","title":{"rendered":"Specialized Road Meia Alta Sagan Coll"},"content":{"rendered":"<p>Os fios Meryl Skinlife combatem o odor com \u00edons de prata e movem a umidade para proporcionar um ambiente seco e livre de bact\u00e9rias que seus p\u00e9s apreciar\u00e3o.<br \/>\nO manguito de compress\u00e3o leve adiciona seguran\u00e7a e conforto ao longo do seu passeio.<br \/>\nO arco do meio do p\u00e9 PowerBand suporta o p\u00e9 e protege a forma e o ajuste onde o p\u00e9 mais precisa.<br \/>\nO canal da biqueira de malha ventilada ajuda a manter as coisas leves e arejadas dentro do sapato.<br \/>\nA zona texturizada sob o antep\u00e9 reduz o deslizamento.<br \/>\nAltura graduada do manguito pr\u00e9-lavado de 7 &#8221;<br \/>\nAltura do manguito de 7&#8243; (tamanho pequeno\/m\u00e9dio)<\/p>\n","protected":false},"excerpt":{"rendered":"<p>Os fios Meryl Skinlife combatem o odor com \u00edons de prata e movem a umidade para proporcionar um ambiente seco e livre de bact\u00e9rias que seus p\u00e9s apreciar\u00e3o. O manguito de compress\u00e3o leve adiciona seguran\u00e7a e conforto ao longo do seu passeio. O arco do meio do p\u00e9 PowerBand suporta o p\u00e9 e protege a&hellip;<\/p>\n","protected":false},"featured_media":1163,"comment_status":"open","ping_status":"closed","template":"","meta":[],"product_brand":[],"product_cat":[31,33],"product_tag":[],"class_list":{"0":"post-1162","1":"product","2":"type-product","3":"status-publish","4":"has-post-thumbnail","6":"product_cat-equipamento","7":"product_cat-meias","8":"entry","9":"has-media","11":"first","12":"instock","13":"taxable","14":"shipping-taxable","15":"purchasable","16":"product-type-simple"},"_links":{"self":[{"href":"https:\/\/ridextravel.com\/ridemybike\/wp-json\/wp\/v2\/product\/1162","targetHints":{"allow":["GET"]}}],"collection":[{"href":"https:\/\/ridextravel.com\/ridemybike\/wp-json\/wp\/v2\/product"}],"about":[{"href":"https:\/\/ridextravel.com\/ridemybike\/wp-json\/wp\/v2\/types\/product"}],"replies":[{"embeddable":true,"href":"https:\/\/ridextravel.com\/ridemybike\/wp-json\/wp\/v2\/comments?post=1162"}],"wp:featuredmedia":[{"embeddable":true,"href":"https:\/\/ridextravel.com\/ridemybike\/wp-json\/wp\/v2\/media\/1163"}],"wp:attachment":[{"href":"https:\/\/ridextravel.com\/ridemybike\/wp-json\/wp\/v2\/media?parent=1162"}],"wp:term":[{"taxonomy":"product_brand","embeddable":true,"href":"https:\/\/ridextravel.com\/ridemybike\/wp-json\/wp\/v2\/product_brand?post=1162"},{"taxonomy":"product_cat","embeddable":true,"href":"https:\/\/ridextravel.com\/ridemybike\/wp-json\/wp\/v2\/product_cat?post=1162"},{"taxonomy":"product_tag","embeddable":true,"href":"https:\/\/ridextravel.com\/ridemybike\/wp-json\/wp\/v2\/product_tag?post=1162"}],"curies":[{"name":"wp","href":"https:\/\/api.w.org\/{rel}","templated":true}]}}