{"id":1164,"date":"2022-05-17T15:25:51","date_gmt":"2022-05-17T15:25:51","guid":{"rendered":"https:\/\/ridextravel.com\/ridemybike\/?post_type=product&#038;p=1164"},"modified":"2022-05-17T15:26:13","modified_gmt":"2022-05-17T15:26:13","slug":"castelli-chpt3-vuelta-1-51-socks","status":"publish","type":"product","link":"https:\/\/ridextravel.com\/ridemybike\/produto\/castelli-chpt3-vuelta-1-51-socks\/","title":{"rendered":"Castelli Chpt3 Vuelta 1.51 Socks"},"content":{"rendered":"<p>As meias Chpt3 Vuelta 1.51 oferecem a composi\u00e7\u00e3o t\u00e9cnica necess\u00e1ria para um conforto duradouro na bicicleta, mantendo uma est\u00e9tica diferenciada.\u00a0Estes s\u00e3o o produto da busca da Chpt3 para recriar as melhores meias do mundo.<\/p>\n<p>Manguito alto (15cm)<br \/>\nP\u00e9 de cer\u00e2mica<br \/>\nFios antibacterianos Meryl Skinlife<br \/>\nTecido ergon\u00f4mico<br \/>\nEstilo suave<\/p>\n","protected":false},"excerpt":{"rendered":"<p>As meias Chpt3 Vuelta 1.51 oferecem a composi\u00e7\u00e3o t\u00e9cnica necess\u00e1ria para um conforto duradouro na bicicleta, mantendo uma est\u00e9tica diferenciada.\u00a0Estes s\u00e3o o produto da busca da Chpt3 para recriar as melhores meias do mundo. Manguito alto (15cm) P\u00e9 de cer\u00e2mica Fios antibacterianos Meryl Skinlife Tecido ergon\u00f4mico Estilo suave<\/p>\n","protected":false},"featured_media":1165,"comment_status":"open","ping_status":"closed","template":"","meta":[],"product_brand":[],"product_cat":[31,33],"product_tag":[],"class_list":{"0":"post-1164","1":"product","2":"type-product","3":"status-publish","4":"has-post-thumbnail","6":"product_cat-equipamento","7":"product_cat-meias","8":"entry","9":"has-media","11":"first","12":"instock","13":"taxable","14":"shipping-taxable","15":"purchasable","16":"product-type-simple"},"_links":{"self":[{"href":"https:\/\/ridextravel.com\/ridemybike\/wp-json\/wp\/v2\/product\/1164","targetHints":{"allow":["GET"]}}],"collection":[{"href":"https:\/\/ridextravel.com\/ridemybike\/wp-json\/wp\/v2\/product"}],"about":[{"href":"https:\/\/ridextravel.com\/ridemybike\/wp-json\/wp\/v2\/types\/product"}],"replies":[{"embeddable":true,"href":"https:\/\/ridextravel.com\/ridemybike\/wp-json\/wp\/v2\/comments?post=1164"}],"wp:featuredmedia":[{"embeddable":true,"href":"https:\/\/ridextravel.com\/ridemybike\/wp-json\/wp\/v2\/media\/1165"}],"wp:attachment":[{"href":"https:\/\/ridextravel.com\/ridemybike\/wp-json\/wp\/v2\/media?parent=1164"}],"wp:term":[{"taxonomy":"product_brand","embeddable":true,"href":"https:\/\/ridextravel.com\/ridemybike\/wp-json\/wp\/v2\/product_brand?post=1164"},{"taxonomy":"product_cat","embeddable":true,"href":"https:\/\/ridextravel.com\/ridemybike\/wp-json\/wp\/v2\/product_cat?post=1164"},{"taxonomy":"product_tag","embeddable":true,"href":"https:\/\/ridextravel.com\/ridemybike\/wp-json\/wp\/v2\/product_tag?post=1164"}],"curies":[{"name":"wp","href":"https:\/\/api.w.org\/{rel}","templated":true}]}}