{"id":1167,"date":"2022-05-17T16:30:42","date_gmt":"2022-05-17T16:30:42","guid":{"rendered":"https:\/\/ridextravel.com\/ridemybike\/?post_type=product&#038;p=1167"},"modified":"2022-05-17T16:30:42","modified_gmt":"2022-05-17T16:30:42","slug":"upacaz-supasox-direto-alto-neon-amarelo","status":"publish","type":"product","link":"https:\/\/ridextravel.com\/ridemybike\/produto\/upacaz-supasox-direto-alto-neon-amarelo\/","title":{"rendered":"upacaz supasox Direto Alto Neon Amarelo"},"content":{"rendered":"<p>As meias Supacaz Straight Up s\u00e3o uma obra de arte tecida. Suaves e f\u00e1ceis de colocar, eles se encaixam extremamente confort\u00e1veis, mantendo-se respir\u00e1veis. A tecnologia de absor\u00e7\u00e3o mant\u00e9m os p\u00e9s secos e frescos em todas as condi\u00e7\u00f5es.<br \/>\nTecnologia de ar frio<br \/>\nAjuste espec\u00edfico da panturrilha para ciclismo<br \/>\n5g mais leve que a m\u00e9dia do mercado<\/p>\n","protected":false},"excerpt":{"rendered":"<p>As meias Supacaz Straight Up s\u00e3o uma obra de arte tecida. Suaves e f\u00e1ceis de colocar, eles se encaixam extremamente confort\u00e1veis, mantendo-se respir\u00e1veis. A tecnologia de absor\u00e7\u00e3o mant\u00e9m os p\u00e9s secos e frescos em todas as condi\u00e7\u00f5es. Tecnologia de ar frio Ajuste espec\u00edfico da panturrilha para ciclismo 5g mais leve que a m\u00e9dia do mercado<\/p>\n","protected":false},"featured_media":1169,"comment_status":"open","ping_status":"closed","template":"","meta":[],"product_brand":[],"product_cat":[31,33],"product_tag":[],"class_list":{"0":"post-1167","1":"product","2":"type-product","3":"status-publish","4":"has-post-thumbnail","6":"product_cat-equipamento","7":"product_cat-meias","8":"entry","9":"has-media","11":"first","12":"instock","13":"taxable","14":"shipping-taxable","15":"purchasable","16":"product-type-simple"},"_links":{"self":[{"href":"https:\/\/ridextravel.com\/ridemybike\/wp-json\/wp\/v2\/product\/1167","targetHints":{"allow":["GET"]}}],"collection":[{"href":"https:\/\/ridextravel.com\/ridemybike\/wp-json\/wp\/v2\/product"}],"about":[{"href":"https:\/\/ridextravel.com\/ridemybike\/wp-json\/wp\/v2\/types\/product"}],"replies":[{"embeddable":true,"href":"https:\/\/ridextravel.com\/ridemybike\/wp-json\/wp\/v2\/comments?post=1167"}],"wp:featuredmedia":[{"embeddable":true,"href":"https:\/\/ridextravel.com\/ridemybike\/wp-json\/wp\/v2\/media\/1169"}],"wp:attachment":[{"href":"https:\/\/ridextravel.com\/ridemybike\/wp-json\/wp\/v2\/media?parent=1167"}],"wp:term":[{"taxonomy":"product_brand","embeddable":true,"href":"https:\/\/ridextravel.com\/ridemybike\/wp-json\/wp\/v2\/product_brand?post=1167"},{"taxonomy":"product_cat","embeddable":true,"href":"https:\/\/ridextravel.com\/ridemybike\/wp-json\/wp\/v2\/product_cat?post=1167"},{"taxonomy":"product_tag","embeddable":true,"href":"https:\/\/ridextravel.com\/ridemybike\/wp-json\/wp\/v2\/product_tag?post=1167"}],"curies":[{"name":"wp","href":"https:\/\/api.w.org\/{rel}","templated":true}]}}