{"id":1175,"date":"2022-05-17T17:11:44","date_gmt":"2022-05-17T17:11:44","guid":{"rendered":"https:\/\/ridextravel.com\/ridemybike\/?post_type=product&#038;p=1175"},"modified":"2022-05-17T17:11:44","modified_gmt":"2022-05-17T17:11:44","slug":"northwave-extreme-winter-socks-green","status":"publish","type":"product","link":"https:\/\/ridextravel.com\/ridemybike\/produto\/northwave-extreme-winter-socks-green\/","title":{"rendered":"Northwave Extreme Winter Socks &#8211; Green"},"content":{"rendered":"<p>As meias Northwave Extreme Winter s\u00e3o feitas de l\u00e3 merino fina misturada com poliamida; uma combina\u00e7\u00e3o que garante excelente isolamento t\u00e9rmico e excelente poder de cobertura.<\/p>\n<p>Biqueira e calcanhar refor\u00e7ados<br \/>\nAltura: 24 cm<br \/>\nPeso: 34g<br \/>\nCor: Floresta verde.<\/p>\n","protected":false},"excerpt":{"rendered":"<p>As meias Northwave Extreme Winter s\u00e3o feitas de l\u00e3 merino fina misturada com poliamida; uma combina\u00e7\u00e3o que garante excelente isolamento t\u00e9rmico e excelente poder de cobertura. Biqueira e calcanhar refor\u00e7ados Altura: 24 cm Peso: 34g Cor: Floresta verde.<\/p>\n","protected":false},"featured_media":1176,"comment_status":"open","ping_status":"closed","template":"","meta":[],"product_brand":[],"product_cat":[31,33],"product_tag":[],"class_list":{"0":"post-1175","1":"product","2":"type-product","3":"status-publish","4":"has-post-thumbnail","6":"product_cat-equipamento","7":"product_cat-meias","8":"entry","9":"has-media","11":"first","12":"instock","13":"taxable","14":"shipping-taxable","15":"purchasable","16":"product-type-simple"},"_links":{"self":[{"href":"https:\/\/ridextravel.com\/ridemybike\/wp-json\/wp\/v2\/product\/1175","targetHints":{"allow":["GET"]}}],"collection":[{"href":"https:\/\/ridextravel.com\/ridemybike\/wp-json\/wp\/v2\/product"}],"about":[{"href":"https:\/\/ridextravel.com\/ridemybike\/wp-json\/wp\/v2\/types\/product"}],"replies":[{"embeddable":true,"href":"https:\/\/ridextravel.com\/ridemybike\/wp-json\/wp\/v2\/comments?post=1175"}],"wp:featuredmedia":[{"embeddable":true,"href":"https:\/\/ridextravel.com\/ridemybike\/wp-json\/wp\/v2\/media\/1176"}],"wp:attachment":[{"href":"https:\/\/ridextravel.com\/ridemybike\/wp-json\/wp\/v2\/media?parent=1175"}],"wp:term":[{"taxonomy":"product_brand","embeddable":true,"href":"https:\/\/ridextravel.com\/ridemybike\/wp-json\/wp\/v2\/product_brand?post=1175"},{"taxonomy":"product_cat","embeddable":true,"href":"https:\/\/ridextravel.com\/ridemybike\/wp-json\/wp\/v2\/product_cat?post=1175"},{"taxonomy":"product_tag","embeddable":true,"href":"https:\/\/ridextravel.com\/ridemybike\/wp-json\/wp\/v2\/product_tag?post=1175"}],"curies":[{"name":"wp","href":"https:\/\/api.w.org\/{rel}","templated":true}]}}