{"id":1180,"date":"2022-05-17T17:33:03","date_gmt":"2022-05-17T17:33:03","guid":{"rendered":"https:\/\/ridextravel.com\/ridemybike\/?post_type=product&#038;p=1180"},"modified":"2022-05-17T17:33:04","modified_gmt":"2022-05-17T17:33:04","slug":"castelli-geo-15-socks","status":"publish","type":"product","link":"https:\/\/ridextravel.com\/ridemybike\/produto\/castelli-geo-15-socks\/","title":{"rendered":"Castelli Geo 15 Socks"},"content":{"rendered":"<div>\n<p><span>Usando Meryl Skinlife, voc\u00ea pode ter certeza de que os p\u00e9s permanecer\u00e3o frescos e sem suor, gra\u00e7as \u00e0s excelentes propriedades de absor\u00e7\u00e3o do fio, enquanto a a\u00e7\u00e3o antimicrobiana incorporada tamb\u00e9m evita o ac\u00famulo de odor.\u00a0Para treino, corrida ou lazer, estas meias de alta qualidade far\u00e3o uma enorme diferen\u00e7a no conforto do seu p\u00e9 enquanto voc\u00ea pedala.\u00a0<\/span><\/p>\n<\/div>\n<p>Fio base Meryl\u00ae Skinlife<br \/>\nAltura profissional<br \/>\nFaixa de suporte do meio do p\u00e9<\/p>\n","protected":false},"excerpt":{"rendered":"<p>Usando Meryl Skinlife, voc\u00ea pode ter certeza de que os p\u00e9s permanecer\u00e3o frescos e sem suor, gra\u00e7as \u00e0s excelentes propriedades de absor\u00e7\u00e3o do fio, enquanto a a\u00e7\u00e3o antimicrobiana incorporada tamb\u00e9m evita o ac\u00famulo de odor.\u00a0Para treino, corrida ou lazer, estas meias de alta qualidade far\u00e3o uma enorme diferen\u00e7a no conforto do seu p\u00e9 enquanto voc\u00ea&hellip;<\/p>\n","protected":false},"featured_media":1181,"comment_status":"open","ping_status":"closed","template":"","meta":[],"product_brand":[],"product_cat":[31,33],"product_tag":[],"class_list":{"0":"post-1180","1":"product","2":"type-product","3":"status-publish","4":"has-post-thumbnail","6":"product_cat-equipamento","7":"product_cat-meias","8":"entry","9":"has-media","11":"first","12":"instock","13":"taxable","14":"shipping-taxable","15":"purchasable","16":"product-type-simple"},"_links":{"self":[{"href":"https:\/\/ridextravel.com\/ridemybike\/wp-json\/wp\/v2\/product\/1180","targetHints":{"allow":["GET"]}}],"collection":[{"href":"https:\/\/ridextravel.com\/ridemybike\/wp-json\/wp\/v2\/product"}],"about":[{"href":"https:\/\/ridextravel.com\/ridemybike\/wp-json\/wp\/v2\/types\/product"}],"replies":[{"embeddable":true,"href":"https:\/\/ridextravel.com\/ridemybike\/wp-json\/wp\/v2\/comments?post=1180"}],"wp:featuredmedia":[{"embeddable":true,"href":"https:\/\/ridextravel.com\/ridemybike\/wp-json\/wp\/v2\/media\/1181"}],"wp:attachment":[{"href":"https:\/\/ridextravel.com\/ridemybike\/wp-json\/wp\/v2\/media?parent=1180"}],"wp:term":[{"taxonomy":"product_brand","embeddable":true,"href":"https:\/\/ridextravel.com\/ridemybike\/wp-json\/wp\/v2\/product_brand?post=1180"},{"taxonomy":"product_cat","embeddable":true,"href":"https:\/\/ridextravel.com\/ridemybike\/wp-json\/wp\/v2\/product_cat?post=1180"},{"taxonomy":"product_tag","embeddable":true,"href":"https:\/\/ridextravel.com\/ridemybike\/wp-json\/wp\/v2\/product_tag?post=1180"}],"curies":[{"name":"wp","href":"https:\/\/api.w.org\/{rel}","templated":true}]}}