{"id":1182,"date":"2022-05-17T17:41:18","date_gmt":"2022-05-17T17:41:18","guid":{"rendered":"https:\/\/ridextravel.com\/ridemybike\/?post_type=product&#038;p=1182"},"modified":"2022-05-17T17:41:37","modified_gmt":"2022-05-17T17:41:37","slug":"castelli-fatto-12-socks","status":"publish","type":"product","link":"https:\/\/ridextravel.com\/ridemybike\/produto\/castelli-fatto-12-socks\/","title":{"rendered":"Castelli Fatto 12 Socks"},"content":{"rendered":"<p>Mistura de Primaloft e fios de polipropileno para manter o seu.<br \/>\nP\u00e9s Quentes E Secos.<br \/>\nConstru\u00e7\u00e3o de Terry-Cloth para loft extra e calor.<br \/>\nO que voc\u00ea acha de encontrar Meias Castelli Fatto 12 com esse pre\u00e7o? Incr\u00edvel n\u00e9? N\u00e3o espere mais e compre na nossa loja de bicicletas , que procura h\u00e1 muito tempo. Equipe-se bem e aproveite ao m\u00e1ximo suas atividades de rotina di\u00e1ria com Castelli . E o melhor \u00e9 que voc\u00ea tem o melhor pre\u00e7o do mercado.<\/p>\n","protected":false},"excerpt":{"rendered":"<p>Mistura de Primaloft e fios de polipropileno para manter o seu. P\u00e9s Quentes E Secos. Constru\u00e7\u00e3o de Terry-Cloth para loft extra e calor. O que voc\u00ea acha de encontrar Meias Castelli Fatto 12 com esse pre\u00e7o? Incr\u00edvel n\u00e9? N\u00e3o espere mais e compre na nossa loja de bicicletas , que procura h\u00e1 muito tempo. Equipe-se&hellip;<\/p>\n","protected":false},"featured_media":1183,"comment_status":"open","ping_status":"closed","template":"","meta":[],"product_brand":[],"product_cat":[31,33],"product_tag":[],"class_list":{"0":"post-1182","1":"product","2":"type-product","3":"status-publish","4":"has-post-thumbnail","6":"product_cat-equipamento","7":"product_cat-meias","8":"entry","9":"has-media","11":"first","12":"instock","13":"taxable","14":"shipping-taxable","15":"purchasable","16":"product-type-simple"},"_links":{"self":[{"href":"https:\/\/ridextravel.com\/ridemybike\/wp-json\/wp\/v2\/product\/1182","targetHints":{"allow":["GET"]}}],"collection":[{"href":"https:\/\/ridextravel.com\/ridemybike\/wp-json\/wp\/v2\/product"}],"about":[{"href":"https:\/\/ridextravel.com\/ridemybike\/wp-json\/wp\/v2\/types\/product"}],"replies":[{"embeddable":true,"href":"https:\/\/ridextravel.com\/ridemybike\/wp-json\/wp\/v2\/comments?post=1182"}],"wp:featuredmedia":[{"embeddable":true,"href":"https:\/\/ridextravel.com\/ridemybike\/wp-json\/wp\/v2\/media\/1183"}],"wp:attachment":[{"href":"https:\/\/ridextravel.com\/ridemybike\/wp-json\/wp\/v2\/media?parent=1182"}],"wp:term":[{"taxonomy":"product_brand","embeddable":true,"href":"https:\/\/ridextravel.com\/ridemybike\/wp-json\/wp\/v2\/product_brand?post=1182"},{"taxonomy":"product_cat","embeddable":true,"href":"https:\/\/ridextravel.com\/ridemybike\/wp-json\/wp\/v2\/product_cat?post=1182"},{"taxonomy":"product_tag","embeddable":true,"href":"https:\/\/ridextravel.com\/ridemybike\/wp-json\/wp\/v2\/product_tag?post=1182"}],"curies":[{"name":"wp","href":"https:\/\/api.w.org\/{rel}","templated":true}]}}