{"id":1184,"date":"2022-05-18T11:47:12","date_gmt":"2022-05-18T11:47:12","guid":{"rendered":"https:\/\/ridextravel.com\/ridemybike\/?post_type=product&#038;p=1184"},"modified":"2022-05-18T11:48:06","modified_gmt":"2022-05-18T11:48:06","slug":"cmdn","status":"publish","type":"product","link":"https:\/\/ridextravel.com\/ridemybike\/produto\/cmdn\/","title":{"rendered":"CMDN"},"content":{"rendered":"<p>bPara o desenvolvimento do CMDN, a Oakley se inspirou em tend\u00eancias culturais e fez uma alus\u00e3o \u00e0 nossa heran\u00e7a. Os \u00f3culos de sol unissex resultantes s\u00e3o uma nova abordagem para as viseiras ic\u00f4nicas da marca, mas com um design inovador e impressionante. O CMDN traz uma lente com campo de vis\u00e3o amplo e haste acion\u00e1vel modernizada (influenciada pelos Razor Blades da Oakley, uma homenagem ao passado da marca). A arma\u00e7\u00e3o O-Matter\u2122, ao mesmo tempo resistente e leve, fornece durabilidade e garante conforto ao longo de todo o dia.<\/p>\n<p>DESIGN &#8211; Uma nova vers\u00e3o para um formato cl\u00e1ssico em um design moderno inspirado em tend\u00eancias culturais com uma alus\u00e3o \u00e0 nossa heran\u00e7a<br \/>\n\u2022 MATERIAL DA ARMA\u00c7\u00c3O &#8211; A arma\u00e7\u00e3o de O-Matter leve e dur\u00e1vel oferece conforto o dia todo<br \/>\n\u2022 HASTE ACION\u00c1VEL MODERNIZADA &#8211; Inspirada no ic\u00f4nico Razor Blade da Oakley<br \/>\n\u2022 UMA REFER\u00caNCIA AO PASSADO &#8211; Silhueta do Razor Blade vazada no apoio nasal<br \/>\n\u2022 VEJA MAIS DETALHES &#8211; Dispon\u00edvel com tecnologia de lentes Prizm\u2122 projetada para melhorar a cor e o contraste de modo que voc\u00ea possa ver mais detalhes<\/p>\n","protected":false},"excerpt":{"rendered":"<p>bPara o desenvolvimento do CMDN, a Oakley se inspirou em tend\u00eancias culturais e fez uma alus\u00e3o \u00e0 nossa heran\u00e7a. Os \u00f3culos de sol unissex resultantes s\u00e3o uma nova abordagem para as viseiras ic\u00f4nicas da marca, mas com um design inovador e impressionante. O CMDN traz uma lente com campo de vis\u00e3o amplo e haste acion\u00e1vel&hellip;<\/p>\n","protected":false},"featured_media":1187,"comment_status":"open","ping_status":"closed","template":"","meta":[],"product_brand":[],"product_cat":[31,27],"product_tag":[],"class_list":{"0":"post-1184","1":"product","2":"type-product","3":"status-publish","4":"has-post-thumbnail","6":"product_cat-equipamento","7":"product_cat-oculos","8":"entry","9":"has-media","11":"first","12":"instock","13":"taxable","14":"shipping-taxable","15":"purchasable","16":"product-type-variable","17":"has-default-attributes"},"_links":{"self":[{"href":"https:\/\/ridextravel.com\/ridemybike\/wp-json\/wp\/v2\/product\/1184","targetHints":{"allow":["GET"]}}],"collection":[{"href":"https:\/\/ridextravel.com\/ridemybike\/wp-json\/wp\/v2\/product"}],"about":[{"href":"https:\/\/ridextravel.com\/ridemybike\/wp-json\/wp\/v2\/types\/product"}],"replies":[{"embeddable":true,"href":"https:\/\/ridextravel.com\/ridemybike\/wp-json\/wp\/v2\/comments?post=1184"}],"wp:featuredmedia":[{"embeddable":true,"href":"https:\/\/ridextravel.com\/ridemybike\/wp-json\/wp\/v2\/media\/1187"}],"wp:attachment":[{"href":"https:\/\/ridextravel.com\/ridemybike\/wp-json\/wp\/v2\/media?parent=1184"}],"wp:term":[{"taxonomy":"product_brand","embeddable":true,"href":"https:\/\/ridextravel.com\/ridemybike\/wp-json\/wp\/v2\/product_brand?post=1184"},{"taxonomy":"product_cat","embeddable":true,"href":"https:\/\/ridextravel.com\/ridemybike\/wp-json\/wp\/v2\/product_cat?post=1184"},{"taxonomy":"product_tag","embeddable":true,"href":"https:\/\/ridextravel.com\/ridemybike\/wp-json\/wp\/v2\/product_tag?post=1184"}],"curies":[{"name":"wp","href":"https:\/\/api.w.org\/{rel}","templated":true}]}}