{"id":1198,"date":"2022-05-18T14:15:00","date_gmt":"2022-05-18T14:15:00","guid":{"rendered":"https:\/\/ridextravel.com\/ridemybike\/?post_type=product&#038;p=1198"},"modified":"2022-05-18T14:15:00","modified_gmt":"2022-05-18T14:15:00","slug":"oakley-mainlink","status":"publish","type":"product","link":"https:\/\/ridextravel.com\/ridemybike\/produto\/oakley-mainlink\/","title":{"rendered":"OAKLEY-MAINLINK"},"content":{"rendered":"<p>A Oakley \u00e9 universalmente reconhecida como sin\u00f4nimo de inova\u00e7\u00e3o e qualidade em \u00f3culos esportivos, e mostra isso novamente com o OAKLEY MAINLINK 9264-12 \u00d3CULOS DE SOL ESPELHADO.\u00a0A pe\u00e7a composta de acetato, \u00e9 leve e muito confort\u00e1vel,\u00a0traz\u00a0hastes ajust\u00e1veis com a logo da marca,\u00a0na cor e acabamento preto com vermelho fosco emborrachado, acompanha lentes com tratamento espelhado que reduzem o excesso de brilho, garantindo maior prote\u00e7\u00e3o.<\/p>\n","protected":false},"excerpt":{"rendered":"<p>A Oakley \u00e9 universalmente reconhecida como sin\u00f4nimo de inova\u00e7\u00e3o e qualidade em \u00f3culos esportivos, e mostra isso novamente com o OAKLEY MAINLINK 9264-12 \u00d3CULOS DE SOL ESPELHADO.\u00a0A pe\u00e7a composta de acetato, \u00e9 leve e muito confort\u00e1vel,\u00a0traz\u00a0hastes ajust\u00e1veis com a logo da marca,\u00a0na cor e acabamento preto com vermelho fosco emborrachado, acompanha lentes com tratamento espelhado&hellip;<\/p>\n","protected":false},"featured_media":1199,"comment_status":"open","ping_status":"closed","template":"","meta":[],"product_brand":[],"product_cat":[31,27],"product_tag":[],"class_list":{"0":"post-1198","1":"product","2":"type-product","3":"status-publish","4":"has-post-thumbnail","6":"product_cat-equipamento","7":"product_cat-oculos","8":"entry","9":"has-media","11":"first","12":"instock","13":"taxable","14":"shipping-taxable","15":"purchasable","16":"product-type-simple"},"_links":{"self":[{"href":"https:\/\/ridextravel.com\/ridemybike\/wp-json\/wp\/v2\/product\/1198","targetHints":{"allow":["GET"]}}],"collection":[{"href":"https:\/\/ridextravel.com\/ridemybike\/wp-json\/wp\/v2\/product"}],"about":[{"href":"https:\/\/ridextravel.com\/ridemybike\/wp-json\/wp\/v2\/types\/product"}],"replies":[{"embeddable":true,"href":"https:\/\/ridextravel.com\/ridemybike\/wp-json\/wp\/v2\/comments?post=1198"}],"wp:featuredmedia":[{"embeddable":true,"href":"https:\/\/ridextravel.com\/ridemybike\/wp-json\/wp\/v2\/media\/1199"}],"wp:attachment":[{"href":"https:\/\/ridextravel.com\/ridemybike\/wp-json\/wp\/v2\/media?parent=1198"}],"wp:term":[{"taxonomy":"product_brand","embeddable":true,"href":"https:\/\/ridextravel.com\/ridemybike\/wp-json\/wp\/v2\/product_brand?post=1198"},{"taxonomy":"product_cat","embeddable":true,"href":"https:\/\/ridextravel.com\/ridemybike\/wp-json\/wp\/v2\/product_cat?post=1198"},{"taxonomy":"product_tag","embeddable":true,"href":"https:\/\/ridextravel.com\/ridemybike\/wp-json\/wp\/v2\/product_tag?post=1198"}],"curies":[{"name":"wp","href":"https:\/\/api.w.org\/{rel}","templated":true}]}}