{"id":1203,"date":"2022-05-18T14:47:06","date_gmt":"2022-05-18T14:47:06","guid":{"rendered":"https:\/\/ridextravel.com\/ridemybike\/?post_type=product&#038;p=1203"},"modified":"2022-05-18T14:55:03","modified_gmt":"2022-05-18T14:55:03","slug":"oculos-eltin-grant","status":"publish","type":"product","link":"https:\/\/ridextravel.com\/ridemybike\/produto\/oculos-eltin-grant\/","title":{"rendered":"\u00d3culos Eltin Grant"},"content":{"rendered":"<p>Com um design urbano com acabamento em preto mate conta com umas lentes polarizadas com uma prote\u00e7\u00e3o S3 que proporciona uma prote\u00e7\u00e3o total contra os raios do sol. Com lentes de cor azul e vermelha possuem hastes e plaquetas nasais de borracha para oferecer uma maior ader\u00eancia e conforto. Cont\u00e9m Estojo de prote\u00e7\u00e3o\/limpeza Certificado CE Material Categoria da lente S3 Lentes polarizadas Prote\u00e7\u00e3o 100% contra raios UV Hastes semi r\u00edgidas ajust\u00e1veis Ponte nasal com apoios antideslizantes Caracter\u00edsticas Peso: 30 g. Caixa: 10 unidades<\/p>\n","protected":false},"excerpt":{"rendered":"<p>Com um design urbano com acabamento em preto mate conta com umas lentes polarizadas com uma prote\u00e7\u00e3o S3 que proporciona uma prote\u00e7\u00e3o total contra os raios do sol. Com lentes de cor azul e vermelha possuem hastes e plaquetas nasais de borracha para oferecer uma maior ader\u00eancia e conforto. Cont\u00e9m Estojo de prote\u00e7\u00e3o\/limpeza Certificado CE&hellip;<\/p>\n","protected":false},"featured_media":1207,"comment_status":"open","ping_status":"closed","template":"","meta":[],"product_brand":[],"product_cat":[31,27],"product_tag":[],"class_list":{"0":"post-1203","1":"product","2":"type-product","3":"status-publish","4":"has-post-thumbnail","6":"product_cat-equipamento","7":"product_cat-oculos","8":"entry","9":"has-media","11":"first","12":"instock","13":"taxable","14":"shipping-taxable","15":"purchasable","16":"product-type-simple"},"_links":{"self":[{"href":"https:\/\/ridextravel.com\/ridemybike\/wp-json\/wp\/v2\/product\/1203","targetHints":{"allow":["GET"]}}],"collection":[{"href":"https:\/\/ridextravel.com\/ridemybike\/wp-json\/wp\/v2\/product"}],"about":[{"href":"https:\/\/ridextravel.com\/ridemybike\/wp-json\/wp\/v2\/types\/product"}],"replies":[{"embeddable":true,"href":"https:\/\/ridextravel.com\/ridemybike\/wp-json\/wp\/v2\/comments?post=1203"}],"wp:featuredmedia":[{"embeddable":true,"href":"https:\/\/ridextravel.com\/ridemybike\/wp-json\/wp\/v2\/media\/1207"}],"wp:attachment":[{"href":"https:\/\/ridextravel.com\/ridemybike\/wp-json\/wp\/v2\/media?parent=1203"}],"wp:term":[{"taxonomy":"product_brand","embeddable":true,"href":"https:\/\/ridextravel.com\/ridemybike\/wp-json\/wp\/v2\/product_brand?post=1203"},{"taxonomy":"product_cat","embeddable":true,"href":"https:\/\/ridextravel.com\/ridemybike\/wp-json\/wp\/v2\/product_cat?post=1203"},{"taxonomy":"product_tag","embeddable":true,"href":"https:\/\/ridextravel.com\/ridemybike\/wp-json\/wp\/v2\/product_tag?post=1203"}],"curies":[{"name":"wp","href":"https:\/\/api.w.org\/{rel}","templated":true}]}}