{"id":1214,"date":"2022-05-18T16:55:54","date_gmt":"2022-05-18T16:55:54","guid":{"rendered":"https:\/\/ridextravel.com\/ridemybike\/?post_type=product&#038;p=1214"},"modified":"2022-05-18T17:38:46","modified_gmt":"2022-05-18T17:38:46","slug":"sutro-lite","status":"publish","type":"product","link":"https:\/\/ridextravel.com\/ridemybike\/produto\/sutro-lite\/","title":{"rendered":"Sutro Lite"},"content":{"rendered":"<p>A fam\u00edlia Sutro se expande com uma vers\u00e3o sem aro do estilo popular para maior campo de vis\u00e3o.\u00a0Inspirado na vida cotidiana dos ciclistas urbanos, o escudo de alta cobertura cria um visual arrojado e vers\u00e1til, protege dos elementos e melhora a vis\u00e3o com a tecnologia de lentes Prizm\u2122, enquanto inspira os atletas a se moverem com confian\u00e7a e perfei\u00e7\u00e3o ao longo do dia.<\/p>\n<p>\u2022 Dispon\u00edvel com lentes Prizm\u2122 que s\u00e3o projetadas para melhorar a cor e o contraste para que voc\u00ea possa ver mais detalhes<br \/>\n\u2022 Uma arma\u00e7\u00e3o sem aro de alta cobertura projetada para aumentar o campo de vis\u00e3o e melhor ventila\u00e7\u00e3o<br \/>\n\u2022 O material da arma\u00e7\u00e3o O Matter\u2122 oferece durabilidade e conforto do dia para acompanhar a vida em movimento<br \/>\n\u2022 Unobtainium\u00ae texturizado estriado adicionado ao interior da haste para reten\u00e7\u00e3o<br \/>\n\u2022 As almofadas de nariz Unobtainium\u00ae da Oakley proporcionam maior conforto e desempenho e aumentam a ader\u00eancia com o suor<\/p>\n","protected":false},"excerpt":{"rendered":"<p>A fam\u00edlia Sutro se expande com uma vers\u00e3o sem aro do estilo popular para maior campo de vis\u00e3o.\u00a0Inspirado na vida cotidiana dos ciclistas urbanos, o escudo de alta cobertura cria um visual arrojado e vers\u00e1til, protege dos elementos e melhora a vis\u00e3o com a tecnologia de lentes Prizm\u2122, enquanto inspira os atletas a se moverem&hellip;<\/p>\n","protected":false},"featured_media":1216,"comment_status":"open","ping_status":"closed","template":"","meta":[],"product_brand":[],"product_cat":[31,27],"product_tag":[],"class_list":{"0":"post-1214","1":"product","2":"type-product","3":"status-publish","4":"has-post-thumbnail","6":"product_cat-equipamento","7":"product_cat-oculos","8":"entry","9":"has-media","11":"first","12":"instock","13":"taxable","14":"shipping-taxable","15":"purchasable","16":"product-type-variable","17":"has-default-attributes"},"_links":{"self":[{"href":"https:\/\/ridextravel.com\/ridemybike\/wp-json\/wp\/v2\/product\/1214","targetHints":{"allow":["GET"]}}],"collection":[{"href":"https:\/\/ridextravel.com\/ridemybike\/wp-json\/wp\/v2\/product"}],"about":[{"href":"https:\/\/ridextravel.com\/ridemybike\/wp-json\/wp\/v2\/types\/product"}],"replies":[{"embeddable":true,"href":"https:\/\/ridextravel.com\/ridemybike\/wp-json\/wp\/v2\/comments?post=1214"}],"wp:featuredmedia":[{"embeddable":true,"href":"https:\/\/ridextravel.com\/ridemybike\/wp-json\/wp\/v2\/media\/1216"}],"wp:attachment":[{"href":"https:\/\/ridextravel.com\/ridemybike\/wp-json\/wp\/v2\/media?parent=1214"}],"wp:term":[{"taxonomy":"product_brand","embeddable":true,"href":"https:\/\/ridextravel.com\/ridemybike\/wp-json\/wp\/v2\/product_brand?post=1214"},{"taxonomy":"product_cat","embeddable":true,"href":"https:\/\/ridextravel.com\/ridemybike\/wp-json\/wp\/v2\/product_cat?post=1214"},{"taxonomy":"product_tag","embeddable":true,"href":"https:\/\/ridextravel.com\/ridemybike\/wp-json\/wp\/v2\/product_tag?post=1214"}],"curies":[{"name":"wp","href":"https:\/\/api.w.org\/{rel}","templated":true}]}}