{"id":1499,"date":"2022-05-27T14:12:39","date_gmt":"2022-05-27T14:12:39","guid":{"rendered":"https:\/\/ridextravel.com\/ridemybike\/?post_type=product&#038;p=1499"},"modified":"2022-05-27T14:29:15","modified_gmt":"2022-05-27T14:29:15","slug":"oculos-eltin-nexum-matt-white-blue","status":"publish","type":"product","link":"https:\/\/ridextravel.com\/ridemybike\/produto\/oculos-eltin-nexum-matt-white-blue\/","title":{"rendered":"\u00d3culos Eltin Nexum matt White\/Blue"},"content":{"rendered":"<p>Os \u00f3culos de ciclismo Nexum caracterizam-se por um design de grandes lentes curvas e um ajuste natural ao rosto. Com templos e ponte do nariz configur\u00e1veis fazem deles um dos \u00f3culos de ciclismo mais ergon\u00f3micos do mercado, dispon\u00edveis nos acabamentos branco e preto.<\/p>\n<p>O design da sua lente curvada de grande dimens\u00e3o favorece o m\u00e1ximo rendimento e um ajuste natural ao rostro. A possibilidade de configurar a extens\u00e3o das hastes e a adaptabilidade da ponte nasal tornam-no num dos \u00f3culos mais ergon\u00f3micos do mercado dispon\u00edveis em acabamentos em branco e em preto. Cont\u00e9m Estojo de prote\u00e7\u00e3o\/limpeza Certificado CE Material Categoria da lente S3 Lente de tamanho grande Persimmon 100% de prote\u00e7\u00e3o contra raios UV Hastes com extens\u00e3o configur\u00e1veis Ponte nasal ajust\u00e1vel Caracter\u00edsticas Peso: 32 g. Caixa: 10 unidades<\/p>\n","protected":false},"excerpt":{"rendered":"<p>Os \u00f3culos de ciclismo Nexum caracterizam-se por um design de grandes lentes curvas e um ajuste natural ao rosto. Com templos e ponte do nariz configur\u00e1veis fazem deles um dos \u00f3culos de ciclismo mais ergon\u00f3micos do mercado, dispon\u00edveis nos acabamentos branco e preto. O design da sua lente curvada de grande dimens\u00e3o favorece o m\u00e1ximo&hellip;<\/p>\n","protected":false},"featured_media":1510,"comment_status":"open","ping_status":"closed","template":"","meta":[],"product_brand":[],"product_cat":[31,27],"product_tag":[],"class_list":{"0":"post-1499","1":"product","2":"type-product","3":"status-publish","4":"has-post-thumbnail","6":"product_cat-equipamento","7":"product_cat-oculos","8":"entry","9":"has-media","11":"first","12":"instock","13":"taxable","14":"shipping-taxable","15":"purchasable","16":"product-type-variable"},"_links":{"self":[{"href":"https:\/\/ridextravel.com\/ridemybike\/wp-json\/wp\/v2\/product\/1499","targetHints":{"allow":["GET"]}}],"collection":[{"href":"https:\/\/ridextravel.com\/ridemybike\/wp-json\/wp\/v2\/product"}],"about":[{"href":"https:\/\/ridextravel.com\/ridemybike\/wp-json\/wp\/v2\/types\/product"}],"replies":[{"embeddable":true,"href":"https:\/\/ridextravel.com\/ridemybike\/wp-json\/wp\/v2\/comments?post=1499"}],"wp:featuredmedia":[{"embeddable":true,"href":"https:\/\/ridextravel.com\/ridemybike\/wp-json\/wp\/v2\/media\/1510"}],"wp:attachment":[{"href":"https:\/\/ridextravel.com\/ridemybike\/wp-json\/wp\/v2\/media?parent=1499"}],"wp:term":[{"taxonomy":"product_brand","embeddable":true,"href":"https:\/\/ridextravel.com\/ridemybike\/wp-json\/wp\/v2\/product_brand?post=1499"},{"taxonomy":"product_cat","embeddable":true,"href":"https:\/\/ridextravel.com\/ridemybike\/wp-json\/wp\/v2\/product_cat?post=1499"},{"taxonomy":"product_tag","embeddable":true,"href":"https:\/\/ridextravel.com\/ridemybike\/wp-json\/wp\/v2\/product_tag?post=1499"}],"curies":[{"name":"wp","href":"https:\/\/api.w.org\/{rel}","templated":true}]}}