{"id":1504,"date":"2022-05-27T14:25:18","date_gmt":"2022-05-27T14:25:18","guid":{"rendered":"https:\/\/ridextravel.com\/ridemybike\/?post_type=product&#038;p=1504"},"modified":"2022-05-27T14:25:19","modified_gmt":"2022-05-27T14:25:19","slug":"oculos-oversize","status":"publish","type":"product","link":"https:\/\/ridextravel.com\/ridemybike\/produto\/oculos-oversize\/","title":{"rendered":"\u00d3culos Oversize"},"content":{"rendered":"<p>\u00d3culos de ciclismo com um design de vis\u00e3o total baseado numa \u00fanica lente e numa montagem m\u00ednima com uma geometria envolvente que oferece uma aerodin\u00e2mica \u00f3tima e ampla prote\u00e7\u00e3o. Um dos mais populares acess\u00f3rios para bicicletas de estrada nos \u00faltimos anos.<\/p>\n<div id=\"productdaas-accordion-description\" class=\"content collapse  show\" role=\"tabpanel\">\n<div class=\"product-description\">\n<div class=\"rte-content\">\n<p>\u00d3CULOS OVERSIZE Design de vis\u00e3o total baseado numa \u00fanica lente e arma\u00e7\u00e3o m\u00ednima. Geometria envolvente que oferece uma aerodin\u00e2mica ideal e uma ampla prote\u00e7\u00e3o. Categoria da lente: S3 Norma: CE Lentes smoke Hastes antideslizantes Ponte nasal antideslizante e ajust\u00e1vel 100% de prote\u00e7\u00e3o contra raios UV Peso: 34 g. Inclui: Estojo de prote\u00e7\u00e3o\/limpeza<\/p>\n<\/div>\n<\/div>\n<\/div>\n","protected":false},"excerpt":{"rendered":"<p>\u00d3culos de ciclismo com um design de vis\u00e3o total baseado numa \u00fanica lente e numa montagem m\u00ednima com uma geometria envolvente que oferece uma aerodin\u00e2mica \u00f3tima e ampla prote\u00e7\u00e3o. Um dos mais populares acess\u00f3rios para bicicletas de estrada nos \u00faltimos anos. \u00d3CULOS OVERSIZE Design de vis\u00e3o total baseado numa \u00fanica lente e arma\u00e7\u00e3o m\u00ednima. Geometria&hellip;<\/p>\n","protected":false},"featured_media":1505,"comment_status":"open","ping_status":"closed","template":"","meta":[],"product_brand":[],"product_cat":[31,27],"product_tag":[],"class_list":{"0":"post-1504","1":"product","2":"type-product","3":"status-publish","4":"has-post-thumbnail","6":"product_cat-equipamento","7":"product_cat-oculos","8":"entry","9":"has-media","11":"first","12":"instock","13":"taxable","14":"shipping-taxable","15":"purchasable","16":"product-type-simple"},"_links":{"self":[{"href":"https:\/\/ridextravel.com\/ridemybike\/wp-json\/wp\/v2\/product\/1504","targetHints":{"allow":["GET"]}}],"collection":[{"href":"https:\/\/ridextravel.com\/ridemybike\/wp-json\/wp\/v2\/product"}],"about":[{"href":"https:\/\/ridextravel.com\/ridemybike\/wp-json\/wp\/v2\/types\/product"}],"replies":[{"embeddable":true,"href":"https:\/\/ridextravel.com\/ridemybike\/wp-json\/wp\/v2\/comments?post=1504"}],"wp:featuredmedia":[{"embeddable":true,"href":"https:\/\/ridextravel.com\/ridemybike\/wp-json\/wp\/v2\/media\/1505"}],"wp:attachment":[{"href":"https:\/\/ridextravel.com\/ridemybike\/wp-json\/wp\/v2\/media?parent=1504"}],"wp:term":[{"taxonomy":"product_brand","embeddable":true,"href":"https:\/\/ridextravel.com\/ridemybike\/wp-json\/wp\/v2\/product_brand?post=1504"},{"taxonomy":"product_cat","embeddable":true,"href":"https:\/\/ridextravel.com\/ridemybike\/wp-json\/wp\/v2\/product_cat?post=1504"},{"taxonomy":"product_tag","embeddable":true,"href":"https:\/\/ridextravel.com\/ridemybike\/wp-json\/wp\/v2\/product_tag?post=1504"}],"curies":[{"name":"wp","href":"https:\/\/api.w.org\/{rel}","templated":true}]}}