{"id":1512,"date":"2022-05-27T14:55:33","date_gmt":"2022-05-27T14:55:33","guid":{"rendered":"https:\/\/ridextravel.com\/ridemybike\/?post_type=product&#038;p=1512"},"modified":"2022-05-27T14:56:36","modified_gmt":"2022-05-27T14:56:36","slug":"uvex-lgl-33-pola","status":"publish","type":"product","link":"https:\/\/ridextravel.com\/ridemybike\/produto\/uvex-lgl-33-pola\/","title":{"rendered":"Uvex Lgl 33 Pola"},"content":{"rendered":"<p>Os \u00f3culos de estilo de vida uvex LGL 33 pola s\u00e3o o que voc\u00ea precisa em um dia ensolarado. Modelagem perfeita e prote\u00e7\u00e3o UV com polavision.<\/p>\n<p>Os \u00f3culos de estilo de vida uvex LGL 33 pola s\u00e3o o companheiro perfeito para a sua experi\u00eancia di\u00e1ria ao ar livre. 100% de prote\u00e7\u00e3o e estilo perfeito.<\/p>\n<p>Melhor percep\u00e7\u00e3o com as lentes polavision, que eliminam reflexos distrativos e transformam o brilho em luz agrad\u00e1vel.<\/p>\n","protected":false},"excerpt":{"rendered":"<p>Os \u00f3culos de estilo de vida uvex LGL 33 pola s\u00e3o o que voc\u00ea precisa em um dia ensolarado. Modelagem perfeita e prote\u00e7\u00e3o UV com polavision. Os \u00f3culos de estilo de vida uvex LGL 33 pola s\u00e3o o companheiro perfeito para a sua experi\u00eancia di\u00e1ria ao ar livre. 100% de prote\u00e7\u00e3o e estilo perfeito. Melhor&hellip;<\/p>\n","protected":false},"featured_media":1513,"comment_status":"open","ping_status":"closed","template":"","meta":[],"product_brand":[],"product_cat":[31,27],"product_tag":[],"class_list":{"0":"post-1512","1":"product","2":"type-product","3":"status-publish","4":"has-post-thumbnail","6":"product_cat-equipamento","7":"product_cat-oculos","8":"entry","9":"has-media","11":"first","12":"instock","13":"taxable","14":"shipping-taxable","15":"purchasable","16":"product-type-simple"},"_links":{"self":[{"href":"https:\/\/ridextravel.com\/ridemybike\/wp-json\/wp\/v2\/product\/1512","targetHints":{"allow":["GET"]}}],"collection":[{"href":"https:\/\/ridextravel.com\/ridemybike\/wp-json\/wp\/v2\/product"}],"about":[{"href":"https:\/\/ridextravel.com\/ridemybike\/wp-json\/wp\/v2\/types\/product"}],"replies":[{"embeddable":true,"href":"https:\/\/ridextravel.com\/ridemybike\/wp-json\/wp\/v2\/comments?post=1512"}],"wp:featuredmedia":[{"embeddable":true,"href":"https:\/\/ridextravel.com\/ridemybike\/wp-json\/wp\/v2\/media\/1513"}],"wp:attachment":[{"href":"https:\/\/ridextravel.com\/ridemybike\/wp-json\/wp\/v2\/media?parent=1512"}],"wp:term":[{"taxonomy":"product_brand","embeddable":true,"href":"https:\/\/ridextravel.com\/ridemybike\/wp-json\/wp\/v2\/product_brand?post=1512"},{"taxonomy":"product_cat","embeddable":true,"href":"https:\/\/ridextravel.com\/ridemybike\/wp-json\/wp\/v2\/product_cat?post=1512"},{"taxonomy":"product_tag","embeddable":true,"href":"https:\/\/ridextravel.com\/ridemybike\/wp-json\/wp\/v2\/product_tag?post=1512"}],"curies":[{"name":"wp","href":"https:\/\/api.w.org\/{rel}","templated":true}]}}