{"id":1515,"date":"2022-05-30T13:55:17","date_gmt":"2022-05-30T13:55:17","guid":{"rendered":"https:\/\/ridextravel.com\/ridemybike\/?post_type=product&#038;p=1515"},"modified":"2022-05-30T17:37:07","modified_gmt":"2022-05-30T17:37:07","slug":"13-screen-jersey","status":"publish","type":"product","link":"https:\/\/ridextravel.com\/ridemybike\/produto\/13-screen-jersey\/","title":{"rendered":"13 Screen jersey"},"content":{"rendered":"<p>A jersey 13 chega a tempo dos cl\u00e1ssicos de paralelep\u00edpedos, com um gr\u00e1fico que celebra o papel que a sorte desempenha no resultado dessas corridas, expresso atrav\u00e9s do n\u00famero 13 de cabe\u00e7a para baixo no bolso e uma estampa gr\u00e1fica de paralelep\u00edpedos na frente. Ele \u00e9 constru\u00eddo em nosso modelo b\u00e1sico Squadra, nosso artista vers\u00e1til para tudo, desde passeios em clubes de fim de semana at\u00e9 treinamentos e longos dias no selim. O principal tecido ProSecco Micromesh garante leveza e secagem r\u00e1pida, os pain\u00e9is laterais perfurados aumentam a respirabilidade e a constru\u00e7\u00e3o das mangas, sem costuras nas extremidades, proporciona um conforto inigual\u00e1vel que n\u00e3o depende do acaso.<\/p>\n","protected":false},"excerpt":{"rendered":"<p>A jersey 13 chega a tempo dos cl\u00e1ssicos de paralelep\u00edpedos, com um gr\u00e1fico que celebra o papel que a sorte desempenha no resultado dessas corridas, expresso atrav\u00e9s do n\u00famero 13 de cabe\u00e7a para baixo no bolso e uma estampa gr\u00e1fica de paralelep\u00edpedos na frente. Ele \u00e9 constru\u00eddo em nosso modelo b\u00e1sico Squadra, nosso artista vers\u00e1til&hellip;<\/p>\n","protected":false},"featured_media":1520,"comment_status":"open","ping_status":"closed","template":"","meta":[],"product_brand":[],"product_cat":[31],"product_tag":[],"class_list":{"0":"post-1515","1":"product","2":"type-product","3":"status-publish","4":"has-post-thumbnail","6":"product_cat-equipamento","7":"entry","8":"has-media","10":"first","11":"instock","12":"taxable","13":"shipping-taxable","14":"purchasable","15":"product-type-simple"},"_links":{"self":[{"href":"https:\/\/ridextravel.com\/ridemybike\/wp-json\/wp\/v2\/product\/1515","targetHints":{"allow":["GET"]}}],"collection":[{"href":"https:\/\/ridextravel.com\/ridemybike\/wp-json\/wp\/v2\/product"}],"about":[{"href":"https:\/\/ridextravel.com\/ridemybike\/wp-json\/wp\/v2\/types\/product"}],"replies":[{"embeddable":true,"href":"https:\/\/ridextravel.com\/ridemybike\/wp-json\/wp\/v2\/comments?post=1515"}],"wp:featuredmedia":[{"embeddable":true,"href":"https:\/\/ridextravel.com\/ridemybike\/wp-json\/wp\/v2\/media\/1520"}],"wp:attachment":[{"href":"https:\/\/ridextravel.com\/ridemybike\/wp-json\/wp\/v2\/media?parent=1515"}],"wp:term":[{"taxonomy":"product_brand","embeddable":true,"href":"https:\/\/ridextravel.com\/ridemybike\/wp-json\/wp\/v2\/product_brand?post=1515"},{"taxonomy":"product_cat","embeddable":true,"href":"https:\/\/ridextravel.com\/ridemybike\/wp-json\/wp\/v2\/product_cat?post=1515"},{"taxonomy":"product_tag","embeddable":true,"href":"https:\/\/ridextravel.com\/ridemybike\/wp-json\/wp\/v2\/product_tag?post=1515"}],"curies":[{"name":"wp","href":"https:\/\/api.w.org\/{rel}","templated":true}]}}