{"id":1524,"date":"2022-05-31T09:58:02","date_gmt":"2022-05-31T09:58:02","guid":{"rendered":"https:\/\/ridextravel.com\/ridemybike\/?post_type=product&#038;p=1524"},"modified":"2022-05-31T09:58:02","modified_gmt":"2022-05-31T09:58:02","slug":"jersey-castelli-chpt-3-1-21","status":"publish","type":"product","link":"https:\/\/ridextravel.com\/ridemybike\/produto\/jersey-castelli-chpt-3-1-21\/","title":{"rendered":"Jersey Castelli Chpt 3 1.21"},"content":{"rendered":"<p>A jersey de manga curta CHPT3 1.21 oferece aos ciclistas uma camisa sob medida super leve com um colar de bot\u00f5es exclusivo e seis bolsos estrat\u00e9gicos. O material pr\u00f3prio utilizado na constru\u00e7\u00e3o da camisa \u00e9 mais leve que o utilizado pelas equipes pr\u00f3-racing, pois n\u00e3o pode ser impresso, impossibilitando, portanto, levar o nome de um patrocinador; normalmente n\u00e3o \u00e9 a preocupa\u00e7\u00e3o do entusiasta do ciclismo amador.<\/p>\n<p>David Millar queria que a camisa tivesse um corte mais personalizado do que a camisa de corrida m\u00e9dia. Ao arremessar os pain\u00e9is frontais e afiar as bordas dos ombros, foi criado um ajuste mais semelhante a uma camisa do que a uma camiseta.<\/p>\n<p>Al\u00e9m disso, h\u00e1 a gola abotoada, que confere \u00e0 camisa uma gola mais alta e substancial, al\u00e9m de proporcionar uma apar\u00eancia mais personalizada. Um bot\u00e3o de clav\u00edcula fornece um ponto de ancoragem para a aba do colarinho, caso voc\u00ea decida n\u00e3o us\u00e1-lo, e um bolso frontal com aba de tempestade \u00e9 ideal para transportar objetos de valor.<\/p>\n<p>O bolso traseiro central \u00e9 adequado para transportar roupas de inverno mais volumosas, e as costuras neste e nos outros bolsos s\u00e3o refor\u00e7adas para lidar com os momentos em que est\u00e3o cheios.<\/p>\n<p>David Millar comenta: \u201cExistem dois bolsos de malha na parte interna traseira da camisa para transportar aquecedores, se necess\u00e1rio &#8211; quando competimos, muitas vezes enfiamos roupas indesejadas no interior de nossa camisa, esta \u00e9 uma vers\u00e3o mais refinada disso\u201d.<\/p>\n<p>Um sutil z\u00edper frontal de comprimento total fornece ventila\u00e7\u00e3o e os sutis gr\u00e1ficos CHPT3 na manga e na parte traseira ajudam a aumentar sua visibilidade em situa\u00e7\u00f5es de pouca luz. Segurando toda a camisa no lugar est\u00e3o as pin\u00e7as de bainha detalhadas.<\/p>\n","protected":false},"excerpt":{"rendered":"<p>A jersey de manga curta CHPT3 1.21 oferece aos ciclistas uma camisa sob medida super leve com um colar de bot\u00f5es exclusivo e seis bolsos estrat\u00e9gicos. O material pr\u00f3prio utilizado na constru\u00e7\u00e3o da camisa \u00e9 mais leve que o utilizado pelas equipes pr\u00f3-racing, pois n\u00e3o pode ser impresso, impossibilitando, portanto, levar o nome de um&hellip;<\/p>\n","protected":false},"featured_media":1525,"comment_status":"open","ping_status":"closed","template":"","meta":[],"product_brand":[],"product_cat":[31],"product_tag":[],"class_list":{"0":"post-1524","1":"product","2":"type-product","3":"status-publish","4":"has-post-thumbnail","6":"product_cat-equipamento","7":"entry","8":"has-media","10":"first","11":"instock","12":"sale","13":"taxable","14":"shipping-taxable","15":"purchasable","16":"product-type-simple"},"_links":{"self":[{"href":"https:\/\/ridextravel.com\/ridemybike\/wp-json\/wp\/v2\/product\/1524","targetHints":{"allow":["GET"]}}],"collection":[{"href":"https:\/\/ridextravel.com\/ridemybike\/wp-json\/wp\/v2\/product"}],"about":[{"href":"https:\/\/ridextravel.com\/ridemybike\/wp-json\/wp\/v2\/types\/product"}],"replies":[{"embeddable":true,"href":"https:\/\/ridextravel.com\/ridemybike\/wp-json\/wp\/v2\/comments?post=1524"}],"wp:featuredmedia":[{"embeddable":true,"href":"https:\/\/ridextravel.com\/ridemybike\/wp-json\/wp\/v2\/media\/1525"}],"wp:attachment":[{"href":"https:\/\/ridextravel.com\/ridemybike\/wp-json\/wp\/v2\/media?parent=1524"}],"wp:term":[{"taxonomy":"product_brand","embeddable":true,"href":"https:\/\/ridextravel.com\/ridemybike\/wp-json\/wp\/v2\/product_brand?post=1524"},{"taxonomy":"product_cat","embeddable":true,"href":"https:\/\/ridextravel.com\/ridemybike\/wp-json\/wp\/v2\/product_cat?post=1524"},{"taxonomy":"product_tag","embeddable":true,"href":"https:\/\/ridextravel.com\/ridemybike\/wp-json\/wp\/v2\/product_tag?post=1524"}],"curies":[{"name":"wp","href":"https:\/\/api.w.org\/{rel}","templated":true}]}}