{"id":1526,"date":"2022-05-31T10:27:14","date_gmt":"2022-05-31T10:27:14","guid":{"rendered":"https:\/\/ridextravel.com\/ridemybike\/?post_type=product&#038;p=1526"},"modified":"2022-05-31T10:55:30","modified_gmt":"2022-05-31T10:55:30","slug":"capa-castelli-chpt3-rocka-1-63","status":"publish","type":"product","link":"https:\/\/ridextravel.com\/ridemybike\/produto\/capa-castelli-chpt3-rocka-1-63\/","title":{"rendered":"Capa Castelli Chpt3 Rocka 1.63"},"content":{"rendered":"<p>A jaqueta de manga curta Chpt3 Rocka 1.63 \u00e9 um verdadeiro despertador rebelde. Um grampo di\u00e1rio com estilo \u00fanico &#8211; se voc\u00ea procura prote\u00e7\u00e3o contra o mau tempo e valoriza uma est\u00e9tica considerada, esta \u00e9 a pe\u00e7a para voc\u00ea.<\/p>\n<p>Uma variante da roupa de corrida favorita do experiente piloto profissional David Millar \u2013 o Castelli Gabba \u2013 o Rocka \u00e9 repelente \u00e0 \u00e1gua, \u00e0 prova de vento, altamente respir\u00e1vel e cortado de uma maneira que o torna adequado para o uso di\u00e1rio.<\/p>\n<p>A diferen\u00e7a mais marcante para o Gabba \u00e9 o colar de prote\u00e7\u00e3o utilizado no Rocka, que \u00e9 preso com um \u00fanico bot\u00e3o. Quando n\u00e3o for necess\u00e1rio, pode ser enrolado na parte de tr\u00e1s do pesco\u00e7o e preso ao mesmo bot\u00e3o para um flash de cor, devido \u00e0 impressionante faixa Rosso Fuoco impressa no interior da gola. Inspirado na subcultura &#8216;Rocker&#8217; dos anos 60 e no estilo de alfaiataria empregado em ternos sob medida, o Rocka n\u00e3o \u00e9 apenas afiado, mas um escudo externo a ser considerado.<\/p>\n<p>O material de dois tons utilizado na Rocka \u00e9 quase 20% mais leve que o material usado na Gabba e, combinado com ombros articulados, contribui para uma maior liberdade de movimento na bicicleta. Dois bolsos traseiros protegidos contra tempestades e outro bolso \u00fanico com aba frontal permitem o armazenamento seguro de itens essenciais, mesmo quando voc\u00ea est\u00e1 andando pelo inferno. Um z\u00edper met\u00e1lico industrial e uma tubula\u00e7\u00e3o refletiva dedicada na bainha refletem o esp\u00edrito de design utilit\u00e1rio que sustenta a produ\u00e7\u00e3o do Chpt3.<\/p>\n<p>Esta \u00e9 uma camada externa altamente t\u00e9cnica, mas esteticamente refinada, que o servir\u00e1 dia ap\u00f3s dia, independentemente do clima.<\/p>\n","protected":false},"excerpt":{"rendered":"<p>A jaqueta de manga curta Chpt3 Rocka 1.63 \u00e9 um verdadeiro despertador rebelde. Um grampo di\u00e1rio com estilo \u00fanico &#8211; se voc\u00ea procura prote\u00e7\u00e3o contra o mau tempo e valoriza uma est\u00e9tica considerada, esta \u00e9 a pe\u00e7a para voc\u00ea. Uma variante da roupa de corrida favorita do experiente piloto profissional David Millar \u2013 o Castelli&hellip;<\/p>\n","protected":false},"featured_media":1527,"comment_status":"open","ping_status":"closed","template":"","meta":[],"product_brand":[],"product_cat":[31],"product_tag":[],"class_list":{"0":"post-1526","1":"product","2":"type-product","3":"status-publish","4":"has-post-thumbnail","6":"product_cat-equipamento","7":"entry","8":"has-media","10":"first","11":"instock","12":"sale","13":"taxable","14":"shipping-taxable","15":"purchasable","16":"product-type-simple"},"_links":{"self":[{"href":"https:\/\/ridextravel.com\/ridemybike\/wp-json\/wp\/v2\/product\/1526","targetHints":{"allow":["GET"]}}],"collection":[{"href":"https:\/\/ridextravel.com\/ridemybike\/wp-json\/wp\/v2\/product"}],"about":[{"href":"https:\/\/ridextravel.com\/ridemybike\/wp-json\/wp\/v2\/types\/product"}],"replies":[{"embeddable":true,"href":"https:\/\/ridextravel.com\/ridemybike\/wp-json\/wp\/v2\/comments?post=1526"}],"wp:featuredmedia":[{"embeddable":true,"href":"https:\/\/ridextravel.com\/ridemybike\/wp-json\/wp\/v2\/media\/1527"}],"wp:attachment":[{"href":"https:\/\/ridextravel.com\/ridemybike\/wp-json\/wp\/v2\/media?parent=1526"}],"wp:term":[{"taxonomy":"product_brand","embeddable":true,"href":"https:\/\/ridextravel.com\/ridemybike\/wp-json\/wp\/v2\/product_brand?post=1526"},{"taxonomy":"product_cat","embeddable":true,"href":"https:\/\/ridextravel.com\/ridemybike\/wp-json\/wp\/v2\/product_cat?post=1526"},{"taxonomy":"product_tag","embeddable":true,"href":"https:\/\/ridextravel.com\/ridemybike\/wp-json\/wp\/v2\/product_tag?post=1526"}],"curies":[{"name":"wp","href":"https:\/\/api.w.org\/{rel}","templated":true}]}}