{"id":1529,"date":"2022-05-31T11:13:06","date_gmt":"2022-05-31T11:13:06","guid":{"rendered":"https:\/\/ridextravel.com\/ridemybike\/?post_type=product&#038;p=1529"},"modified":"2022-05-31T11:13:06","modified_gmt":"2022-05-31T11:13:06","slug":"jersey-manga-curta-gobik-woman-stark-maldivas","status":"publish","type":"product","link":"https:\/\/ridextravel.com\/ridemybike\/produto\/jersey-manga-curta-gobik-woman-stark-maldivas\/","title":{"rendered":"Jersey Manga Curta Gobik Woman Stark Maldivas"},"content":{"rendered":"<p class=\"font-light text\">Propriedades: Ajuste Regular<br \/>\nFaixa de uso: 22\u00baC a 30\u00baC<br \/>\nGRS: Sistema de reten\u00e7\u00e3o Gobik<br \/>\nCamisola vers\u00e1til que, mantendo-se justa, adapta-se a qualquer tipo de tez.<\/p>\n<p>Mangas de comprimento estendido, com tecido muito leve e acabamento de punho costurado. Os 3 bolsos traseiros, utilizando um novo tecido em relevo, t\u00eam um corte angular refor\u00e7ado e oferecem o inovador Sistema de Reten\u00e7\u00e3o GRS Gobik patenteado . A GRS cuidar\u00e1 dos seus pertences mais preciosos proporcionando seguran\u00e7a extra.<\/p>\n<p>Combina\u00e7\u00e3o com pe\u00e7as complementares como as nossas camisolas Second Skin. Ideal para todos os tipos de usu\u00e1rios.<\/p>\n","protected":false},"excerpt":{"rendered":"<p>Propriedades: Ajuste Regular Faixa de uso: 22\u00baC a 30\u00baC GRS: Sistema de reten\u00e7\u00e3o Gobik Camisola vers\u00e1til que, mantendo-se justa, adapta-se a qualquer tipo de tez. Mangas de comprimento estendido, com tecido muito leve e acabamento de punho costurado. Os 3 bolsos traseiros, utilizando um novo tecido em relevo, t\u00eam um corte angular refor\u00e7ado e oferecem&hellip;<\/p>\n","protected":false},"featured_media":1530,"comment_status":"open","ping_status":"closed","template":"","meta":[],"product_brand":[],"product_cat":[31],"product_tag":[],"class_list":{"0":"post-1529","1":"product","2":"type-product","3":"status-publish","4":"has-post-thumbnail","6":"product_cat-equipamento","7":"entry","8":"has-media","10":"first","11":"instock","12":"taxable","13":"shipping-taxable","14":"purchasable","15":"product-type-simple"},"_links":{"self":[{"href":"https:\/\/ridextravel.com\/ridemybike\/wp-json\/wp\/v2\/product\/1529","targetHints":{"allow":["GET"]}}],"collection":[{"href":"https:\/\/ridextravel.com\/ridemybike\/wp-json\/wp\/v2\/product"}],"about":[{"href":"https:\/\/ridextravel.com\/ridemybike\/wp-json\/wp\/v2\/types\/product"}],"replies":[{"embeddable":true,"href":"https:\/\/ridextravel.com\/ridemybike\/wp-json\/wp\/v2\/comments?post=1529"}],"wp:featuredmedia":[{"embeddable":true,"href":"https:\/\/ridextravel.com\/ridemybike\/wp-json\/wp\/v2\/media\/1530"}],"wp:attachment":[{"href":"https:\/\/ridextravel.com\/ridemybike\/wp-json\/wp\/v2\/media?parent=1529"}],"wp:term":[{"taxonomy":"product_brand","embeddable":true,"href":"https:\/\/ridextravel.com\/ridemybike\/wp-json\/wp\/v2\/product_brand?post=1529"},{"taxonomy":"product_cat","embeddable":true,"href":"https:\/\/ridextravel.com\/ridemybike\/wp-json\/wp\/v2\/product_cat?post=1529"},{"taxonomy":"product_tag","embeddable":true,"href":"https:\/\/ridextravel.com\/ridemybike\/wp-json\/wp\/v2\/product_tag?post=1529"}],"curies":[{"name":"wp","href":"https:\/\/api.w.org\/{rel}","templated":true}]}}