{"id":1533,"date":"2022-05-31T13:49:11","date_gmt":"2022-05-31T13:49:11","guid":{"rendered":"https:\/\/ridextravel.com\/ridemybike\/?post_type=product&#038;p=1533"},"modified":"2022-05-31T13:49:11","modified_gmt":"2022-05-31T13:49:11","slug":"womans-short-sleeve-jersey-stark-zircon","status":"publish","type":"product","link":"https:\/\/ridextravel.com\/ridemybike\/produto\/womans-short-sleeve-jersey-stark-zircon\/","title":{"rendered":"Woman&#8217;s short sleeve jersey stark zircon"},"content":{"rendered":"<p>Propriedades: Ajuste Regular<br \/>\nFaixa de uso: 22\u00baC a 30\u00baC<br \/>\nGRS: Sistema de Reten\u00e7\u00e3o Gobik<br \/>\nCamisola vers\u00e1til que, mantendo-se justa, adapta-se a todas as constru\u00e7\u00f5es.<\/p>\n<p>Mangas de comprimento estendido, com tecido muito leve e acabamento de punho costurado. Os 3 bolsos traseiros, utilizando um novo tecido em relevo, t\u00eam um corte de canto refor\u00e7ado e oferecem o inovador e patenteado GRS &#8211; Gobik Retention System -. A GRS cuidar\u00e1 de seus pertences mais preciosos e proporcionar\u00e1 seguran\u00e7a extra.<\/p>\n<p>Combina\u00e7\u00e3o com pe\u00e7as complementares como os nossos coletes Second Skin. Ideal<\/p>\n","protected":false},"excerpt":{"rendered":"<p>Propriedades: Ajuste Regular Faixa de uso: 22\u00baC a 30\u00baC GRS: Sistema de Reten\u00e7\u00e3o Gobik Camisola vers\u00e1til que, mantendo-se justa, adapta-se a todas as constru\u00e7\u00f5es. Mangas de comprimento estendido, com tecido muito leve e acabamento de punho costurado. Os 3 bolsos traseiros, utilizando um novo tecido em relevo, t\u00eam um corte de canto refor\u00e7ado e oferecem&hellip;<\/p>\n","protected":false},"featured_media":1536,"comment_status":"open","ping_status":"closed","template":"","meta":[],"product_brand":[],"product_cat":[31],"product_tag":[],"class_list":{"0":"post-1533","1":"product","2":"type-product","3":"status-publish","4":"has-post-thumbnail","6":"product_cat-equipamento","7":"entry","8":"has-media","10":"first","11":"instock","12":"taxable","13":"shipping-taxable","14":"purchasable","15":"product-type-simple"},"_links":{"self":[{"href":"https:\/\/ridextravel.com\/ridemybike\/wp-json\/wp\/v2\/product\/1533","targetHints":{"allow":["GET"]}}],"collection":[{"href":"https:\/\/ridextravel.com\/ridemybike\/wp-json\/wp\/v2\/product"}],"about":[{"href":"https:\/\/ridextravel.com\/ridemybike\/wp-json\/wp\/v2\/types\/product"}],"replies":[{"embeddable":true,"href":"https:\/\/ridextravel.com\/ridemybike\/wp-json\/wp\/v2\/comments?post=1533"}],"wp:featuredmedia":[{"embeddable":true,"href":"https:\/\/ridextravel.com\/ridemybike\/wp-json\/wp\/v2\/media\/1536"}],"wp:attachment":[{"href":"https:\/\/ridextravel.com\/ridemybike\/wp-json\/wp\/v2\/media?parent=1533"}],"wp:term":[{"taxonomy":"product_brand","embeddable":true,"href":"https:\/\/ridextravel.com\/ridemybike\/wp-json\/wp\/v2\/product_brand?post=1533"},{"taxonomy":"product_cat","embeddable":true,"href":"https:\/\/ridextravel.com\/ridemybike\/wp-json\/wp\/v2\/product_cat?post=1533"},{"taxonomy":"product_tag","embeddable":true,"href":"https:\/\/ridextravel.com\/ridemybike\/wp-json\/wp\/v2\/product_tag?post=1533"}],"curies":[{"name":"wp","href":"https:\/\/api.w.org\/{rel}","templated":true}]}}