{"id":1541,"date":"2022-05-31T14:15:32","date_gmt":"2022-05-31T14:15:32","guid":{"rendered":"https:\/\/ridextravel.com\/ridemybike\/?post_type=product&#038;p=1541"},"modified":"2022-05-31T14:15:32","modified_gmt":"2022-05-31T14:15:32","slug":"jersey-unisex-short-sleeve-atitude-hydra","status":"publish","type":"product","link":"https:\/\/ridextravel.com\/ridemybike\/produto\/jersey-unisex-short-sleeve-atitude-hydra\/","title":{"rendered":"Jersey unisex short sleeve atitude hydra"},"content":{"rendered":"<p>Propriedades: Aero | Ultra Fit<br \/>\nFaixa de uso: 22\u00baC a 38\u00baC<br \/>\n\u00c9 uma camisola ultraleve desenhada para a estrada. A aerodin\u00e2mica e a leveza prevalecem sobre todos os seus benef\u00edcios. \u00c9 constru\u00eddo em um tecido semi-denso, ultra el\u00e1stico e respir\u00e1vel para estimular o fluxo de ar. Suas mangas extralongas foram texturizadas para enfrentar o vento com mais efici\u00eancia.<\/p>\n<p>Seu painel e minimiza\u00e7\u00e3o de costura tornam-no ainda mais leve e aerodin\u00e2mico. Possui tr\u00eas bolsos traseiros refor\u00e7ados e um bolso traseiro interno com z\u00edper e detalhes reflexivos para melhorar a visibilidade.<\/p>\n<p>Na parte traseira incorpora tr\u00eas bolsos refor\u00e7ados e um bolso interno com z\u00edper, al\u00e9m do inovador sistema patenteado GRS &#8211; GobikRetention System -. GRS cuidar\u00e1 de seus pertences mais preciosos proporcionando seguran\u00e7a extra.<\/p>\n<p>Finalmente, seu z\u00edper frontal invis\u00edvel reduz o peso e melhora a est\u00e9tica da Jersey.<\/p>\n<p>Acabamento fotossens\u00edvel nos bolsos traseiros e painel frontal. O novo z\u00edper oculto desliza muito melhor e sua lapela interna protege sua pele e o babador protege sua pele do contato direto com as partes met\u00e1licas e pl\u00e1sticas do z\u00edper. Pode ser combinado com roupas adicionais, como nossas camadas de base SEGUNDA PELE. Ideal para usu\u00e1rios avan\u00e7ados com estrutura fina.<\/p>\n","protected":false},"excerpt":{"rendered":"<p>Propriedades: Aero | Ultra Fit Faixa de uso: 22\u00baC a 38\u00baC \u00c9 uma camisola ultraleve desenhada para a estrada. A aerodin\u00e2mica e a leveza prevalecem sobre todos os seus benef\u00edcios. \u00c9 constru\u00eddo em um tecido semi-denso, ultra el\u00e1stico e respir\u00e1vel para estimular o fluxo de ar. Suas mangas extralongas foram texturizadas para enfrentar o vento&hellip;<\/p>\n","protected":false},"featured_media":1543,"comment_status":"open","ping_status":"closed","template":"","meta":[],"product_brand":[],"product_cat":[31],"product_tag":[],"class_list":{"0":"post-1541","1":"product","2":"type-product","3":"status-publish","4":"has-post-thumbnail","6":"product_cat-equipamento","7":"entry","8":"has-media","10":"first","11":"instock","12":"taxable","13":"shipping-taxable","14":"purchasable","15":"product-type-simple"},"_links":{"self":[{"href":"https:\/\/ridextravel.com\/ridemybike\/wp-json\/wp\/v2\/product\/1541","targetHints":{"allow":["GET"]}}],"collection":[{"href":"https:\/\/ridextravel.com\/ridemybike\/wp-json\/wp\/v2\/product"}],"about":[{"href":"https:\/\/ridextravel.com\/ridemybike\/wp-json\/wp\/v2\/types\/product"}],"replies":[{"embeddable":true,"href":"https:\/\/ridextravel.com\/ridemybike\/wp-json\/wp\/v2\/comments?post=1541"}],"wp:featuredmedia":[{"embeddable":true,"href":"https:\/\/ridextravel.com\/ridemybike\/wp-json\/wp\/v2\/media\/1543"}],"wp:attachment":[{"href":"https:\/\/ridextravel.com\/ridemybike\/wp-json\/wp\/v2\/media?parent=1541"}],"wp:term":[{"taxonomy":"product_brand","embeddable":true,"href":"https:\/\/ridextravel.com\/ridemybike\/wp-json\/wp\/v2\/product_brand?post=1541"},{"taxonomy":"product_cat","embeddable":true,"href":"https:\/\/ridextravel.com\/ridemybike\/wp-json\/wp\/v2\/product_cat?post=1541"},{"taxonomy":"product_tag","embeddable":true,"href":"https:\/\/ridextravel.com\/ridemybike\/wp-json\/wp\/v2\/product_tag?post=1541"}],"curies":[{"name":"wp","href":"https:\/\/api.w.org\/{rel}","templated":true}]}}