{"id":1544,"date":"2022-05-31T14:22:59","date_gmt":"2022-05-31T14:22:59","guid":{"rendered":"https:\/\/ridextravel.com\/ridemybike\/?post_type=product&#038;p=1544"},"modified":"2022-05-31T14:22:59","modified_gmt":"2022-05-31T14:22:59","slug":"jersey-unisex-short-sleeve-cx-pro-long-beach","status":"publish","type":"product","link":"https:\/\/ridextravel.com\/ridemybike\/produto\/jersey-unisex-short-sleeve-cx-pro-long-beach\/","title":{"rendered":"Jersey unisex short sleeve cx pro long beach"},"content":{"rendered":"<p>Propriedades: Respirabilidade | Caimento perfeito<br \/>\nFaixa de uso: 20\u00baC a 38\u00baC<br \/>\nGRS: Sistema de Reten\u00e7\u00e3o Gobik<br \/>\nMalha ultraleve, muito justa e muito transpir\u00e1vel, gra\u00e7as ao seu segundo efeito pele. A combina\u00e7\u00e3o de 4 tecidos faz da CX PRO uma pe\u00e7a de roupa tecnicamente completa. Um ajuste perfeito, \u00e9 projetado para adicionar a qualquer movimento agressivo durante o passeio e obter os resultados aerodin\u00e2micos m\u00e1ximos.<\/p>\n<p>Na parte traseira incorpora tr\u00eas bolsos com corte angular refor\u00e7ado e que oferecem o inovador sistema patenteado GRS -Gobik Retention System-. GRS cuidar\u00e1 de seus pertences mais preciosos proporcionando seguran\u00e7a extra.<\/p>\n<p>Ideal para usu\u00e1rios avan\u00e7ados com pele fina.<\/p>\n","protected":false},"excerpt":{"rendered":"<p>Propriedades: Respirabilidade | Caimento perfeito Faixa de uso: 20\u00baC a 38\u00baC GRS: Sistema de Reten\u00e7\u00e3o Gobik Malha ultraleve, muito justa e muito transpir\u00e1vel, gra\u00e7as ao seu segundo efeito pele. A combina\u00e7\u00e3o de 4 tecidos faz da CX PRO uma pe\u00e7a de roupa tecnicamente completa. Um ajuste perfeito, \u00e9 projetado para adicionar a qualquer movimento agressivo&hellip;<\/p>\n","protected":false},"featured_media":1545,"comment_status":"open","ping_status":"closed","template":"","meta":[],"product_brand":[],"product_cat":[31],"product_tag":[],"class_list":{"0":"post-1544","1":"product","2":"type-product","3":"status-publish","4":"has-post-thumbnail","6":"product_cat-equipamento","7":"entry","8":"has-media","10":"first","11":"instock","12":"taxable","13":"shipping-taxable","14":"purchasable","15":"product-type-simple"},"_links":{"self":[{"href":"https:\/\/ridextravel.com\/ridemybike\/wp-json\/wp\/v2\/product\/1544","targetHints":{"allow":["GET"]}}],"collection":[{"href":"https:\/\/ridextravel.com\/ridemybike\/wp-json\/wp\/v2\/product"}],"about":[{"href":"https:\/\/ridextravel.com\/ridemybike\/wp-json\/wp\/v2\/types\/product"}],"replies":[{"embeddable":true,"href":"https:\/\/ridextravel.com\/ridemybike\/wp-json\/wp\/v2\/comments?post=1544"}],"wp:featuredmedia":[{"embeddable":true,"href":"https:\/\/ridextravel.com\/ridemybike\/wp-json\/wp\/v2\/media\/1545"}],"wp:attachment":[{"href":"https:\/\/ridextravel.com\/ridemybike\/wp-json\/wp\/v2\/media?parent=1544"}],"wp:term":[{"taxonomy":"product_brand","embeddable":true,"href":"https:\/\/ridextravel.com\/ridemybike\/wp-json\/wp\/v2\/product_brand?post=1544"},{"taxonomy":"product_cat","embeddable":true,"href":"https:\/\/ridextravel.com\/ridemybike\/wp-json\/wp\/v2\/product_cat?post=1544"},{"taxonomy":"product_tag","embeddable":true,"href":"https:\/\/ridextravel.com\/ridemybike\/wp-json\/wp\/v2\/product_tag?post=1544"}],"curies":[{"name":"wp","href":"https:\/\/api.w.org\/{rel}","templated":true}]}}