{"id":1550,"date":"2022-05-31T14:35:46","date_gmt":"2022-05-31T14:35:46","guid":{"rendered":"https:\/\/ridextravel.com\/ridemybike\/?post_type=product&#038;p=1550"},"modified":"2022-05-31T14:35:47","modified_gmt":"2022-05-31T14:35:47","slug":"avanti-jersey","status":"publish","type":"product","link":"https:\/\/ridextravel.com\/ridemybike\/produto\/avanti-jersey\/","title":{"rendered":"AVANTI JERSEY"},"content":{"rendered":"<p class=\"font-light text\">Toques de cor e desbotamento convergem neste novo gr\u00e1fico em uma camisa constru\u00edda em nosso modelo Competizione. \u00c9 a camisa vers\u00e1til ideal para todas as suas pilotagens, oferecendo conforto nos treinos e velocidade em passeios r\u00e1pidos em grupo. O ajuste n\u00e3o \u00e9 excessivamente justo e os tecidos s\u00e3o el\u00e1sticos o suficiente para acomodar todas as formas do corpo.<\/p>\n","protected":false},"excerpt":{"rendered":"<p>Toques de cor e desbotamento convergem neste novo gr\u00e1fico em uma camisa constru\u00edda em nosso modelo Competizione. \u00c9 a camisa vers\u00e1til ideal para todas as suas pilotagens, oferecendo conforto nos treinos e velocidade em passeios r\u00e1pidos em grupo. O ajuste n\u00e3o \u00e9 excessivamente justo e os tecidos s\u00e3o el\u00e1sticos o suficiente para acomodar todas as&hellip;<\/p>\n","protected":false},"featured_media":1551,"comment_status":"open","ping_status":"closed","template":"","meta":[],"product_brand":[],"product_cat":[31],"product_tag":[],"class_list":{"0":"post-1550","1":"product","2":"type-product","3":"status-publish","4":"has-post-thumbnail","6":"product_cat-equipamento","7":"entry","8":"has-media","10":"first","11":"instock","12":"taxable","13":"shipping-taxable","14":"purchasable","15":"product-type-simple"},"_links":{"self":[{"href":"https:\/\/ridextravel.com\/ridemybike\/wp-json\/wp\/v2\/product\/1550","targetHints":{"allow":["GET"]}}],"collection":[{"href":"https:\/\/ridextravel.com\/ridemybike\/wp-json\/wp\/v2\/product"}],"about":[{"href":"https:\/\/ridextravel.com\/ridemybike\/wp-json\/wp\/v2\/types\/product"}],"replies":[{"embeddable":true,"href":"https:\/\/ridextravel.com\/ridemybike\/wp-json\/wp\/v2\/comments?post=1550"}],"wp:featuredmedia":[{"embeddable":true,"href":"https:\/\/ridextravel.com\/ridemybike\/wp-json\/wp\/v2\/media\/1551"}],"wp:attachment":[{"href":"https:\/\/ridextravel.com\/ridemybike\/wp-json\/wp\/v2\/media?parent=1550"}],"wp:term":[{"taxonomy":"product_brand","embeddable":true,"href":"https:\/\/ridextravel.com\/ridemybike\/wp-json\/wp\/v2\/product_brand?post=1550"},{"taxonomy":"product_cat","embeddable":true,"href":"https:\/\/ridextravel.com\/ridemybike\/wp-json\/wp\/v2\/product_cat?post=1550"},{"taxonomy":"product_tag","embeddable":true,"href":"https:\/\/ridextravel.com\/ridemybike\/wp-json\/wp\/v2\/product_tag?post=1550"}],"curies":[{"name":"wp","href":"https:\/\/api.w.org\/{rel}","templated":true}]}}