{"id":1595,"date":"2022-06-01T14:43:39","date_gmt":"2022-06-01T14:43:39","guid":{"rendered":"https:\/\/ridextravel.com\/ridemybike\/?post_type=product&#038;p=1595"},"modified":"2025-12-09T16:23:50","modified_gmt":"2025-12-09T16:23:50","slug":"castelli-unlimited-bibshorts","status":"publish","type":"product","link":"https:\/\/ridextravel.com\/ridemybike\/produto\/castelli-unlimited-bibshorts\/","title":{"rendered":"Castelli Unlimited Bibshorts"},"content":{"rendered":"<p>&nbsp;<\/p>\n<p>Castelli fez este short para atender aos altos padr\u00f5es de conforto e desempenho da Castelli em um short de ciclismo, adicionando alguns recursos extras que s\u00e3o \u00fateis para andar em qualquer superf\u00edcie. Voc\u00ea encontrar\u00e1 o ajuste excepcional normal, bem como a almofada de assento KISS Air\u00b2, que fornece acolchoamento generoso anatomicamente colocado com uma camada superior excepcionalmente macia. O que torna este short especial \u00e9 o tecido Unlimited Lycra extremamente dur\u00e1vel. Possui maior resist\u00eancia \u00e0 abras\u00e3o e resist\u00eancia ao rasgo, sem comprometer o alongamento, o gerenciamento de umidade ou o conforto.<\/p>\n<p>Al\u00e9m disso, Castelli usa pain\u00e9is laterais de camada dupla para o truque do velho ciclista de deslizar sobre o tecido caso voc\u00ea caia. Este short n\u00e3o \u00e9 realmente indestrut\u00edvel, mas aumenta significativamente as chances de deslizar no cascalho significa que voc\u00ea precisa apenas se limpar em vez de ter que comprar um novo par de shorts. Essa segunda camada no painel lateral tamb\u00e9m cria bolsos laterais convenientes, com uma aba na parte superior para evitar que o conte\u00fado caia. Para maior comodidade ao pedalar dentro e fora da estrada, voc\u00ea tem dois bolsos de malha na parte inferior das costas que comprimem o equipamento ao lado do corpo para evitar que ele salte. Este short adiciona durabilidade e armazenamento sem comprometer o conforto &#8211; para quantidades ilimitadas de divers\u00e3o.<\/p>\n<p>Caracter\u00edsticas do Bibshort Castelli Unlimited:<\/p>\n<p>Feito para andar r\u00e1pido em terreno ilimitado<br \/>\nTecido de nylon\/lycra de 200 g\/m\u00b2 com a melhor resist\u00eancia \u00e0 abras\u00e3o e ao rasgo<br \/>\n2 bolsos traseiros de malha embutidos nas al\u00e7as de malha<br \/>\nPain\u00e9is laterais de camada dupla reduzem a abras\u00e3o se voc\u00ea cair, al\u00e9m de criar 2 bolsos laterais \u00fateis<br \/>\nAcabamento da perna de corte bruto com tiras verticais de silicone para manter a perna no lugar<br \/>\nAlmofada de assento KISS Air para conforto em longas dist\u00e2ncias<\/p>\n","protected":false},"excerpt":{"rendered":"<p>&nbsp; Castelli fez este short para atender aos altos padr\u00f5es de conforto e desempenho da Castelli em um short de ciclismo, adicionando alguns recursos extras que s\u00e3o \u00fateis para andar em qualquer superf\u00edcie. Voc\u00ea encontrar\u00e1 o ajuste excepcional normal, bem como a almofada de assento KISS Air\u00b2, que fornece acolchoamento generoso anatomicamente colocado com uma&hellip;<\/p>\n","protected":false},"featured_media":1596,"comment_status":"open","ping_status":"closed","template":"","meta":[],"product_brand":[],"product_cat":[31],"product_tag":[],"class_list":{"0":"post-1595","1":"product","2":"type-product","3":"status-publish","4":"has-post-thumbnail","6":"product_cat-equipamento","7":"entry","8":"has-media","10":"first","11":"instock","12":"taxable","13":"shipping-taxable","14":"purchasable","15":"product-type-simple"},"_links":{"self":[{"href":"https:\/\/ridextravel.com\/ridemybike\/wp-json\/wp\/v2\/product\/1595","targetHints":{"allow":["GET"]}}],"collection":[{"href":"https:\/\/ridextravel.com\/ridemybike\/wp-json\/wp\/v2\/product"}],"about":[{"href":"https:\/\/ridextravel.com\/ridemybike\/wp-json\/wp\/v2\/types\/product"}],"replies":[{"embeddable":true,"href":"https:\/\/ridextravel.com\/ridemybike\/wp-json\/wp\/v2\/comments?post=1595"}],"wp:featuredmedia":[{"embeddable":true,"href":"https:\/\/ridextravel.com\/ridemybike\/wp-json\/wp\/v2\/media\/1596"}],"wp:attachment":[{"href":"https:\/\/ridextravel.com\/ridemybike\/wp-json\/wp\/v2\/media?parent=1595"}],"wp:term":[{"taxonomy":"product_brand","embeddable":true,"href":"https:\/\/ridextravel.com\/ridemybike\/wp-json\/wp\/v2\/product_brand?post=1595"},{"taxonomy":"product_cat","embeddable":true,"href":"https:\/\/ridextravel.com\/ridemybike\/wp-json\/wp\/v2\/product_cat?post=1595"},{"taxonomy":"product_tag","embeddable":true,"href":"https:\/\/ridextravel.com\/ridemybike\/wp-json\/wp\/v2\/product_tag?post=1595"}],"curies":[{"name":"wp","href":"https:\/\/api.w.org\/{rel}","templated":true}]}}