{"id":1598,"date":"2022-06-01T14:56:55","date_gmt":"2022-06-01T14:56:55","guid":{"rendered":"https:\/\/ridextravel.com\/ridemybike\/?post_type=product&#038;p=1598"},"modified":"2025-12-09T16:23:50","modified_gmt":"2025-12-09T16:23:50","slug":"description-castelli-bermuda-endurance-3","status":"publish","type":"product","link":"https:\/\/ridextravel.com\/ridemybike\/produto\/description-castelli-bermuda-endurance-3\/","title":{"rendered":"Description Castelli Bermuda Endurance 3"},"content":{"rendered":"<p class=\"parrafo\"><span id=\"desc\" class=\"addReadMore showlesscontent\"> A hist\u00f3ria principal deste curta \u00e9 o uso de nosso renomado top de linha Progetto X2 Air Seamless em um short tradicional, mas na verdade cada pequeno detalhe foi obcecado para garantir seu conforto em sua pr\u00f3xima longa corrida de resist\u00eancia. Um grande bloco \u00e9 in\u00fatil sem um grande ajuste. As costuras s\u00e3o colocadas em torno da \u00e1rea do quadril para criar um formato perfeito na bicicleta. O tecido Endurance Evolution tem um toque macio, proporcionando boa compress\u00e3o e excelente gerenciamento de umidade. E tudo \u00e9 mantido no lugar com a pin\u00e7a de perna incrivelmente confort\u00e1vel GIRO3. Este short oferece um valor excepcional e est\u00e1 pronto para oferecer conforto duradouro em suas viagens mais longas.<\/p>\n<p>Caracter\u00edsticas:<\/p>\n<p>O tecido Endurance Evolution fornece suporte muscular ideal e se sente mais seco em quase todas as condi\u00e7\u00f5es<br \/>\nCorte anat\u00f4mico para ajuste perfeito na bicicleta<br \/>\nAl\u00e7as de malha e costas para mant\u00ea-lo mais fresco<br \/>\nAlmofada de assento Progetto X2 Air Seamless para maior conforto e melhor fluxo de ar<br \/>\nAs garras de perna GIRO3 ficam planas<\/span><\/p>\n","protected":false},"excerpt":{"rendered":"<p>A hist\u00f3ria principal deste curta \u00e9 o uso de nosso renomado top de linha Progetto X2 Air Seamless em um short tradicional, mas na verdade cada pequeno detalhe foi obcecado para garantir seu conforto em sua pr\u00f3xima longa corrida de resist\u00eancia. Um grande bloco \u00e9 in\u00fatil sem um grande ajuste. As costuras s\u00e3o colocadas em&hellip;<\/p>\n","protected":false},"featured_media":1600,"comment_status":"open","ping_status":"closed","template":"","meta":[],"product_brand":[],"product_cat":[31],"product_tag":[],"class_list":{"0":"post-1598","1":"product","2":"type-product","3":"status-publish","4":"has-post-thumbnail","6":"product_cat-equipamento","7":"entry","8":"has-media","10":"first","11":"instock","12":"taxable","13":"shipping-taxable","14":"purchasable","15":"product-type-simple"},"_links":{"self":[{"href":"https:\/\/ridextravel.com\/ridemybike\/wp-json\/wp\/v2\/product\/1598","targetHints":{"allow":["GET"]}}],"collection":[{"href":"https:\/\/ridextravel.com\/ridemybike\/wp-json\/wp\/v2\/product"}],"about":[{"href":"https:\/\/ridextravel.com\/ridemybike\/wp-json\/wp\/v2\/types\/product"}],"replies":[{"embeddable":true,"href":"https:\/\/ridextravel.com\/ridemybike\/wp-json\/wp\/v2\/comments?post=1598"}],"wp:featuredmedia":[{"embeddable":true,"href":"https:\/\/ridextravel.com\/ridemybike\/wp-json\/wp\/v2\/media\/1600"}],"wp:attachment":[{"href":"https:\/\/ridextravel.com\/ridemybike\/wp-json\/wp\/v2\/media?parent=1598"}],"wp:term":[{"taxonomy":"product_brand","embeddable":true,"href":"https:\/\/ridextravel.com\/ridemybike\/wp-json\/wp\/v2\/product_brand?post=1598"},{"taxonomy":"product_cat","embeddable":true,"href":"https:\/\/ridextravel.com\/ridemybike\/wp-json\/wp\/v2\/product_cat?post=1598"},{"taxonomy":"product_tag","embeddable":true,"href":"https:\/\/ridextravel.com\/ridemybike\/wp-json\/wp\/v2\/product_tag?post=1598"}],"curies":[{"name":"wp","href":"https:\/\/api.w.org\/{rel}","templated":true}]}}