{"id":1602,"date":"2022-06-01T15:13:11","date_gmt":"2022-06-01T15:13:11","guid":{"rendered":"https:\/\/ridextravel.com\/ridemybike\/?post_type=product&#038;p=1602"},"modified":"2022-07-29T15:17:36","modified_gmt":"2022-07-29T15:17:36","slug":"gobik-culotte-curto-homem-ultralite-k12","status":"publish","type":"product","link":"https:\/\/ridextravel.com\/ridemybike\/produto\/gobik-culotte-curto-homem-ultralite-k12\/","title":{"rendered":"Gobik Culotte Curto Homem Ultralite K12"},"content":{"rendered":"<div id=\"description\" class=\"tab-pane fade in active\">\n<div class=\"product-description tab-pane-inner rte\">\n<p>Estes s\u00e3o os culottes mais leves e confort\u00e1veis da marca com protector K12.<\/p>\n<p>Tem a mesma estrutura que o Gravity, mantendo o formato do culotte, envolvente e leve, mas sem as correias, resultando numa perna polida, sem costuras transversais.<\/p>\n<p>A revolu\u00e7\u00e3o mais importante est\u00e1 ao n\u00edvel dos materiais, onde sofreu uma viragem de 360\u00b0. O tecido principal da tiracolo, sublimado no modelo anterior, \u00e9 substitu\u00eddo por um tecido s\u00f3lido, mais compacto e sumptuoso.<\/p>\n<p>Para o corpo do vestu\u00e1rio, foi escolhido um tecido denso, perfurado no fundo e siliconizado no final, dando ao culotte uma opacidade, respirabilidade e apoio \u00f3ptimos.<\/p>\n<ul>\n<li>Propriedades: Ultra-leve | Compressibilidade<\/li>\n<li>Gama de temperatura recomendada: 17\u00baC a 38\u00baC<\/li>\n<li>Camur\u00e7a: K12 masculina. Tecido de flash eco-carbonium com curvatura multidireccional e dupla densidade.<\/li>\n<li>Peso: 155g (tamanho M)<\/li>\n<\/ul>\n<\/div>\n<\/div>\n","protected":false},"excerpt":{"rendered":"<p>Estes s\u00e3o os culottes mais leves e confort\u00e1veis da marca com protector K12. Tem a mesma estrutura que o Gravity, mantendo o formato do culotte, envolvente e leve, mas sem as correias, resultando numa perna polida, sem costuras transversais. A revolu\u00e7\u00e3o mais importante est\u00e1 ao n\u00edvel dos materiais, onde sofreu uma viragem de 360\u00b0. O&hellip;<\/p>\n","protected":false},"featured_media":1603,"comment_status":"open","ping_status":"closed","template":"","meta":[],"product_brand":[],"product_cat":[31],"product_tag":[],"class_list":{"0":"post-1602","1":"product","2":"type-product","3":"status-publish","4":"has-post-thumbnail","6":"product_cat-equipamento","7":"entry","8":"has-media","10":"first","11":"instock","12":"taxable","13":"shipping-taxable","14":"purchasable","15":"product-type-simple"},"_links":{"self":[{"href":"https:\/\/ridextravel.com\/ridemybike\/wp-json\/wp\/v2\/product\/1602","targetHints":{"allow":["GET"]}}],"collection":[{"href":"https:\/\/ridextravel.com\/ridemybike\/wp-json\/wp\/v2\/product"}],"about":[{"href":"https:\/\/ridextravel.com\/ridemybike\/wp-json\/wp\/v2\/types\/product"}],"replies":[{"embeddable":true,"href":"https:\/\/ridextravel.com\/ridemybike\/wp-json\/wp\/v2\/comments?post=1602"}],"wp:featuredmedia":[{"embeddable":true,"href":"https:\/\/ridextravel.com\/ridemybike\/wp-json\/wp\/v2\/media\/1603"}],"wp:attachment":[{"href":"https:\/\/ridextravel.com\/ridemybike\/wp-json\/wp\/v2\/media?parent=1602"}],"wp:term":[{"taxonomy":"product_brand","embeddable":true,"href":"https:\/\/ridextravel.com\/ridemybike\/wp-json\/wp\/v2\/product_brand?post=1602"},{"taxonomy":"product_cat","embeddable":true,"href":"https:\/\/ridextravel.com\/ridemybike\/wp-json\/wp\/v2\/product_cat?post=1602"},{"taxonomy":"product_tag","embeddable":true,"href":"https:\/\/ridextravel.com\/ridemybike\/wp-json\/wp\/v2\/product_tag?post=1602"}],"curies":[{"name":"wp","href":"https:\/\/api.w.org\/{rel}","templated":true}]}}