{"id":1605,"date":"2022-06-01T15:29:48","date_gmt":"2022-06-01T15:29:48","guid":{"rendered":"https:\/\/ridextravel.com\/ridemybike\/?post_type=product&#038;p=1605"},"modified":"2022-06-01T15:34:20","modified_gmt":"2022-06-01T15:34:20","slug":"gobik-absolute-revolution-k1","status":"publish","type":"product","link":"https:\/\/ridextravel.com\/ridemybike\/produto\/gobik-absolute-revolution-k1\/","title":{"rendered":"Gobik absolute revolution K1"},"content":{"rendered":"<p>Devido \u00e0 sua grande recep\u00e7\u00e3o na alta competi\u00e7\u00e3o, o Absolute World Tour \u00e9 incorporado \u00e0 nossa cole\u00e7\u00e3o Warm 2022 sob o nome de Absolute Revolution.<\/p>\n<p>Respeitando a constru\u00e7\u00e3o de seu antecessor, a caracter\u00edstica mais distintiva do Absolute Revolution \u00e9 o comprimento extra da perna.<\/p>\n<p>Confeccionada principalmente em tecido flat 4-way stretch, \u00e9 uma pe\u00e7a com visual uniforme, quebrando a din\u00e2mica usual da marca.<br \/>\nAo contr\u00e1rio do modelo Absolute World Tour, o Absolute Revolution termina sua perna com fita adesiva s\u00f3lida.<\/p>\n<p>Inclus\u00e3o de um logotipo de silicone serigrafado na perna esquerda e nas costas.<\/p>\n","protected":false},"excerpt":{"rendered":"<p>Devido \u00e0 sua grande recep\u00e7\u00e3o na alta competi\u00e7\u00e3o, o Absolute World Tour \u00e9 incorporado \u00e0 nossa cole\u00e7\u00e3o Warm 2022 sob o nome de Absolute Revolution. Respeitando a constru\u00e7\u00e3o de seu antecessor, a caracter\u00edstica mais distintiva do Absolute Revolution \u00e9 o comprimento extra da perna. Confeccionada principalmente em tecido flat 4-way stretch, \u00e9 uma pe\u00e7a com&hellip;<\/p>\n","protected":false},"featured_media":1609,"comment_status":"open","ping_status":"closed","template":"","meta":[],"product_brand":[],"product_cat":[31],"product_tag":[],"class_list":{"0":"post-1605","1":"product","2":"type-product","3":"status-publish","4":"has-post-thumbnail","6":"product_cat-equipamento","7":"entry","8":"has-media","10":"first","11":"instock","12":"taxable","13":"shipping-taxable","14":"purchasable","15":"product-type-simple"},"_links":{"self":[{"href":"https:\/\/ridextravel.com\/ridemybike\/wp-json\/wp\/v2\/product\/1605","targetHints":{"allow":["GET"]}}],"collection":[{"href":"https:\/\/ridextravel.com\/ridemybike\/wp-json\/wp\/v2\/product"}],"about":[{"href":"https:\/\/ridextravel.com\/ridemybike\/wp-json\/wp\/v2\/types\/product"}],"replies":[{"embeddable":true,"href":"https:\/\/ridextravel.com\/ridemybike\/wp-json\/wp\/v2\/comments?post=1605"}],"wp:featuredmedia":[{"embeddable":true,"href":"https:\/\/ridextravel.com\/ridemybike\/wp-json\/wp\/v2\/media\/1609"}],"wp:attachment":[{"href":"https:\/\/ridextravel.com\/ridemybike\/wp-json\/wp\/v2\/media?parent=1605"}],"wp:term":[{"taxonomy":"product_brand","embeddable":true,"href":"https:\/\/ridextravel.com\/ridemybike\/wp-json\/wp\/v2\/product_brand?post=1605"},{"taxonomy":"product_cat","embeddable":true,"href":"https:\/\/ridextravel.com\/ridemybike\/wp-json\/wp\/v2\/product_cat?post=1605"},{"taxonomy":"product_tag","embeddable":true,"href":"https:\/\/ridextravel.com\/ridemybike\/wp-json\/wp\/v2\/product_tag?post=1605"}],"curies":[{"name":"wp","href":"https:\/\/api.w.org\/{rel}","templated":true}]}}