{"id":1611,"date":"2022-06-01T16:25:47","date_gmt":"2022-06-01T16:25:47","guid":{"rendered":"https:\/\/ridextravel.com\/ridemybike\/?post_type=product&#038;p=1611"},"modified":"2025-12-09T16:23:50","modified_gmt":"2025-12-09T16:23:50","slug":"shimano-rc3-vermelho","status":"publish","type":"product","link":"https:\/\/ridextravel.com\/ridemybike\/produto\/shimano-rc3-vermelho\/","title":{"rendered":"Shimano RC3 vermelho"},"content":{"rendered":"<p>Os t\u00e9nis Shimano RC3 foram feitos para oferecer um bom desempenho nas viagens na estrada. A constru\u00e7\u00e3o integrada do peito do p\u00e9 e da entressola sem costuras estabelece um novo padr\u00e3o de ajuste, estabilidade e peso leve, enquanto o couro sint\u00e9tico perfurado permite uma ventila\u00e7\u00e3o \u00f3tima. A sola interm\u00e9dia em nylon de baixo perfil, refor\u00e7ada com fibra de vidro leve, estabiliza o p\u00e9 e maximiza a efici\u00eancia da transfer\u00eancia de energia. Os t\u00e9nis t\u00eam uma palmilha refor\u00e7ada e uma sola exterior de TPU. O sistema de fecho BOA L6 permite um ajuste r\u00e1pido e seguro com um \u00fanico movimento do dedo gra\u00e7as ao seu dial f\u00e1cil de usar. Estes t\u00e9nis incluem a forma Shimano Dynalast, com um design superior e uma sec\u00e7\u00e3o no dedo do p\u00e9 otimizada que promove uma subida mais suave e energeticamente mais eficiente.<\/p>\n<p>Tecnologias:<br \/>\n&#8211; Shimano Dynalast<br \/>\nForma com um design superior e uma sec\u00e7\u00e3o no dedo do p\u00e9 otimizada que promove uma subida mais suave e energeticamente mais eficiente. Constru\u00eddo em colabora\u00e7\u00e3o com corredores profissionais, os Shimano Dynalast ajudam a reduzir a perda de energia em percursos longos.<\/p>\n<p>&#8211; BOA L6<br \/>\nSistema de fecho mediante cord\u00f5es de a\u00e7o, guias de nylon e um elemento mec\u00e2nico projetado para resolver a longa lista de defici\u00eancias encontradas nos fechos tradicionais. \u00c9 um ajuste perfeito com a simples tor\u00e7\u00e3o, livre de alongamentos, peso e aborrecimentos dos fechos antiquados. Com este sistema melhora o conforto e a durabilidade, garante uma opera\u00e7\u00e3o leve, r\u00e1pida e confort\u00e1vel e ajuste em movimento.<\/p>\n","protected":false},"excerpt":{"rendered":"<p>Os t\u00e9nis Shimano RC3 foram feitos para oferecer um bom desempenho nas viagens na estrada. A constru\u00e7\u00e3o integrada do peito do p\u00e9 e da entressola sem costuras estabelece um novo padr\u00e3o de ajuste, estabilidade e peso leve, enquanto o couro sint\u00e9tico perfurado permite uma ventila\u00e7\u00e3o \u00f3tima. A sola interm\u00e9dia em nylon de baixo perfil, refor\u00e7ada&hellip;<\/p>\n","protected":false},"featured_media":1612,"comment_status":"open","ping_status":"closed","template":"","meta":[],"product_brand":[],"product_cat":[25,31,368],"product_tag":[],"class_list":{"0":"post-1611","1":"product","2":"type-product","3":"status-publish","4":"has-post-thumbnail","6":"product_cat-calcado","7":"product_cat-equipamento","8":"product_cat-shimano","9":"entry","10":"has-media","12":"first","13":"instock","14":"taxable","15":"shipping-taxable","16":"purchasable","17":"product-type-simple"},"_links":{"self":[{"href":"https:\/\/ridextravel.com\/ridemybike\/wp-json\/wp\/v2\/product\/1611","targetHints":{"allow":["GET"]}}],"collection":[{"href":"https:\/\/ridextravel.com\/ridemybike\/wp-json\/wp\/v2\/product"}],"about":[{"href":"https:\/\/ridextravel.com\/ridemybike\/wp-json\/wp\/v2\/types\/product"}],"replies":[{"embeddable":true,"href":"https:\/\/ridextravel.com\/ridemybike\/wp-json\/wp\/v2\/comments?post=1611"}],"wp:featuredmedia":[{"embeddable":true,"href":"https:\/\/ridextravel.com\/ridemybike\/wp-json\/wp\/v2\/media\/1612"}],"wp:attachment":[{"href":"https:\/\/ridextravel.com\/ridemybike\/wp-json\/wp\/v2\/media?parent=1611"}],"wp:term":[{"taxonomy":"product_brand","embeddable":true,"href":"https:\/\/ridextravel.com\/ridemybike\/wp-json\/wp\/v2\/product_brand?post=1611"},{"taxonomy":"product_cat","embeddable":true,"href":"https:\/\/ridextravel.com\/ridemybike\/wp-json\/wp\/v2\/product_cat?post=1611"},{"taxonomy":"product_tag","embeddable":true,"href":"https:\/\/ridextravel.com\/ridemybike\/wp-json\/wp\/v2\/product_tag?post=1611"}],"curies":[{"name":"wp","href":"https:\/\/api.w.org\/{rel}","templated":true}]}}