{"id":1617,"date":"2022-06-01T16:35:56","date_gmt":"2022-06-01T16:35:56","guid":{"rendered":"https:\/\/ridextravel.com\/ridemybike\/?post_type=product&#038;p=1617"},"modified":"2023-03-28T12:40:34","modified_gmt":"2023-03-28T12:40:34","slug":"calcado-de-estrada-shimano-rc502","status":"publish","type":"product","link":"https:\/\/ridextravel.com\/ridemybike\/produto\/calcado-de-estrada-shimano-rc502\/","title":{"rendered":"Cal\u00e7ado de Estrada Shimano RC502"},"content":{"rendered":"<p>As sapatilhas de estrada Shimano RC502 foram criadas para pedalar quil\u00f4metros em sua bicicleta de estrada e voc\u00ea pode ter todas as caracter\u00edsticas que os maiores motociclistas exigem: rigidez, durabilidade, estabilidade, efici\u00eancia, transfer\u00eancia de energia e ajuste personalizado .<\/p>\n<p>Estes sapatos de ciclismo s\u00e3o feitos com uma sola de carbono que parece r\u00edgida e uma entressola com fibra de carbono sem costura com refor\u00e7o de nylon para oferecer melhor estabilidade, flexibilidade e leveza. Al\u00e9m disso, a tecnologia Shimano Dynalast favorece uma condu\u00e7\u00e3o sem esfor\u00e7o e promove uma maior transfer\u00eancia de pot\u00eancia.<\/p>\n<p>A parte superior tem um couro sint\u00e9tico e uma combina\u00e7\u00e3o de malha e TPU , que proporciona durabilidade, resist\u00eancia ao desgaste e respirabilidade. Estes sapatos de ciclismo de estrada incluem um sistema de atacadores com BOA L6 e uma tira de velcro , que \u00e9 muito f\u00e1cil de ajustar. A parte superior envolvente garante um ajuste confort\u00e1vel e excelente suporte.<\/p>\n<p>Sapatos leves de desempenho para estrada com S Phyre Dna.<\/p>\n<p>Dispomos de Shimano T\u00eanis Estrada RC502 em diversos modelos. Compre o produto na bikeinn e usufrue de todas as vantagens. Al\u00e9m disso, Shimano T\u00eanis Estrada RC502 disp\u00f5e da garantia oficial da marca Shimano. Poder\u00e1 ainda complementar o seu pedido com outro produto do nosso cat\u00e1logo Cal\u00e7ado homem, mais especificamente da categoria Sapatos de ciclismo.<\/p>\n","protected":false},"excerpt":{"rendered":"<p>As sapatilhas de estrada Shimano RC502 foram criadas para pedalar quil\u00f4metros em sua bicicleta de estrada e voc\u00ea pode ter todas as caracter\u00edsticas que os maiores motociclistas exigem: rigidez, durabilidade, estabilidade, efici\u00eancia, transfer\u00eancia de energia e ajuste personalizado . Estes sapatos de ciclismo s\u00e3o feitos com uma sola de carbono que parece r\u00edgida e uma&hellip;<\/p>\n","protected":false},"featured_media":1621,"comment_status":"open","ping_status":"closed","template":"","meta":[],"product_brand":[],"product_cat":[25,31,368],"product_tag":[],"class_list":{"0":"post-1617","1":"product","2":"type-product","3":"status-publish","4":"has-post-thumbnail","6":"product_cat-calcado","7":"product_cat-equipamento","8":"product_cat-shimano","9":"entry","10":"has-media","12":"first","13":"instock","14":"taxable","15":"shipping-taxable","16":"purchasable","17":"product-type-variable","18":"has-default-attributes"},"_links":{"self":[{"href":"https:\/\/ridextravel.com\/ridemybike\/wp-json\/wp\/v2\/product\/1617","targetHints":{"allow":["GET"]}}],"collection":[{"href":"https:\/\/ridextravel.com\/ridemybike\/wp-json\/wp\/v2\/product"}],"about":[{"href":"https:\/\/ridextravel.com\/ridemybike\/wp-json\/wp\/v2\/types\/product"}],"replies":[{"embeddable":true,"href":"https:\/\/ridextravel.com\/ridemybike\/wp-json\/wp\/v2\/comments?post=1617"}],"wp:featuredmedia":[{"embeddable":true,"href":"https:\/\/ridextravel.com\/ridemybike\/wp-json\/wp\/v2\/media\/1621"}],"wp:attachment":[{"href":"https:\/\/ridextravel.com\/ridemybike\/wp-json\/wp\/v2\/media?parent=1617"}],"wp:term":[{"taxonomy":"product_brand","embeddable":true,"href":"https:\/\/ridextravel.com\/ridemybike\/wp-json\/wp\/v2\/product_brand?post=1617"},{"taxonomy":"product_cat","embeddable":true,"href":"https:\/\/ridextravel.com\/ridemybike\/wp-json\/wp\/v2\/product_cat?post=1617"},{"taxonomy":"product_tag","embeddable":true,"href":"https:\/\/ridextravel.com\/ridemybike\/wp-json\/wp\/v2\/product_tag?post=1617"}],"curies":[{"name":"wp","href":"https:\/\/api.w.org\/{rel}","templated":true}]}}