{"id":1630,"date":"2022-06-01T17:10:47","date_gmt":"2022-06-01T17:10:47","guid":{"rendered":"https:\/\/ridextravel.com\/ridemybike\/?post_type=product&#038;p=1630"},"modified":"2025-12-09T16:23:50","modified_gmt":"2025-12-09T16:23:50","slug":"calcado-de-estrada-shimano-rc702","status":"publish","type":"product","link":"https:\/\/ridextravel.com\/ridemybike\/produto\/calcado-de-estrada-shimano-rc702\/","title":{"rendered":"Cal\u00e7ado de Estrada Shimano RC702"},"content":{"rendered":"<p>As sapatilhas de estrada Shimano RC702 foram concebidas para a pr\u00e1tica do ciclismo de estrada, pelo que est\u00e3o preparadas para lhe proporcionar uma maior transfer\u00eancia de energia, rigidez, flexibilidade, ajuste ideal e atacadores simples que se mant\u00eam est\u00e1veis durante a pedalada.<\/p>\n<p>Este t\u00eanis de ciclismo \u00e9 feito com uma sola de carbono que parece r\u00edgida e uma entressola com fibra de carbono sem costura para oferecer melhor estabilidade e leveza. Al\u00e9m disso, a tecnologia Shimano Dynalast favorece uma condu\u00e7\u00e3o sem esfor\u00e7o e promove uma maior transfer\u00eancia de pot\u00eancia.<\/p>\n<p>A parte superior tem uma pele sint\u00e9tica , que proporciona durabilidade e resist\u00eancia ao desgaste, e gra\u00e7as aos seus canais de ventila\u00e7\u00e3o, o p\u00e9 mant\u00e9m-se sempre seco. Estes sapatos de ciclismo de estrada incluem um sistema de atacadores com BOA L6 e Powerzone , que \u00e9 muito f\u00e1cil de ajustar com apenas um clique. A parte superior envolvente garante um ajuste confort\u00e1vel e excelente suporte.<\/p>\n<p>Sapatos de n\u00edvel de competi\u00e7\u00e3o de estrada com infus\u00e3o de S Phyre Dna.<\/p>\n<p>A entressola integrada e a constru\u00e7\u00e3o superior definem um novo n\u00edvel de ajuste, estabilidade e desempenho leve.<br \/>\nEstrutura superior envolvente envolvente reduz a sobreposi\u00e7\u00e3o e fornece um ajuste semelhante a uma luva.<br \/>\nA sola interm\u00e9dia oca ultra-r\u00edgida em carbono permite a ventila\u00e7\u00e3o eficiente do ar e a drenagem da \u00e1gua.<br \/>\nCouro sint\u00e9tico flex\u00edvel de alta densidade com perfura\u00e7\u00e3o e combina\u00e7\u00e3o leve de malha \/ TPU proporcionam ajuste e conforto superiores.<br \/>\nOs mostradores duplos independentes BOA\u00ae L6 permitem ajustes r\u00e1pidos de microtens\u00e3o.<br \/>\nGuia ajust\u00e1vel powerzone renda segura com seguran\u00e7a antep\u00e9.<br \/>\nSHIMANO DYNALAST promove uma pedalada mais suave e uma transfer\u00eancia de pot\u00eancia mais eficiente.<\/p>\n","protected":false},"excerpt":{"rendered":"<p>As sapatilhas de estrada Shimano RC702 foram concebidas para a pr\u00e1tica do ciclismo de estrada, pelo que est\u00e3o preparadas para lhe proporcionar uma maior transfer\u00eancia de energia, rigidez, flexibilidade, ajuste ideal e atacadores simples que se mant\u00eam est\u00e1veis durante a pedalada. Este t\u00eanis de ciclismo \u00e9 feito com uma sola de carbono que parece r\u00edgida&hellip;<\/p>\n","protected":false},"featured_media":1633,"comment_status":"open","ping_status":"closed","template":"","meta":[],"product_brand":[],"product_cat":[25,31,368],"product_tag":[],"class_list":{"0":"post-1630","1":"product","2":"type-product","3":"status-publish","4":"has-post-thumbnail","6":"product_cat-calcado","7":"product_cat-equipamento","8":"product_cat-shimano","9":"entry","10":"has-media","12":"first","13":"instock","14":"taxable","15":"shipping-taxable","16":"purchasable","17":"product-type-simple"},"_links":{"self":[{"href":"https:\/\/ridextravel.com\/ridemybike\/wp-json\/wp\/v2\/product\/1630","targetHints":{"allow":["GET"]}}],"collection":[{"href":"https:\/\/ridextravel.com\/ridemybike\/wp-json\/wp\/v2\/product"}],"about":[{"href":"https:\/\/ridextravel.com\/ridemybike\/wp-json\/wp\/v2\/types\/product"}],"replies":[{"embeddable":true,"href":"https:\/\/ridextravel.com\/ridemybike\/wp-json\/wp\/v2\/comments?post=1630"}],"wp:featuredmedia":[{"embeddable":true,"href":"https:\/\/ridextravel.com\/ridemybike\/wp-json\/wp\/v2\/media\/1633"}],"wp:attachment":[{"href":"https:\/\/ridextravel.com\/ridemybike\/wp-json\/wp\/v2\/media?parent=1630"}],"wp:term":[{"taxonomy":"product_brand","embeddable":true,"href":"https:\/\/ridextravel.com\/ridemybike\/wp-json\/wp\/v2\/product_brand?post=1630"},{"taxonomy":"product_cat","embeddable":true,"href":"https:\/\/ridextravel.com\/ridemybike\/wp-json\/wp\/v2\/product_cat?post=1630"},{"taxonomy":"product_tag","embeddable":true,"href":"https:\/\/ridextravel.com\/ridemybike\/wp-json\/wp\/v2\/product_tag?post=1630"}],"curies":[{"name":"wp","href":"https:\/\/api.w.org\/{rel}","templated":true}]}}