{"id":1634,"date":"2022-06-01T17:20:20","date_gmt":"2022-06-01T17:20:20","guid":{"rendered":"https:\/\/ridextravel.com\/ridemybike\/?post_type=product&#038;p=1634"},"modified":"2025-12-09T16:23:50","modified_gmt":"2025-12-09T16:23:50","slug":"calcado-de-estrada-s-phyre-rc902-vermelha","status":"publish","type":"product","link":"https:\/\/ridextravel.com\/ridemybike\/produto\/calcado-de-estrada-s-phyre-rc902-vermelha\/","title":{"rendered":"Cal\u00e7ado de Estrada s-phyre RC902 vermelha"},"content":{"rendered":"<p>O conforto n\u00e3o deve ser pensado depois. Como uma sapatilha se ajusta e como voc\u00ea se sente nela define seu desempenho. A S-PHYRE RC902 leva literalmente o ajuste a uma outra dimens\u00e3o, com seu novo cabedal envolvente 360\u00b0, zonas de funcionalidade espec\u00edfica, estabilizador antitor\u00e7\u00e3o e perfil DYNALAST refinado. Seu supremo ajuste de engenharia minimiza a perda de energia e maximiza a transfer\u00eancia de for\u00e7a, para um desempenho de n\u00edvel profissional que passa uma sensa\u00e7\u00e3o e funciona de forma diferente de qualquer coisa que voc\u00ea j\u00e1 tenha cal\u00e7ado.<\/p>\n<p>Cabedal Envolvente 360\u00b0 A EVOLU\u00c7\u00c3O DE UM AJUSTE DE ENGENHARIA<\/p>\n<p>Novidade nas sapatilhas SHIMANO, nosso novo cabedal envolvente 360\u00b0 encapsula o p\u00e9 em um casulo envolvente desde o cabedal at\u00e9 a sola exterior.<\/p>\n<p>Superamos v\u00e1rios obst\u00e1culos de materiais e engenharia para criar essa estrutura revolucion\u00e1ria, que proporciona um supremo ajuste de engenharia, estabilidade inigual\u00e1vel e desempenho leve para todos os ciclistas.<\/p>\n<p>ZONAS DE FUNCIONALIDADE ESPEC\u00cdFICA RIGIDEZ E FLEXIBILIDADE OTIMIZADAS<\/p>\n<p>A tela refor\u00e7ada e o couro microfibra do cabedal s\u00e3o dispostos e colocados em camadas em zonas de desempenho direcionado, para maximizar o ajuste, a flexibilidade, a rigidez e a respirabilidade.<\/p>\n<p>Foram necess\u00e1rias partes iguais de ci\u00eancia e arte para completar este quebra-cabe\u00e7a de engenharia.<\/p>\n<p>ESTABILIZADOR ANTITOR\u00c7\u00c3O ACELERANDO O DESEMPENHO<\/p>\n<p>O estabilizador antitor\u00e7\u00e3o \u00e9 constru\u00eddo para lidar com as intensas for\u00e7as de tor\u00e7\u00e3o causadas pela acelera\u00e7\u00e3o explosiva. Usamos estudos do movimento do p\u00e9 e visualiza\u00e7\u00f5es de pedalar para redesenhar a estrutura da sapatilha, de modo a suportar acelera\u00e7\u00f5es mais agressivas.<\/p>\n<p>PERFIL DYNALAST REFINADO AJUSTE SUPERIOR PARA TODOS OS CICLISTAS<\/p>\n<p>Quando voc\u00ea busca criar a melhor sapatilha de ciclismo poss\u00edvel, cada grau e cada mm importa. Novas rodadas de feedback de ciclistas nos ajudaram a reesculpir o formato da forma, para um ajuste mais confort\u00e1vel ao antep\u00e9.<\/p>\n","protected":false},"excerpt":{"rendered":"<p>O conforto n\u00e3o deve ser pensado depois. Como uma sapatilha se ajusta e como voc\u00ea se sente nela define seu desempenho. A S-PHYRE RC902 leva literalmente o ajuste a uma outra dimens\u00e3o, com seu novo cabedal envolvente 360\u00b0, zonas de funcionalidade espec\u00edfica, estabilizador antitor\u00e7\u00e3o e perfil DYNALAST refinado. Seu supremo ajuste de engenharia minimiza a&hellip;<\/p>\n","protected":false},"featured_media":1635,"comment_status":"open","ping_status":"closed","template":"","meta":[],"product_brand":[],"product_cat":[25,31,368],"product_tag":[],"class_list":{"0":"post-1634","1":"product","2":"type-product","3":"status-publish","4":"has-post-thumbnail","6":"product_cat-calcado","7":"product_cat-equipamento","8":"product_cat-shimano","9":"entry","10":"has-media","12":"first","13":"instock","14":"taxable","15":"shipping-taxable","16":"purchasable","17":"product-type-simple"},"_links":{"self":[{"href":"https:\/\/ridextravel.com\/ridemybike\/wp-json\/wp\/v2\/product\/1634","targetHints":{"allow":["GET"]}}],"collection":[{"href":"https:\/\/ridextravel.com\/ridemybike\/wp-json\/wp\/v2\/product"}],"about":[{"href":"https:\/\/ridextravel.com\/ridemybike\/wp-json\/wp\/v2\/types\/product"}],"replies":[{"embeddable":true,"href":"https:\/\/ridextravel.com\/ridemybike\/wp-json\/wp\/v2\/comments?post=1634"}],"wp:featuredmedia":[{"embeddable":true,"href":"https:\/\/ridextravel.com\/ridemybike\/wp-json\/wp\/v2\/media\/1635"}],"wp:attachment":[{"href":"https:\/\/ridextravel.com\/ridemybike\/wp-json\/wp\/v2\/media?parent=1634"}],"wp:term":[{"taxonomy":"product_brand","embeddable":true,"href":"https:\/\/ridextravel.com\/ridemybike\/wp-json\/wp\/v2\/product_brand?post=1634"},{"taxonomy":"product_cat","embeddable":true,"href":"https:\/\/ridextravel.com\/ridemybike\/wp-json\/wp\/v2\/product_cat?post=1634"},{"taxonomy":"product_tag","embeddable":true,"href":"https:\/\/ridextravel.com\/ridemybike\/wp-json\/wp\/v2\/product_tag?post=1634"}],"curies":[{"name":"wp","href":"https:\/\/api.w.org\/{rel}","templated":true}]}}