{"id":1638,"date":"2022-06-02T11:12:22","date_gmt":"2022-06-02T11:12:22","guid":{"rendered":"https:\/\/ridextravel.com\/ridemybike\/?post_type=product&#038;p=1638"},"modified":"2023-03-28T12:40:01","modified_gmt":"2023-03-28T12:40:01","slug":"calcado-de-estrada-shimano-rc7","status":"publish","type":"product","link":"https:\/\/ridextravel.com\/ridemybike\/produto\/calcado-de-estrada-shimano-rc7\/","title":{"rendered":"Cal\u00e7ado de Estrada SHIMANO RC7"},"content":{"rendered":"<p>A <strong>SHIMANO <\/strong>procura sempre equilibrar desempenhos e prazer de utiliza\u00e7\u00e3o, e estes Cal\u00e7ado de estrada RC7 de competi\u00e7\u00e3o s\u00e3o prova disso mesmo! Leves e aerodin\u00e2micos, n\u00e3o esquecem o conforto do p\u00e9.<\/p>\n<p>Este modelo foi fabricado segundo a tecnologia Dynalast que otimiza a transfer\u00eancia de energia para os pedais: reduz o ponto morto do p\u00e9 e as tens\u00f5es sobre a perna. Mais flex\u00edvel, o \u00e2ngulo de desloca\u00e7\u00e3o torna-se mais eficaz.<br \/>\nA sola em carbono, muito r\u00edgida, \u00e9 ligada sem costuras \u00e0 palmilha e \u00e0 g\u00e1spea, que exerce menos press\u00e3o sobre os seus tend\u00f5es e outras zonas sens\u00edveis. O design ergon\u00f3mico alivia os p\u00e9s, que demoram mais a ficar cansados.<\/p>\n<p>O ajuste com dois bot\u00f5es independentes Boa\u00ae L6, s\u00f3lido e preciso, tamb\u00e9m ajuda ao ajustar os sapatos perfeitamente \u00e0 sua morfologia. Poder\u00e1 desapert\u00e1-los com um clique! Quanto aos furos da g\u00e1spea, garantem uma excelente circula\u00e7\u00e3o do ar que mant\u00e9m o p\u00e9 fresco e seco durante todo o exerc\u00edcio. Tamb\u00e9m ter\u00e1 uma palmilha ergon\u00f3mica que se adapta \u00e0 sua ab\u00f3bada plantar e um estabilizador na zona do calcanhar.<\/p>\n","protected":false},"excerpt":{"rendered":"<p>A SHIMANO procura sempre equilibrar desempenhos e prazer de utiliza\u00e7\u00e3o, e estes Cal\u00e7ado de estrada RC7 de competi\u00e7\u00e3o s\u00e3o prova disso mesmo! Leves e aerodin\u00e2micos, n\u00e3o esquecem o conforto do p\u00e9. Este modelo foi fabricado segundo a tecnologia Dynalast que otimiza a transfer\u00eancia de energia para os pedais: reduz o ponto morto do p\u00e9 e&hellip;<\/p>\n","protected":false},"featured_media":1639,"comment_status":"open","ping_status":"closed","template":"","meta":[],"product_brand":[],"product_cat":[25,31,368],"product_tag":[],"class_list":{"0":"post-1638","1":"product","2":"type-product","3":"status-publish","4":"has-post-thumbnail","6":"product_cat-calcado","7":"product_cat-equipamento","8":"product_cat-shimano","9":"entry","10":"has-media","12":"first","13":"instock","14":"taxable","15":"shipping-taxable","16":"purchasable","17":"product-type-simple"},"_links":{"self":[{"href":"https:\/\/ridextravel.com\/ridemybike\/wp-json\/wp\/v2\/product\/1638","targetHints":{"allow":["GET"]}}],"collection":[{"href":"https:\/\/ridextravel.com\/ridemybike\/wp-json\/wp\/v2\/product"}],"about":[{"href":"https:\/\/ridextravel.com\/ridemybike\/wp-json\/wp\/v2\/types\/product"}],"replies":[{"embeddable":true,"href":"https:\/\/ridextravel.com\/ridemybike\/wp-json\/wp\/v2\/comments?post=1638"}],"wp:featuredmedia":[{"embeddable":true,"href":"https:\/\/ridextravel.com\/ridemybike\/wp-json\/wp\/v2\/media\/1639"}],"wp:attachment":[{"href":"https:\/\/ridextravel.com\/ridemybike\/wp-json\/wp\/v2\/media?parent=1638"}],"wp:term":[{"taxonomy":"product_brand","embeddable":true,"href":"https:\/\/ridextravel.com\/ridemybike\/wp-json\/wp\/v2\/product_brand?post=1638"},{"taxonomy":"product_cat","embeddable":true,"href":"https:\/\/ridextravel.com\/ridemybike\/wp-json\/wp\/v2\/product_cat?post=1638"},{"taxonomy":"product_tag","embeddable":true,"href":"https:\/\/ridextravel.com\/ridemybike\/wp-json\/wp\/v2\/product_tag?post=1638"}],"curies":[{"name":"wp","href":"https:\/\/api.w.org\/{rel}","templated":true}]}}