{"id":1657,"date":"2022-06-02T14:36:16","date_gmt":"2022-06-02T14:36:16","guid":{"rendered":"https:\/\/ridextravel.com\/ridemybike\/?post_type=product&#038;p=1657"},"modified":"2022-06-02T14:36:16","modified_gmt":"2022-06-02T14:36:16","slug":"sleeves-kaba-pitch-black","status":"publish","type":"product","link":"https:\/\/ridextravel.com\/ridemybike\/produto\/sleeves-kaba-pitch-black\/","title":{"rendered":"Sleeves kaba pitch black"},"content":{"rendered":"<p>Conceito<\/p>\n<p>Perfeito para aqueles dias em que a temperatura aumenta, pois permitem uma troca r\u00e1pida e requerem um espa\u00e7o m\u00ednimo de armazenamento.<\/p>\n<p>Proporcionam prote\u00e7\u00e3o e calor no tempo seco e ao mesmo tempo o tecido tem um tratamento imperme\u00e1vel proporcionando isolamento em chuva leve.<\/p>\n<p>Estrutura<\/p>\n<p>Tecido de pe\u00e7a \u00fanica com punho ergon\u00f4mico e costuras planas para evitar atrito.<\/p>\n<p>Tecidos<\/p>\n<p>Tecido t\u00e9rmico, respir\u00e1vel e imperme\u00e1vel.<\/p>\n<p>A banda de silicone superior oferece uma melhor ader\u00eancia ao redor do b\u00edceps.<\/p>\n<p>Detalhe refletivo no antebra\u00e7o.<\/p>\n<p>&nbsp;<\/p>\n","protected":false},"excerpt":{"rendered":"<p>Conceito Perfeito para aqueles dias em que a temperatura aumenta, pois permitem uma troca r\u00e1pida e requerem um espa\u00e7o m\u00ednimo de armazenamento. Proporcionam prote\u00e7\u00e3o e calor no tempo seco e ao mesmo tempo o tecido tem um tratamento imperme\u00e1vel proporcionando isolamento em chuva leve. Estrutura Tecido de pe\u00e7a \u00fanica com punho ergon\u00f4mico e costuras planas&hellip;<\/p>\n","protected":false},"featured_media":1659,"comment_status":"open","ping_status":"closed","template":"","meta":[],"product_brand":[],"product_cat":[31,64],"product_tag":[],"class_list":{"0":"post-1657","1":"product","2":"type-product","3":"status-publish","4":"has-post-thumbnail","6":"product_cat-equipamento","7":"product_cat-manguito","8":"entry","9":"has-media","11":"first","12":"instock","13":"taxable","14":"shipping-taxable","15":"purchasable","16":"product-type-simple"},"_links":{"self":[{"href":"https:\/\/ridextravel.com\/ridemybike\/wp-json\/wp\/v2\/product\/1657","targetHints":{"allow":["GET"]}}],"collection":[{"href":"https:\/\/ridextravel.com\/ridemybike\/wp-json\/wp\/v2\/product"}],"about":[{"href":"https:\/\/ridextravel.com\/ridemybike\/wp-json\/wp\/v2\/types\/product"}],"replies":[{"embeddable":true,"href":"https:\/\/ridextravel.com\/ridemybike\/wp-json\/wp\/v2\/comments?post=1657"}],"wp:featuredmedia":[{"embeddable":true,"href":"https:\/\/ridextravel.com\/ridemybike\/wp-json\/wp\/v2\/media\/1659"}],"wp:attachment":[{"href":"https:\/\/ridextravel.com\/ridemybike\/wp-json\/wp\/v2\/media?parent=1657"}],"wp:term":[{"taxonomy":"product_brand","embeddable":true,"href":"https:\/\/ridextravel.com\/ridemybike\/wp-json\/wp\/v2\/product_brand?post=1657"},{"taxonomy":"product_cat","embeddable":true,"href":"https:\/\/ridextravel.com\/ridemybike\/wp-json\/wp\/v2\/product_cat?post=1657"},{"taxonomy":"product_tag","embeddable":true,"href":"https:\/\/ridextravel.com\/ridemybike\/wp-json\/wp\/v2\/product_tag?post=1657"}],"curies":[{"name":"wp","href":"https:\/\/api.w.org\/{rel}","templated":true}]}}