{"id":1660,"date":"2022-06-02T14:50:13","date_gmt":"2022-06-02T14:50:13","guid":{"rendered":"https:\/\/ridextravel.com\/ridemybike\/?post_type=product&#038;p=1660"},"modified":"2022-06-02T15:10:40","modified_gmt":"2022-06-02T15:10:40","slug":"sleeves-haru-pitch-black","status":"publish","type":"product","link":"https:\/\/ridextravel.com\/ridemybike\/produto\/sleeves-haru-pitch-black\/","title":{"rendered":"Sleeves haru pitch black"},"content":{"rendered":"<p>Perfeito para aqueles dias em que a temperatura aumenta, pois permitem uma troca r\u00e1pida e requerem um espa\u00e7o m\u00ednimo de armazenamento.<\/p>\n<p>Estrutura<\/p>\n<p>Tecido de pe\u00e7a \u00fanica com punho ergon\u00f4mico e costuras planas para evitar atrito.<\/p>\n<p>Tecidos<\/p>\n<p>Tecido t\u00e9rmico leve de alta elasticidade. Proporcionando grande conforto e aconchego considerando seu baixo peso.<\/p>\n<p>A banda de silicone superior oferece uma melhor ader\u00eancia ao redor do b\u00edceps.<\/p>\n<p>Detalhe refletivo no antebra\u00e7o.<\/p>\n<p>&nbsp;<\/p>\n<p>&nbsp;<\/p>\n","protected":false},"excerpt":{"rendered":"<p>Perfeito para aqueles dias em que a temperatura aumenta, pois permitem uma troca r\u00e1pida e requerem um espa\u00e7o m\u00ednimo de armazenamento. Estrutura Tecido de pe\u00e7a \u00fanica com punho ergon\u00f4mico e costuras planas para evitar atrito. Tecidos Tecido t\u00e9rmico leve de alta elasticidade. Proporcionando grande conforto e aconchego considerando seu baixo peso. A banda de silicone&hellip;<\/p>\n","protected":false},"featured_media":1661,"comment_status":"open","ping_status":"closed","template":"","meta":[],"product_brand":[],"product_cat":[31,64],"product_tag":[],"class_list":{"0":"post-1660","1":"product","2":"type-product","3":"status-publish","4":"has-post-thumbnail","6":"product_cat-equipamento","7":"product_cat-manguito","8":"entry","9":"has-media","11":"first","12":"instock","13":"taxable","14":"shipping-taxable","15":"purchasable","16":"product-type-simple"},"_links":{"self":[{"href":"https:\/\/ridextravel.com\/ridemybike\/wp-json\/wp\/v2\/product\/1660","targetHints":{"allow":["GET"]}}],"collection":[{"href":"https:\/\/ridextravel.com\/ridemybike\/wp-json\/wp\/v2\/product"}],"about":[{"href":"https:\/\/ridextravel.com\/ridemybike\/wp-json\/wp\/v2\/types\/product"}],"replies":[{"embeddable":true,"href":"https:\/\/ridextravel.com\/ridemybike\/wp-json\/wp\/v2\/comments?post=1660"}],"wp:featuredmedia":[{"embeddable":true,"href":"https:\/\/ridextravel.com\/ridemybike\/wp-json\/wp\/v2\/media\/1661"}],"wp:attachment":[{"href":"https:\/\/ridextravel.com\/ridemybike\/wp-json\/wp\/v2\/media?parent=1660"}],"wp:term":[{"taxonomy":"product_brand","embeddable":true,"href":"https:\/\/ridextravel.com\/ridemybike\/wp-json\/wp\/v2\/product_brand?post=1660"},{"taxonomy":"product_cat","embeddable":true,"href":"https:\/\/ridextravel.com\/ridemybike\/wp-json\/wp\/v2\/product_cat?post=1660"},{"taxonomy":"product_tag","embeddable":true,"href":"https:\/\/ridextravel.com\/ridemybike\/wp-json\/wp\/v2\/product_tag?post=1660"}],"curies":[{"name":"wp","href":"https:\/\/api.w.org\/{rel}","templated":true}]}}