{"id":1665,"date":"2022-06-02T15:37:28","date_gmt":"2022-06-02T15:37:28","guid":{"rendered":"https:\/\/ridextravel.com\/ridemybike\/?post_type=product&#038;p=1665"},"modified":"2022-06-02T15:46:46","modified_gmt":"2022-06-02T15:46:46","slug":"manguito-gobik-rain-lab-black","status":"publish","type":"product","link":"https:\/\/ridextravel.com\/ridemybike\/produto\/manguito-gobik-rain-lab-black\/","title":{"rendered":"Manguito gobik rain lab &#8211; black"},"content":{"rendered":"<p>Os manguitos de ciclismo RAIN LAB s\u00e3o um complemento perfeito para o maillot que protege o frio nos dias inest\u00e1veis \u200b\u200bda primavera e do outono.<\/p>\n<p>Com os manguitos RAIN LAB, adem\u00e1s, podr\u00e1s disfrutar dos dias de lluvia gracias a sua membrana imperme\u00e1vel e altamente transpir\u00e1vel. Combinado com o maillot Storm e o culotte Storm para umas presta\u00e7\u00f5es excepcionais.<\/p>\n<p>Tejidos THERMOREC RAINLAB<\/p>\n<p>Cinta el\u00e1stica Silicona 25 mm<br \/>\nSe voc\u00ea quer manter sua prenda GOBIK em condi\u00e7\u00f5es perfeitas, siga os seguintes conselhos:<\/p>\n<p>Lavar com \u00e1gua fria.<br \/>\nN\u00e3o dejar la prenda en remojo.<br \/>\nNo retorcer la prenda para escurrirla.<br \/>\nUtilizar neutros e n\u00e3o utilizar detergentes.<br \/>\nSecar la prenda al rev\u00e9s y a la sombra.<br \/>\nSem planchar. N\u00e3o lave em seco.<br \/>\nEl roce de la cremallera, velcros, accesorios, conciertos tejidos pode ocasionar um efeito peeling durante o uso ou lavado, o cual n\u00e3o \u00e9 considerado como tara ou defeito de tejido.<\/p>\n<p>&nbsp;<\/p>\n","protected":false},"excerpt":{"rendered":"<p>Os manguitos de ciclismo RAIN LAB s\u00e3o um complemento perfeito para o maillot que protege o frio nos dias inest\u00e1veis \u200b\u200bda primavera e do outono. Com os manguitos RAIN LAB, adem\u00e1s, podr\u00e1s disfrutar dos dias de lluvia gracias a sua membrana imperme\u00e1vel e altamente transpir\u00e1vel. Combinado com o maillot Storm e o culotte Storm para&hellip;<\/p>\n","protected":false},"featured_media":1671,"comment_status":"open","ping_status":"closed","template":"","meta":[],"product_brand":[],"product_cat":[31,64],"product_tag":[],"class_list":{"0":"post-1665","1":"product","2":"type-product","3":"status-publish","4":"has-post-thumbnail","6":"product_cat-equipamento","7":"product_cat-manguito","8":"entry","9":"has-media","11":"first","12":"instock","13":"taxable","14":"shipping-taxable","15":"purchasable","16":"product-type-simple"},"_links":{"self":[{"href":"https:\/\/ridextravel.com\/ridemybike\/wp-json\/wp\/v2\/product\/1665","targetHints":{"allow":["GET"]}}],"collection":[{"href":"https:\/\/ridextravel.com\/ridemybike\/wp-json\/wp\/v2\/product"}],"about":[{"href":"https:\/\/ridextravel.com\/ridemybike\/wp-json\/wp\/v2\/types\/product"}],"replies":[{"embeddable":true,"href":"https:\/\/ridextravel.com\/ridemybike\/wp-json\/wp\/v2\/comments?post=1665"}],"wp:featuredmedia":[{"embeddable":true,"href":"https:\/\/ridextravel.com\/ridemybike\/wp-json\/wp\/v2\/media\/1671"}],"wp:attachment":[{"href":"https:\/\/ridextravel.com\/ridemybike\/wp-json\/wp\/v2\/media?parent=1665"}],"wp:term":[{"taxonomy":"product_brand","embeddable":true,"href":"https:\/\/ridextravel.com\/ridemybike\/wp-json\/wp\/v2\/product_brand?post=1665"},{"taxonomy":"product_cat","embeddable":true,"href":"https:\/\/ridextravel.com\/ridemybike\/wp-json\/wp\/v2\/product_cat?post=1665"},{"taxonomy":"product_tag","embeddable":true,"href":"https:\/\/ridextravel.com\/ridemybike\/wp-json\/wp\/v2\/product_tag?post=1665"}],"curies":[{"name":"wp","href":"https:\/\/api.w.org\/{rel}","templated":true}]}}