{"id":1668,"date":"2022-06-02T15:46:09","date_gmt":"2022-06-02T15:46:09","guid":{"rendered":"https:\/\/ridextravel.com\/ridemybike\/?post_type=product&#038;p=1668"},"modified":"2022-06-02T15:46:09","modified_gmt":"2022-06-02T15:46:09","slug":"knee-pads-haru-pith-black","status":"publish","type":"product","link":"https:\/\/ridextravel.com\/ridemybike\/produto\/knee-pads-haru-pith-black\/","title":{"rendered":"Knee pads haru pith black"},"content":{"rendered":"<p>Eles estendem o uso do bibshort por tr\u00eas temporadas.<\/p>\n<p>Perfeito para aqueles dias em que a temperatura aumenta, pois permitem uma troca r\u00e1pida e requerem um espa\u00e7o m\u00ednimo de armazenamento.<\/p>\n<p>Estrutura<\/p>\n<p>Tecido de duas pe\u00e7as com punhos ergon\u00f4micos para um ajuste confort\u00e1vel e costuras planas para evitar atrito.<\/p>\n<p>Tecidos<\/p>\n<p>Tecido t\u00e9rmico leve de alta elasticidade. Proporcionando grande conforto e aconchego considerando seu baixo peso.<\/p>\n<p>A banda superior de silicone oferece uma melhor ader\u00eancia ao redor da coxa.<\/p>\n<p>Detalhe refletivo no joelho.<\/p>\n<p>&nbsp;<\/p>\n","protected":false},"excerpt":{"rendered":"<p>Eles estendem o uso do bibshort por tr\u00eas temporadas. Perfeito para aqueles dias em que a temperatura aumenta, pois permitem uma troca r\u00e1pida e requerem um espa\u00e7o m\u00ednimo de armazenamento. Estrutura Tecido de duas pe\u00e7as com punhos ergon\u00f4micos para um ajuste confort\u00e1vel e costuras planas para evitar atrito. Tecidos Tecido t\u00e9rmico leve de alta elasticidade.&hellip;<\/p>\n","protected":false},"featured_media":1672,"comment_status":"open","ping_status":"closed","template":"","meta":[],"product_brand":[],"product_cat":[31,63],"product_tag":[],"class_list":{"0":"post-1668","1":"product","2":"type-product","3":"status-publish","4":"has-post-thumbnail","6":"product_cat-equipamento","7":"product_cat-pernitos","8":"entry","9":"has-media","11":"first","12":"instock","13":"taxable","14":"shipping-taxable","15":"purchasable","16":"product-type-simple"},"_links":{"self":[{"href":"https:\/\/ridextravel.com\/ridemybike\/wp-json\/wp\/v2\/product\/1668","targetHints":{"allow":["GET"]}}],"collection":[{"href":"https:\/\/ridextravel.com\/ridemybike\/wp-json\/wp\/v2\/product"}],"about":[{"href":"https:\/\/ridextravel.com\/ridemybike\/wp-json\/wp\/v2\/types\/product"}],"replies":[{"embeddable":true,"href":"https:\/\/ridextravel.com\/ridemybike\/wp-json\/wp\/v2\/comments?post=1668"}],"wp:featuredmedia":[{"embeddable":true,"href":"https:\/\/ridextravel.com\/ridemybike\/wp-json\/wp\/v2\/media\/1672"}],"wp:attachment":[{"href":"https:\/\/ridextravel.com\/ridemybike\/wp-json\/wp\/v2\/media?parent=1668"}],"wp:term":[{"taxonomy":"product_brand","embeddable":true,"href":"https:\/\/ridextravel.com\/ridemybike\/wp-json\/wp\/v2\/product_brand?post=1668"},{"taxonomy":"product_cat","embeddable":true,"href":"https:\/\/ridextravel.com\/ridemybike\/wp-json\/wp\/v2\/product_cat?post=1668"},{"taxonomy":"product_tag","embeddable":true,"href":"https:\/\/ridextravel.com\/ridemybike\/wp-json\/wp\/v2\/product_tag?post=1668"}],"curies":[{"name":"wp","href":"https:\/\/api.w.org\/{rel}","templated":true}]}}